{"id":7053,"date":"2021-04-22T17:32:01","date_gmt":"2021-04-22T15:32:01","guid":{"rendered":"http:\/\/localhost\/meg\/shareblog\/?page_id=7053"},"modified":"2024-04-12T15:05:19","modified_gmt":"2024-04-12T13:05:19","slug":"kontakt","status":"publish","type":"page","link":"https:\/\/petmark.ba\/magazin\/kontakt\/","title":{"rendered":"Kontakt"},"content":{"rendered":"\t\t<div data-elementor-type=\"wp-page\" data-elementor-id=\"7053\" class=\"elementor elementor-7053\">\n\t\t\t\t\t\t<section class=\"elementor-section elementor-top-section elementor-element elementor-element-44c23b4e elementor-section-full_width elementor-section-height-min-height elementor-section-content-middle elementor-section-height-default elementor-section-items-middle\" data-id=\"44c23b4e\" data-element_type=\"section\" data-e-type=\"section\" data-settings=\"{&quot;background_background&quot;:&quot;classic&quot;}\">\n\t\t\t\t\t\t\t<div class=\"elementor-background-overlay\"><\/div>\n\t\t\t\t\t\t\t<div class=\"elementor-container elementor-column-gap-no\">\n\t\t\t\t\t<div class=\"elementor-column elementor-col-100 elementor-top-column elementor-element elementor-element-76576dba\" data-id=\"76576dba\" data-element_type=\"column\" data-e-type=\"column\">\n\t\t\t<div class=\"elementor-widget-wrap elementor-element-populated\">\n\t\t\t\t\t\t<div class=\"elementor-element elementor-element-59730f05 elementor-widget elementor-widget-wesper-section-title\" data-id=\"59730f05\" data-element_type=\"widget\" data-e-type=\"widget\" data-widget_type=\"wesper-section-title.default\">\n\t\t\t\t<div class=\"elementor-widget-container\">\n\t\t\t\t\t          <div class=\"jlcus_sec_title jl_sec_style8 jl_secf_title  no \">\n            <div class=\"jlcus_sect_inner\">\n                                    <h2 class=\"jl-heading-text\">            \n                        <span>\n                                                            Kontakt                                                    <\/span>            \n                  <\/h2>\n                                    \n                              <\/div>                    \n                      <\/div>                    \n    \t\t\t\t<\/div>\n\t\t\t\t<\/div>\n\t\t\t\t\t<\/div>\n\t\t<\/div>\n\t\t\t\t\t<\/div>\n\t\t<\/section>\n\t\t\t\t<section class=\"elementor-section elementor-top-section elementor-element elementor-element-7ab05136 elementor-section-boxed elementor-section-height-default elementor-section-height-default\" data-id=\"7ab05136\" data-element_type=\"section\" data-e-type=\"section\">\n\t\t\t\t\t\t<div class=\"elementor-container elementor-column-gap-no\">\n\t\t\t\t\t<div class=\"elementor-column elementor-col-50 elementor-top-column elementor-element elementor-element-486612\" data-id=\"486612\" data-element_type=\"column\" data-e-type=\"column\">\n\t\t\t<div class=\"elementor-widget-wrap elementor-element-populated\">\n\t\t\t\t\t\t<div class=\"elementor-element elementor-element-453876c2 elementor-widget elementor-widget-wesper-section-title\" data-id=\"453876c2\" data-element_type=\"widget\" data-e-type=\"widget\" data-widget_type=\"wesper-section-title.default\">\n\t\t\t\t<div class=\"elementor-widget-container\">\n\t\t\t\t\t          <div class=\"jlcus_sec_title jl_sec_style8 jl_secf_title  no \">\n            <div class=\"jlcus_sect_inner\">\n                                    <h2 class=\"jl-heading-text\">            \n                        <span>\n                                                            Imate pitanje?                                                    <\/span>            \n                  <\/h2>\n                                    \n                              <\/div>                    \n                      <\/div>                    \n    \t\t\t\t<\/div>\n\t\t\t\t<\/div>\n\t\t\t\t<div class=\"elementor-element elementor-element-4c677fb1 elementor-widget elementor-widget-wesper-section-title\" data-id=\"4c677fb1\" data-element_type=\"widget\" data-e-type=\"widget\" data-widget_type=\"wesper-section-title.default\">\n\t\t\t\t<div class=\"elementor-widget-container\">\n\t\t\t\t\t          <div class=\"jlcus_sec_title jl_sec_style8 jl_secf_cus  no \">\n            <div class=\"jlcus_sect_inner\">\n                                    <p class=\"jl-heading-text\">            \n                        <span>\n                                                            Dobrodo\u0161li na Petamark magazin! Ukoliko \u017eelite da nas kontaktirate radi pitanja, sugestija, saradnje ili bilo koje druge informacije, ovo je pravo mjesto. Na\u0161a vrata su uvijek otvorena za komunikaciju s na\u0161im \u010ditateljima, partnerima i svima koji su zainteresovani za ku\u0107ne ljubimce.  Za sve novinarske upite, intervjue, ili informacije o redakciji i na\u0161em radu, slobodno nas kontaktirajte putem e-maila ili kontakt forme. Na\u0161 tim stoji vam na raspolaganju.  Tako\u0111e, ukoliko \u017eelite da podijelite va\u0161e pri\u010de o ljubimcima, fotografije, ili iskustva s nama, pozivamo vas da nas kontaktirate. Va\u0161i doprinosi su dragocjeni i \u017eelimo ih \u010duti!  Pored toga, ukoliko imate bilo kakve primjedbe, sugestije ili pohvale o sadr\u017eaju na\u0161eg magazina, molimo vas da nam se obratite. Va\u0161e mi\u0161ljenje nam je va\u017eno i trudimo se da svakodnevno unapre\u0111ujemo kvalitet sadr\u017eaja za na\u0161e \u010ditatelje. Radujemo se va\u0161im porukama i odgovorit \u0107emo vam u najkra\u0107em mogu\u0107em roku. Va\u0161 Petmark magazin tim.                                                    <\/span>            \n                  <\/p>\n                                    \n                              <\/div>                    \n                      <\/div>                    \n    \t\t\t\t<\/div>\n\t\t\t\t<\/div>\n\t\t\t\t<div class=\"elementor-element elementor-element-f3065de elementor-widget elementor-widget-wesper-section-title\" data-id=\"f3065de\" data-element_type=\"widget\" data-e-type=\"widget\" data-widget_type=\"wesper-section-title.default\">\n\t\t\t\t<div class=\"elementor-widget-container\">\n\t\t\t\t\t          <div class=\"jlcus_sec_title jl_sec_style8 jl_secf_title  no \">\n            <div class=\"jlcus_sect_inner\">\n                                    <h2 class=\"jl-heading-text\">            \n                        <span>\n                                                            Email adresa                                                    <\/span>            \n                  <\/h2>\n                                    \n                              <\/div>                    \n                      <\/div>                    \n    \t\t\t\t<\/div>\n\t\t\t\t<\/div>\n\t\t\t\t<div class=\"elementor-element elementor-element-2940ffd1 elementor-widget elementor-widget-wesper-section-title\" data-id=\"2940ffd1\" data-element_type=\"widget\" data-e-type=\"widget\" data-widget_type=\"wesper-section-title.default\">\n\t\t\t\t<div class=\"elementor-widget-container\">\n\t\t\t\t\t          <div class=\"jlcus_sec_title jl_sec_style8 jl_secf_body  no \">\n            <div class=\"jlcus_sect_inner\">\n                                    <p class=\"jl-heading-text\">            \n                        <span>\n                                                            magazin@petmark.ba                                                    <\/span>            \n                  <\/p>\n                                    \n                              <\/div>                    \n                      <\/div>                    \n    \t\t\t\t<\/div>\n\t\t\t\t<\/div>\n\t\t\t\t\t<\/div>\n\t\t<\/div>\n\t\t\t\t<div class=\"elementor-column elementor-col-50 elementor-top-column elementor-element elementor-element-4b9a9234\" data-id=\"4b9a9234\" data-element_type=\"column\" data-e-type=\"column\">\n\t\t\t<div class=\"elementor-widget-wrap elementor-element-populated\">\n\t\t\t\t\t\t<div class=\"elementor-element elementor-element-7bfed9f6 elementor-widget elementor-widget-wp-widget-wesper_c7\" data-id=\"7bfed9f6\" data-element_type=\"widget\" data-e-type=\"widget\" data-widget_type=\"wp-widget-wesper_c7.default\">\n\t\t\t\t<div class=\"elementor-widget-container\">\n\t\t\t\t\t<div class=\"widget_jl_wrapper jl-cf7-wrapper\">\r\n        <div class=\"jl-contact-form-7\">\r\n\t\t\n<div class=\"wpcf7 no-js\" id=\"wpcf7-f6757-o1\" lang=\"en-US\" dir=\"ltr\" data-wpcf7-id=\"6757\">\n<div class=\"screen-reader-response\"><p role=\"status\" aria-live=\"polite\" aria-atomic=\"true\"><\/p> <ul><\/ul><\/div>\n<form action=\"\/magazin\/wp-json\/wp\/v2\/pages\/7053#wpcf7-f6757-o1\" method=\"post\" class=\"wpcf7-form init\" aria-label=\"Contact form\" novalidate=\"novalidate\" data-status=\"init\">\n<fieldset class=\"hidden-fields-container\"><input type=\"hidden\" name=\"_wpcf7\" value=\"6757\" \/><input type=\"hidden\" name=\"_wpcf7_version\" value=\"6.1.5\" \/><input type=\"hidden\" name=\"_wpcf7_locale\" value=\"en_US\" \/><input type=\"hidden\" name=\"_wpcf7_unit_tag\" value=\"wpcf7-f6757-o1\" \/><input type=\"hidden\" name=\"_wpcf7_container_post\" value=\"0\" \/><input type=\"hidden\" name=\"_wpcf7_posted_data_hash\" value=\"\" \/>\n<\/fieldset>\n<span class=\"wpcf7-form-control-wrap\" data-name=\"your-name\"><input size=\"40\" maxlength=\"400\" class=\"wpcf7-form-control wpcf7-text wpcf7-validates-as-required\" aria-required=\"true\" aria-invalid=\"false\" placeholder=\"Enter Name\" value=\"\" type=\"text\" name=\"your-name\" \/><\/span>\n<span class=\"wpcf7-form-control-wrap\" data-name=\"your-email\"><input size=\"40\" maxlength=\"400\" class=\"wpcf7-form-control wpcf7-email wpcf7-validates-as-required wpcf7-text wpcf7-validates-as-email\" aria-required=\"true\" aria-invalid=\"false\" placeholder=\"Enter E-mail\" value=\"\" type=\"email\" name=\"your-email\" \/><\/span>\n<span class=\"wpcf7-form-control-wrap\" data-name=\"your-message\"><textarea cols=\"40\" rows=\"10\" maxlength=\"2000\" class=\"wpcf7-form-control wpcf7-textarea\" aria-invalid=\"false\" placeholder=\"Your message (optional)\" name=\"your-message\"><\/textarea><\/span>\n<input class=\"wpcf7-form-control wpcf7-submit has-spinner\" type=\"submit\" value=\"Contact Us\" \/><div class=\"wpcf7-response-output\" aria-hidden=\"true\"><\/div>\n<\/form>\n<\/div>\n\t<\/div>\r\n    <\/div>\t\t\t\t<\/div>\n\t\t\t\t<\/div>\n\t\t\t\t\t<\/div>\n\t\t<\/div>\n\t\t\t\t\t<\/div>\n\t\t<\/section>\n\t\t\t\t<\/div>\n\t\t","protected":false},"excerpt":{"rendered":"<p>Kontakt Imate pitanje? Dobrodo\u0161li na Petamark magazin! Ukoliko \u017eelite da nas kontaktirate radi pitanja, sugestija, saradnje ili bilo koje druge informacije, ovo je pravo mjesto. Na\u0161a vrata su uvijek otvorena za komunikaciju s na\u0161im \u010ditateljima, partnerima i svima koji su zainteresovani za ku\u0107ne ljubimce. Za sve novinarske upite, intervjue, ili informacije o redakciji i na\u0161em [&hellip;]<\/p>\n","protected":false},"author":1,"featured_media":0,"parent":0,"menu_order":0,"comment_status":"closed","ping_status":"closed","template":"home-page-builder.php","meta":{"slim_seo":{"title":"Kontakt - Petmark Magazin","description":"Kontakt Imate pitanje? Dobrodo\u0161li na Petamark magazin! Ukoliko \u017eelite da nas kontaktirate radi pitanja, sugestija, saradnje ili bilo koje druge informacije, ovo"},"footnotes":""},"class_list":["post-7053","page","type-page","status-publish","hentry"],"jetpack_sharing_enabled":true,"_links":{"self":[{"href":"https:\/\/petmark.ba\/magazin\/wp-json\/wp\/v2\/pages\/7053","targetHints":{"allow":["GET"]}}],"collection":[{"href":"https:\/\/petmark.ba\/magazin\/wp-json\/wp\/v2\/pages"}],"about":[{"href":"https:\/\/petmark.ba\/magazin\/wp-json\/wp\/v2\/types\/page"}],"author":[{"embeddable":true,"href":"https:\/\/petmark.ba\/magazin\/wp-json\/wp\/v2\/users\/1"}],"replies":[{"embeddable":true,"href":"https:\/\/petmark.ba\/magazin\/wp-json\/wp\/v2\/comments?post=7053"}],"version-history":[{"count":7,"href":"https:\/\/petmark.ba\/magazin\/wp-json\/wp\/v2\/pages\/7053\/revisions"}],"predecessor-version":[{"id":14433,"href":"https:\/\/petmark.ba\/magazin\/wp-json\/wp\/v2\/pages\/7053\/revisions\/14433"}],"wp:attachment":[{"href":"https:\/\/petmark.ba\/magazin\/wp-json\/wp\/v2\/media?parent=7053"}],"curies":[{"name":"wp","href":"https:\/\/api.w.org\/{rel}","templated":true}]}}