{"id":987912,"date":"2024-03-30T10:34:56","date_gmt":"2024-03-30T10:34:56","guid":{"rendered":"https:\/\/petmark.ba\/shop\/?post_type=product&#038;p=987912"},"modified":"2024-04-15T11:16:20","modified_gmt":"2024-04-15T10:16:20","slug":"pettime-sapun-za-pse","status":"publish","type":"product","link":"https:\/\/petmark.ba\/shop\/proizvod\/pettime-sapun-za-pse\/","title":{"rendered":"PetTime sapun za pse"},"content":{"rendered":"<div class=\"vgblk-rw-wrapper limit-wrapper\">\n<div class=\"product__description\">\n<p>PetTime sapun za pse sa kratkom dlakom\u00a0je ru\u010dno ra\u0111eni blagi sapun koji \u010duva sjetljivu pH vrijednost njihove ko\u017ee, te ne izaziva iritaciju i svrab.<\/p>\n<p>PetTime sapun za pse sa dugom dlakom\u00a0je ru\u010dno ra\u0111eni blagi sapun koji osvje\u017eava dlaku i poma\u017ee pri i\u0161\u010de\u0161ljavanju. Ne izaziva iritacije i svrab, i \u0161titi osjeteljivu pH vrijednost ko\u017ee Va\u0161eg ljubimca.<\/p>\n<p>Sastav:\u00a0saponifikovano maslinovo, kokosovo i palmino ulje, ri\u017eino ulje, ricinusovo ulje, laneno ulje, koloidna zob, eteri\u010dno ulje lavande.<\/p>\n<\/div>\n<div class=\"product__variants\">\n<div class=\"product__variant\"><\/div>\n<\/div>\n<\/div>\n<p><!-- .vgblk-rw-wrapper --><\/p>\n","protected":false},"excerpt":{"rendered":"<div class=\"product__description\">PetTime sapun za pse sa dugom i kratkom dlakom<\/div>\n<div class=\"product__variants\">\n<div class=\"product__variant\"><\/div>\n<\/div>\n","protected":false},"featured_media":987974,"comment_status":"open","ping_status":"closed","template":"","meta":[],"product_brand":[],"product_cat":[271,272],"product_tag":[],"class_list":{"0":"post-987912","1":"product","2":"type-product","3":"status-publish","4":"has-post-thumbnail","6":"product_cat-higijena-i-kozmetika-za-pse","7":"product_cat-sapuni-za-pse","9":"first","10":"instock","11":"shipping-taxable","12":"purchasable","13":"product-type-simple"},"jetpack_sharing_enabled":true,"_links":{"self":[{"href":"https:\/\/petmark.ba\/shop\/wp-json\/wp\/v2\/product\/987912","targetHints":{"allow":["GET"]}}],"collection":[{"href":"https:\/\/petmark.ba\/shop\/wp-json\/wp\/v2\/product"}],"about":[{"href":"https:\/\/petmark.ba\/shop\/wp-json\/wp\/v2\/types\/product"}],"replies":[{"embeddable":true,"href":"https:\/\/petmark.ba\/shop\/wp-json\/wp\/v2\/comments?post=987912"}],"version-history":[{"count":2,"href":"https:\/\/petmark.ba\/shop\/wp-json\/wp\/v2\/product\/987912\/revisions"}],"predecessor-version":[{"id":988434,"href":"https:\/\/petmark.ba\/shop\/wp-json\/wp\/v2\/product\/987912\/revisions\/988434"}],"wp:featuredmedia":[{"embeddable":true,"href":"https:\/\/petmark.ba\/shop\/wp-json\/wp\/v2\/media\/987974"}],"wp:attachment":[{"href":"https:\/\/petmark.ba\/shop\/wp-json\/wp\/v2\/media?parent=987912"}],"wp:term":[{"taxonomy":"product_brand","embeddable":true,"href":"https:\/\/petmark.ba\/shop\/wp-json\/wp\/v2\/product_brand?post=987912"},{"taxonomy":"product_cat","embeddable":true,"href":"https:\/\/petmark.ba\/shop\/wp-json\/wp\/v2\/product_cat?post=987912"},{"taxonomy":"product_tag","embeddable":true,"href":"https:\/\/petmark.ba\/shop\/wp-json\/wp\/v2\/product_tag?post=987912"}],"curies":[{"name":"wp","href":"https:\/\/api.w.org\/{rel}","templated":true}]}}