{"id":987914,"date":"2024-03-30T10:34:56","date_gmt":"2024-03-30T10:34:56","guid":{"rendered":"https:\/\/petmark.ba\/shop\/?post_type=product&#038;p=987914"},"modified":"2024-04-15T12:48:50","modified_gmt":"2024-04-15T11:48:50","slug":"beepaw-balzam-za-sape","status":"publish","type":"product","link":"https:\/\/petmark.ba\/shop\/proizvod\/beepaw-balzam-za-sape\/","title":{"rendered":"BeePaw balzam za \u0161ape"},"content":{"rendered":"<div class=\"vgblk-rw-wrapper limit-wrapper\">\n<h3>Balzam za \u0161ape izra\u0111en od prirodnih sastojaka koji \u0161titi i hrani \u0161ape na\u0161ih ljubimaca od vru\u0107eg asfalta, leda i drugih vanjskih faktora kojima su izlo\u017eeni.<\/h3>\n<p>BeePaw je balzam namijenjen za na\u0161e \u010detverono\u017ene, \u010dupave prijatelje. Ma\u017eemo sapice i njuskicu kako bi bile mekane, njegovane i otporne na vanjske faktore poput vrelog asfalta, pijeska i leda. \u0160etnja je obavezna u ranim jutarnjim satima ili nave\u010der kada sunce zalazi. Nano\u0161enje BeePaw balzam za \u0161ape za\u0161titit \u0107e ih i odr\u017eavati ih mekima. Mekane \u0161ape su manje sklone pucanju i suho\u0107i, dok je suha \u0161apa podlo\u017enija opekotinama.<\/p>\n<p>Osim \u0161to \u0107e im pru\u017eiti za\u0161titni sloj, balzam za \u0161ape djeluje antibakterijski i sprje\u010davaju razvoj gljivica. Kao i svi na\u0161i proizvodi u svom sastavu krije shea puter, p\u010delinji vosak, kokosovo ulje.<\/p>\n<p>NJEGA \u0160APICA ZIMI<\/p>\n<p>Prije izlaska van dobro je namazati jastu\u010di\u0107e koriste\u0107i balzam za \u0161ape jer na taj na\u010din ih \u0161titimo od ozeblina i od nastajanja ranica izazvanih solju koja se posipa po na\u0161im cestama za vrijeme poledica. Poslije svake \u0161etnje preporu\u010dljivo je \u0161apice oprati toplom vodom, ali isto tako od velike je va\u017enosti poslije pranja \u0161ape dobro osu\u0161iti, jer u protivnom vlaga u tom podru\u010dju predstavlja pogodni medij za razvoj gljivica. S obzirom da je to jedan od najosjetljivijih dijelova tijela, preporu\u010dljivo je kod bilo kakvih pote\u0161ko\u0107a u kretanju obratiti pozornost na podru\u010dja izme\u0111u prstiju, te na podru\u010dje jastu\u010di\u0107a, jer upravo na tim djelovima se zadr\u017eavaju strana tijela koja mehani\u010dki o\u0161te\u0107uju \u0161ape i meku\u0161i.<\/p>\n<p>NJEGA \u0160APICA LJETI<\/p>\n<p>Sunce je u stanju da zagrije podlogu, posebno asfalt i do 70 stepeni. Tako ekstremna temperatura mo\u017ee veoma lo\u0161e uticati na ko\u017ene jastu\u010di\u0107e na \u0161apama ljubimaca. Osim \u0161to stvara opekotine, visoka temperatura isu\u0161uje ko\u017eu na \u0161apama, koja postaje gruba i puca. Pukotine na \u0161apama su bolne i ta mesta su idealna za razvoj bakterija i infekcije. Postoji jo\u0161 jedna opasnost koja mo\u017ee da uti\u010de na pogor\u0161anje stanja \u0161apica. Budu\u0107i da je asfalt derivat nafte, na visokim temperaturama ispu\u0161ta supstance koje nepovoljno uti\u010du na ko\u017eu ljubimaca.<br \/>\n\u0160ape ljubimca mo\u017eete za\u0161tititi mazanjem BeePaw balzam za \u0161ape, ali ako imate izbor \u2013 izbegavajte \u0161etnje po asfaltu i dugotrajno izlaganje suncu.<\/p>\n<p>TIP: Balzam mo\u017eete nanositi i na nju\u0161kicu va\u0161eg ljubimca.<\/p>\n<p>P.S. Pazite da BeePaw balzam za \u0161ape va\u0161i ljubimci ne zamijene sa obrokom.<\/p><\/div>\n<p><!-- .vgblk-rw-wrapper --><\/p>\n","protected":false},"excerpt":{"rendered":"<h3>Balzam za \u0161ape izra\u0111en od prirodnih sastojaka koji \u0161titi i hrani \u0161ape na\u0161ih ljubimaca od vru\u0107eg asfalta, leda i drugih vanjskih faktora kojima su izlo\u017eeni.<\/h3>\n<p>BeePaw je balzam namijenjen za na\u0161e \u010detverono\u017ene, \u010dupave prijatelje. Ma\u017eemo sapice i njuskicu kako bi bile mekane, njegovane i otporne na vanjske faktore poput vrelog asfalta, pijeska i leda. \u0160etnja je obavezna u ranim jutarnjim satima ili nave\u010der kada sunce zalazi. Nano\u0161enje BeePaw balzam za \u0161ape za\u0161titit \u0107e ih i odr\u017eavati ih mekima. Mekane \u0161ape su manje sklone pucanju i suho\u0107i, dok je suha \u0161apa podlo\u017enija opekotinama.<\/p>\n<p>Osim \u0161to \u0107e im pru\u017eiti za\u0161titni sloj, balzam za \u0161ape djeluje antibakterijski i sprje\u010davaju razvoj gljivica. Kao i svi na\u0161i proizvodi u svom sastavu krije shea puter, p\u010delinji vosak, kokosovo ulje.<\/p>\n<p>NJEGA \u0160APICA ZIMI<\/p>\n<p>Prije izlaska van dobro je namazati jastu\u010di\u0107e koriste\u0107i balzam za \u0161ape jer na taj na\u010din ih \u0161titimo od ozeblina i od nastajanja ranica izazvanih solju koja se posipa po na\u0161im cestama za vrijeme poledica. Poslije svake \u0161etnje preporu\u010dljivo je \u0161apice oprati toplom vodom, ali isto tako od velike je va\u017enosti poslije pranja \u0161ape dobro osu\u0161iti, jer u protivnom vlaga u tom podru\u010dju predstavlja pogodni medij za razvoj gljivica. S obzirom da je to jedan od najosjetljivijih dijelova tijela, preporu\u010dljivo je kod bilo kakvih pote\u0161ko\u0107a u kretanju obratiti pozornost na podru\u010dja izme\u0111u prstiju, te na podru\u010dje jastu\u010di\u0107a, jer upravo na tim djelovima se zadr\u017eavaju strana tijela koja mehani\u010dki o\u0161te\u0107uju \u0161ape i meku\u0161i.<\/p>\n<p>NJEGA \u0160APICA LJETI<\/p>\n<p>Sunce je u stanju da zagrije podlogu, posebno asfalt i do 70 stepeni. Tako ekstremna temperatura mo\u017ee veoma lo\u0161e uticati na ko\u017ene jastu\u010di\u0107e na \u0161apama ljubimaca. Osim \u0161to stvara opekotine, visoka temperatura isu\u0161uje ko\u017eu na \u0161apama, koja postaje gruba i puca. Pukotine na \u0161apama su bolne i ta mesta su idealna za razvoj bakterija i infekcije. Postoji jo\u0161 jedna opasnost koja mo\u017ee da uti\u010de na pogor\u0161anje stanja \u0161apica. Budu\u0107i da je asfalt derivat nafte, na visokim temperaturama ispu\u0161ta supstance koje nepovoljno uti\u010du na ko\u017eu ljubimaca.<br \/>\n\u0160ape ljubimca mo\u017eete za\u0161tititi mazanjem BeePaw balzam za \u0161ape, ali ako imate izbor \u2013 izbegavajte \u0161etnje po asfaltu i dugotrajno izlaganje suncu.<\/p>\n<p>TIP: Balzam mo\u017eete nanositi i na nju\u0161kicu va\u0161eg ljubimca.<\/p>\n<p>P.S. Pazite da BeePaw balzam za \u0161ape va\u0161i ljubimci ne zamijene sa obrokom.<\/p>\n","protected":false},"featured_media":987981,"comment_status":"open","ping_status":"closed","template":"","meta":[],"product_brand":[],"product_cat":[276],"product_tag":[277,278],"class_list":{"0":"post-987914","1":"product","2":"type-product","3":"status-publish","4":"has-post-thumbnail","6":"product_cat-balzam-za-sape","7":"product_tag-balzam-za-sape","8":"product_tag-beepaw-balzam-za-sape","10":"first","11":"instock","12":"shipping-taxable","13":"purchasable","14":"product-type-simple"},"jetpack_sharing_enabled":true,"_links":{"self":[{"href":"https:\/\/petmark.ba\/shop\/wp-json\/wp\/v2\/product\/987914","targetHints":{"allow":["GET"]}}],"collection":[{"href":"https:\/\/petmark.ba\/shop\/wp-json\/wp\/v2\/product"}],"about":[{"href":"https:\/\/petmark.ba\/shop\/wp-json\/wp\/v2\/types\/product"}],"replies":[{"embeddable":true,"href":"https:\/\/petmark.ba\/shop\/wp-json\/wp\/v2\/comments?post=987914"}],"version-history":[{"count":2,"href":"https:\/\/petmark.ba\/shop\/wp-json\/wp\/v2\/product\/987914\/revisions"}],"predecessor-version":[{"id":988445,"href":"https:\/\/petmark.ba\/shop\/wp-json\/wp\/v2\/product\/987914\/revisions\/988445"}],"wp:featuredmedia":[{"embeddable":true,"href":"https:\/\/petmark.ba\/shop\/wp-json\/wp\/v2\/media\/987981"}],"wp:attachment":[{"href":"https:\/\/petmark.ba\/shop\/wp-json\/wp\/v2\/media?parent=987914"}],"wp:term":[{"taxonomy":"product_brand","embeddable":true,"href":"https:\/\/petmark.ba\/shop\/wp-json\/wp\/v2\/product_brand?post=987914"},{"taxonomy":"product_cat","embeddable":true,"href":"https:\/\/petmark.ba\/shop\/wp-json\/wp\/v2\/product_cat?post=987914"},{"taxonomy":"product_tag","embeddable":true,"href":"https:\/\/petmark.ba\/shop\/wp-json\/wp\/v2\/product_tag?post=987914"}],"curies":[{"name":"wp","href":"https:\/\/api.w.org\/{rel}","templated":true}]}}