{"id":987926,"date":"2024-03-30T10:34:57","date_gmt":"2024-03-30T10:34:57","guid":{"rendered":"https:\/\/petmark.ba\/shop\/?post_type=product&#038;p=987926"},"modified":"2024-04-15T10:48:45","modified_gmt":"2024-04-15T09:48:45","slug":"bellen-cosmetics-set-za-pse","status":"publish","type":"product","link":"https:\/\/petmark.ba\/shop\/proizvod\/bellen-cosmetics-set-za-pse\/","title":{"rendered":"Bellen Cosmetics set za pse"},"content":{"rendered":"<div class=\"vgblk-rw-wrapper limit-wrapper\">\n<p>Bellen Cosmetics set za pse<\/p>\n<p>SET sadr\u017ei:<\/p>\n<ul>\n<li>\u0160ampon plo\u010dica<\/li>\n<li>Sprej<\/li>\n<li>Balzam za \u0161ape<\/li>\n<\/ul>\n<div class=\"cxmmr5t8 oygrvhab hcukyx3x c1et5uql o9v6fnle ii04i59q\">\n<div dir=\"auto\">Napravljena sa 100% prirodnim sastojcima koji su sigurni za tvog ku\u0107nog ljubimca.<\/div>\n<\/div>\n<div class=\"cxmmr5t8 oygrvhab hcukyx3x c1et5uql o9v6fnle ii04i59q\">\n<div dir=\"auto\"><\/div>\n<div dir=\"auto\">Opis i na\u010din primjene:<\/div>\n<div dir=\"auto\"><\/div>\n<div dir=\"auto\">PawBalm njeguje i \u0161titi jastu\u010di\u0107e \u0161apa kao i jastu\u010di\u0107e zglobova na nogama. Balzam za njegu formuliran je s uravnote\u017eenim pH i sadr\u017ei samo prirodne sastojke. Pogodan je i za vrlo mlade pse od 8. sedmice \u017eivota.<\/div>\n<\/div>\n<div class=\"cxmmr5t8 oygrvhab hcukyx3x c1et5uql o9v6fnle ii04i59q\">\n<div dir=\"auto\"><\/div>\n<div dir=\"auto\">Osvje\u017eavaju\u0107i sprej za pse s ekstraktom mente i hamamelisa pru\u017ea u\u010dinkovitu i 100% prirodnu za\u0161titu od buha.<\/div>\n<\/div>\n<div class=\"cxmmr5t8 oygrvhab hcukyx3x c1et5uql o9v6fnle ii04i59q\">\n<div dir=\"auto\"><\/div>\n<div dir=\"auto\">Sapun za pse je ru\u010dno izra\u0111en blagi sapun koji \u010duva pH vrijednost njihove ko\u017ee, te ne izaziva iritaciju i svrab.<\/div>\n<\/div>\n<p><\/p>\n<\/div>\n<p><!-- .vgblk-rw-wrapper --><\/p>\n","protected":false},"excerpt":{"rendered":"<p>Bellen Cosmetics set za pse<\/p>\n<p>SET sadr\u017ei:<\/p>\n<ul>\n<li>\u0160ampon plo\u010dica<\/li>\n<li>Sprej<\/li>\n<li>Balzam za \u0161ape<\/li>\n<\/ul>\n<p>Napravljena sa 100% prirodnim sastojcima koji su sigurni za tvog ku\u0107nog ljubimca.<\/p>\n<p><\/p>\n","protected":false},"featured_media":988027,"comment_status":"open","ping_status":"closed","template":"","meta":[],"product_brand":[],"product_cat":[271,300],"product_tag":[301,302,303],"class_list":{"0":"post-987926","1":"product","2":"type-product","3":"status-publish","4":"has-post-thumbnail","6":"product_cat-higijena-i-kozmetika-za-pse","7":"product_cat-set-za-pse","8":"product_tag-bellen-cosmetics-set-za-pse","9":"product_tag-bellen-cosmetics-set-za-pse-prirodna-kozmetika","10":"product_tag-prirodna-kozmetika-za-pse","12":"first","13":"instock","14":"shipping-taxable","15":"purchasable","16":"product-type-simple"},"jetpack_sharing_enabled":true,"_links":{"self":[{"href":"https:\/\/petmark.ba\/shop\/wp-json\/wp\/v2\/product\/987926","targetHints":{"allow":["GET"]}}],"collection":[{"href":"https:\/\/petmark.ba\/shop\/wp-json\/wp\/v2\/product"}],"about":[{"href":"https:\/\/petmark.ba\/shop\/wp-json\/wp\/v2\/types\/product"}],"replies":[{"embeddable":true,"href":"https:\/\/petmark.ba\/shop\/wp-json\/wp\/v2\/comments?post=987926"}],"version-history":[{"count":2,"href":"https:\/\/petmark.ba\/shop\/wp-json\/wp\/v2\/product\/987926\/revisions"}],"predecessor-version":[{"id":988411,"href":"https:\/\/petmark.ba\/shop\/wp-json\/wp\/v2\/product\/987926\/revisions\/988411"}],"wp:featuredmedia":[{"embeddable":true,"href":"https:\/\/petmark.ba\/shop\/wp-json\/wp\/v2\/media\/988027"}],"wp:attachment":[{"href":"https:\/\/petmark.ba\/shop\/wp-json\/wp\/v2\/media?parent=987926"}],"wp:term":[{"taxonomy":"product_brand","embeddable":true,"href":"https:\/\/petmark.ba\/shop\/wp-json\/wp\/v2\/product_brand?post=987926"},{"taxonomy":"product_cat","embeddable":true,"href":"https:\/\/petmark.ba\/shop\/wp-json\/wp\/v2\/product_cat?post=987926"},{"taxonomy":"product_tag","embeddable":true,"href":"https:\/\/petmark.ba\/shop\/wp-json\/wp\/v2\/product_tag?post=987926"}],"curies":[{"name":"wp","href":"https:\/\/api.w.org\/{rel}","templated":true}]}}