{"id":987927,"date":"2024-03-30T10:34:57","date_gmt":"2024-03-30T10:34:57","guid":{"rendered":"https:\/\/petmark.ba\/shop\/?post_type=product&#038;p=987927"},"modified":"2024-04-15T10:48:58","modified_gmt":"2024-04-15T09:48:58","slug":"pawbalm-balzam-za-sape","status":"publish","type":"product","link":"https:\/\/petmark.ba\/shop\/proizvod\/pawbalm-balzam-za-sape\/","title":{"rendered":"PawBalm balzam za \u0161ape"},"content":{"rendered":"<div class=\"vgblk-rw-wrapper limit-wrapper\">\n<p>Bellen Cosmetics balzam za \u0161ape<\/p>\n<div class=\"cxmmr5t8 oygrvhab hcukyx3x c1et5uql o9v6fnle ii04i59q\">\n<div dir=\"auto\">Napravljena sa 100% prirodnim sastojcima koji su sigurni za tvog ku\u0107nog ljubimca.<\/div>\n<\/div>\n<div class=\"cxmmr5t8 oygrvhab hcukyx3x c1et5uql o9v6fnle ii04i59q\">\n<div dir=\"auto\"><\/div>\n<div dir=\"auto\">Opis i na\u010din primjene:<\/div>\n<div dir=\"auto\"><\/div>\n<div dir=\"auto\">Paw Balm njeguje i \u0161titi jastu\u010di\u0107e \u0161apa kao i jastu\u010di\u0107e zglobova na nogama. Balzam za njegu formuliran je s uravnote\u017eenim pH i sadr\u017ei samo prirodne sastojke. Pogodan je i za vrlo mlade pse od 8. sedmice \u017eivota.<\/div>\n<\/div>\n<div dir=\"auto\">\n<div class=\"cxmmr5t8 oygrvhab hcukyx3x c1et5uql o9v6fnle ii04i59q\"><\/div>\n<\/div>\n<div class=\"cxmmr5t8 oygrvhab hcukyx3x c1et5uql o9v6fnle ii04i59q\">\n<div dir=\"auto\">\n<div class=\"cxmmr5t8 oygrvhab hcukyx3x c1et5uql o9v6fnle ii04i59q\"><\/div>\n<div class=\"cxmmr5t8 oygrvhab hcukyx3x c1et5uql o9v6fnle ii04i59q\">\n<div dir=\"auto\"><\/div>\n<\/div>\n<\/div>\n<div class=\"cxmmr5t8 oygrvhab hcukyx3x c1et5uql o9v6fnle ii04i59q\"><\/div>\n<\/div>\n<div dir=\"auto\">\n<div class=\"cxmmr5t8 oygrvhab hcukyx3x c1et5uql o9v6fnle ii04i59q\">\n<div dir=\"auto\"><\/div>\n<\/div>\n<\/div>\n<\/div>\n<p><!-- .vgblk-rw-wrapper --><\/p>\n","protected":false},"excerpt":{"rendered":"<p>Bellen Cosmetics balzam za \u0161ape<\/p>\n<div class=\"cxmmr5t8 oygrvhab hcukyx3x c1et5uql o9v6fnle ii04i59q\">\n<div dir=\"auto\">Napravljena sa 100% prirodnim sastojcima koji su sigurni za tvog ku\u0107nog ljubimca.<\/div>\n<\/div>\n<div class=\"cxmmr5t8 oygrvhab hcukyx3x c1et5uql o9v6fnle ii04i59q\">\n<div dir=\"auto\"><\/div>\n<div dir=\"auto\">Opis i na\u010din primjene:<\/div>\n<div dir=\"auto\"><\/div>\n<div dir=\"auto\">PawBalm njeguje i \u0161titi jastu\u010di\u0107e \u0161apa kao i jastu\u010di\u0107e zglobova na nogama. Balzam za njegu formuliran je s uravnote\u017eenim pH i sadr\u017ei samo prirodne sastojke. Pogodan je i za vrlo mlade pse od 8. sedmice \u017eivota.<\/div>\n<\/div>\n","protected":false},"featured_media":988029,"comment_status":"open","ping_status":"closed","template":"","meta":[],"product_brand":[],"product_cat":[276,271],"product_tag":[277,304,305,303],"class_list":{"0":"post-987927","1":"product","2":"type-product","3":"status-publish","4":"has-post-thumbnail","6":"product_cat-balzam-za-sape","7":"product_cat-higijena-i-kozmetika-za-pse","8":"product_tag-balzam-za-sape","9":"product_tag-pawbalm","10":"product_tag-pawbalm-balzam-za-sape","11":"product_tag-prirodna-kozmetika-za-pse","13":"first","14":"instock","15":"shipping-taxable","16":"purchasable","17":"product-type-simple"},"jetpack_sharing_enabled":true,"_links":{"self":[{"href":"https:\/\/petmark.ba\/shop\/wp-json\/wp\/v2\/product\/987927","targetHints":{"allow":["GET"]}}],"collection":[{"href":"https:\/\/petmark.ba\/shop\/wp-json\/wp\/v2\/product"}],"about":[{"href":"https:\/\/petmark.ba\/shop\/wp-json\/wp\/v2\/types\/product"}],"replies":[{"embeddable":true,"href":"https:\/\/petmark.ba\/shop\/wp-json\/wp\/v2\/comments?post=987927"}],"version-history":[{"count":2,"href":"https:\/\/petmark.ba\/shop\/wp-json\/wp\/v2\/product\/987927\/revisions"}],"predecessor-version":[{"id":988412,"href":"https:\/\/petmark.ba\/shop\/wp-json\/wp\/v2\/product\/987927\/revisions\/988412"}],"wp:featuredmedia":[{"embeddable":true,"href":"https:\/\/petmark.ba\/shop\/wp-json\/wp\/v2\/media\/988029"}],"wp:attachment":[{"href":"https:\/\/petmark.ba\/shop\/wp-json\/wp\/v2\/media?parent=987927"}],"wp:term":[{"taxonomy":"product_brand","embeddable":true,"href":"https:\/\/petmark.ba\/shop\/wp-json\/wp\/v2\/product_brand?post=987927"},{"taxonomy":"product_cat","embeddable":true,"href":"https:\/\/petmark.ba\/shop\/wp-json\/wp\/v2\/product_cat?post=987927"},{"taxonomy":"product_tag","embeddable":true,"href":"https:\/\/petmark.ba\/shop\/wp-json\/wp\/v2\/product_tag?post=987927"}],"curies":[{"name":"wp","href":"https:\/\/api.w.org\/{rel}","templated":true}]}}