{"id":987929,"date":"2024-03-30T10:34:57","date_gmt":"2024-03-30T10:34:57","guid":{"rendered":"https:\/\/petmark.ba\/shop\/?post_type=product&#038;p=987929"},"modified":"2024-04-15T10:47:59","modified_gmt":"2024-04-15T09:47:59","slug":"bellen-cosmetics-sprej-za-pse","status":"publish","type":"product","link":"https:\/\/petmark.ba\/shop\/proizvod\/bellen-cosmetics-sprej-za-pse\/","title":{"rendered":"Bellen Cosmetics sprej za pse"},"content":{"rendered":"<div class=\"vgblk-rw-wrapper limit-wrapper\">\n<p>Bellen Cosmetics sprej za pse<\/p>\n<div class=\"cxmmr5t8 oygrvhab hcukyx3x c1et5uql o9v6fnle ii04i59q\">\n<div dir=\"auto\">Napravljena sa 100% prirodnim sastojcima koji su sigurni za tvog ku\u0107nog ljubimca.<\/div>\n<\/div>\n<div class=\"cxmmr5t8 oygrvhab hcukyx3x c1et5uql o9v6fnle ii04i59q\">\n<div dir=\"auto\"><\/div>\n<div dir=\"auto\">Osvje\u017eavaju\u0107i sprej za pse s ekstraktom mente i hamamelisa pru\u017ea u\u010dinkovitu i 100% prirodnu za\u0161titu od buha.<\/div>\n<\/div>\n<div class=\"cxmmr5t8 oygrvhab hcukyx3x c1et5uql o9v6fnle ii04i59q\">\n<div dir=\"auto\"><\/div>\n<\/div>\n<p><\/p>\n<\/div>\n<p><!-- .vgblk-rw-wrapper --><\/p>\n","protected":false},"excerpt":{"rendered":"<p>Bellen Cosmetics sprej za pse<\/p>\n<div class=\"cxmmr5t8 oygrvhab hcukyx3x c1et5uql o9v6fnle ii04i59q\">\n<div dir=\"auto\">Napravljena sa 100% prirodnim sastojcima koji su sigurni za tvog ku\u0107nog ljubimca.<\/div>\n<\/div>\n<div class=\"cxmmr5t8 oygrvhab hcukyx3x c1et5uql o9v6fnle ii04i59q\">\n<div dir=\"auto\"><\/div>\n<div dir=\"auto\">Osvje\u017eavaju\u0107i sprej za pse s ekstraktom mente i hamamelisa pru\u017ea u\u010dinkovitu i 100% prirodnu za\u0161titu od buha.<\/div>\n<\/div>\n<div class=\"cxmmr5t8 oygrvhab hcukyx3x c1et5uql o9v6fnle ii04i59q\">\n<div dir=\"auto\"><\/div>\n<\/div>\n<p><\/p>\n","protected":false},"featured_media":988033,"comment_status":"open","ping_status":"closed","template":"","meta":[],"product_brand":[],"product_cat":[271,311],"product_tag":[306,312,303,313],"class_list":{"0":"post-987929","1":"product","2":"type-product","3":"status-publish","4":"has-post-thumbnail","6":"product_cat-higijena-i-kozmetika-za-pse","7":"product_cat-sprej-za-pse","8":"product_tag-bellen-cosmetics","9":"product_tag-bellen-cosmetics-sprej-za-pse","10":"product_tag-prirodna-kozmetika-za-pse","11":"product_tag-sprej-za-pse","13":"first","14":"instock","15":"shipping-taxable","16":"purchasable","17":"product-type-simple"},"jetpack_sharing_enabled":true,"_links":{"self":[{"href":"https:\/\/petmark.ba\/shop\/wp-json\/wp\/v2\/product\/987929","targetHints":{"allow":["GET"]}}],"collection":[{"href":"https:\/\/petmark.ba\/shop\/wp-json\/wp\/v2\/product"}],"about":[{"href":"https:\/\/petmark.ba\/shop\/wp-json\/wp\/v2\/types\/product"}],"replies":[{"embeddable":true,"href":"https:\/\/petmark.ba\/shop\/wp-json\/wp\/v2\/comments?post=987929"}],"version-history":[{"count":2,"href":"https:\/\/petmark.ba\/shop\/wp-json\/wp\/v2\/product\/987929\/revisions"}],"predecessor-version":[{"id":988410,"href":"https:\/\/petmark.ba\/shop\/wp-json\/wp\/v2\/product\/987929\/revisions\/988410"}],"wp:featuredmedia":[{"embeddable":true,"href":"https:\/\/petmark.ba\/shop\/wp-json\/wp\/v2\/media\/988033"}],"wp:attachment":[{"href":"https:\/\/petmark.ba\/shop\/wp-json\/wp\/v2\/media?parent=987929"}],"wp:term":[{"taxonomy":"product_brand","embeddable":true,"href":"https:\/\/petmark.ba\/shop\/wp-json\/wp\/v2\/product_brand?post=987929"},{"taxonomy":"product_cat","embeddable":true,"href":"https:\/\/petmark.ba\/shop\/wp-json\/wp\/v2\/product_cat?post=987929"},{"taxonomy":"product_tag","embeddable":true,"href":"https:\/\/petmark.ba\/shop\/wp-json\/wp\/v2\/product_tag?post=987929"}],"curies":[{"name":"wp","href":"https:\/\/api.w.org\/{rel}","templated":true}]}}