{"id":988067,"date":"2024-03-30T10:35:37","date_gmt":"2024-03-30T10:35:37","guid":{"rendered":"https:\/\/petmark.ba\/shop\/?post_type=product&#038;p=988067"},"modified":"2024-04-11T14:20:01","modified_gmt":"2024-04-11T13:20:01","slug":"igracka-za-macke-u-obliku-tunela","status":"publish","type":"product","link":"https:\/\/petmark.ba\/shop\/proizvod\/igracka-za-macke-u-obliku-tunela\/","title":{"rendered":"Igra\u010dka za ma\u010dke u obliku tunela"},"content":{"rendered":"<p>Igra\u010dka za ma\u010dke u obliku tunela<\/p>\n<p>Idealna igra\u010dka za odr\u017eavanje forme va\u0161eg ljubimca.<\/p>\n<p>Lako sklopiv i kompaktan, lahko ga mo\u017eete ponijeti sa sobom u svakoj situaciji.<\/p>\n<p>Dimenzija: 27&#215;90 cm<\/p>\n","protected":false},"excerpt":{"rendered":"<p>Igra\u010dka za ma\u010dke u obliku tunela<\/p>\n<p>Idealna igra\u010dka za odr\u017eavanje forme va\u0161eg ljubimca.<\/p>\n<p>Lako sklopiv i kompaktan, lahko ga mo\u017eete ponijeti sa sobom u svakoj situaciji.<\/p>\n<p>Dimenzija: 27&#215;90 cm<\/p>\n","protected":false},"featured_media":988073,"comment_status":"open","ping_status":"closed","template":"","meta":[],"product_brand":[],"product_cat":[337,49],"product_tag":[338],"class_list":{"0":"post-988067","1":"product","2":"type-product","3":"status-publish","4":"has-post-thumbnail","6":"product_cat-igracke-za-macke","7":"product_cat-macke","8":"product_tag-igracka-za-macke-u-obliku-tunela","10":"first","11":"instock","12":"shipping-taxable","13":"purchasable","14":"product-type-simple"},"jetpack_sharing_enabled":true,"_links":{"self":[{"href":"https:\/\/petmark.ba\/shop\/wp-json\/wp\/v2\/product\/988067","targetHints":{"allow":["GET"]}}],"collection":[{"href":"https:\/\/petmark.ba\/shop\/wp-json\/wp\/v2\/product"}],"about":[{"href":"https:\/\/petmark.ba\/shop\/wp-json\/wp\/v2\/types\/product"}],"replies":[{"embeddable":true,"href":"https:\/\/petmark.ba\/shop\/wp-json\/wp\/v2\/comments?post=988067"}],"version-history":[{"count":2,"href":"https:\/\/petmark.ba\/shop\/wp-json\/wp\/v2\/product\/988067\/revisions"}],"predecessor-version":[{"id":988088,"href":"https:\/\/petmark.ba\/shop\/wp-json\/wp\/v2\/product\/988067\/revisions\/988088"}],"wp:featuredmedia":[{"embeddable":true,"href":"https:\/\/petmark.ba\/shop\/wp-json\/wp\/v2\/media\/988073"}],"wp:attachment":[{"href":"https:\/\/petmark.ba\/shop\/wp-json\/wp\/v2\/media?parent=988067"}],"wp:term":[{"taxonomy":"product_brand","embeddable":true,"href":"https:\/\/petmark.ba\/shop\/wp-json\/wp\/v2\/product_brand?post=988067"},{"taxonomy":"product_cat","embeddable":true,"href":"https:\/\/petmark.ba\/shop\/wp-json\/wp\/v2\/product_cat?post=988067"},{"taxonomy":"product_tag","embeddable":true,"href":"https:\/\/petmark.ba\/shop\/wp-json\/wp\/v2\/product_tag?post=988067"}],"curies":[{"name":"wp","href":"https:\/\/api.w.org\/{rel}","templated":true}]}}