{"id":988318,"date":"2024-04-11T08:27:05","date_gmt":"2024-04-11T07:27:05","guid":{"rendered":"https:\/\/petmark.ba\/shop\/?post_type=product&#038;p=988318"},"modified":"2024-04-11T08:46:59","modified_gmt":"2024-04-11T07:46:59","slug":"lifegoods-fontana-za-pice-2","status":"publish","type":"product","link":"https:\/\/petmark.ba\/shop\/proizvod\/lifegoods-fontana-za-pice-2\/","title":{"rendered":"LifeGoods fontana za pi\u0107e"},"content":{"rendered":"<div class=\"vgblk-rw-wrapper limit-wrapper\">\n<div class=\"kvgmc6g5 cxmmr5t8 oygrvhab hcukyx3x c1et5uql ii04i59q\">\n<div dir=\"auto\">LifeGoods fontana za pi\u0107e je pogodna za ma\u010dke i pse (srednje) velike do male veli\u010dine. Pojilica je opremljena sa tri razli\u010dite pozicije i ima rezervoar za vodu od 2 litra. Sistem ugljenih filtera i pumpa odr\u017eavaju vodu \u010distom i kiseonikom.<\/div>\n<div dir=\"auto\"><\/div>\n<div dir=\"auto\">LifeGoods fontana ima tri razli\u010dita polo\u017eaja i mo\u017ee se podesiti prema \u017eeljama va\u0161eg ljubimca. Cvjetni vodopad daje protok poput bidea i idealan je za ma\u010dke. Vodopad i fontana daju pjenu\u0161avi efekat vodi i idealni su za pse. \u010cesma daje vodu koja se lagano kre\u0107e i pogodna je za malo opreznije pse i ma\u010dke. Idealno za pse i ma\u010dke svih veli\u010dina.<\/div>\n<\/div>\n<\/div>\n<p><!-- .vgblk-rw-wrapper --><\/p>\n","protected":false},"excerpt":{"rendered":"<div class=\"kvgmc6g5 cxmmr5t8 oygrvhab hcukyx3x c1et5uql ii04i59q\">\n<div dir=\"auto\">LifeGoods fontana za pi\u0107e je pogodna za ma\u010dke i pse (srednje) velike do male veli\u010dine. Pojilica je opremljena sa tri razli\u010dite pozicije i ima rezervoar za vodu od 2 litra. Sistem ugljenih filtera i pumpa odr\u017eavaju vodu \u010distom i kiseonikom.<\/div>\n<div dir=\"auto\"><\/div>\n<div dir=\"auto\">LifeGoods fontana ima tri razli\u010dita polo\u017eaja i mo\u017ee se podesiti prema \u017eeljama va\u0161eg ljubimca. Cvjetni vodopad daje protok poput bidea i idealan je za ma\u010dke. Vodopad i fontana daju pjenu\u0161avi efekat vodi i idealni su za pse. \u010cesma daje vodu koja se lagano kre\u0107e i pogodna je za malo opreznije pse i ma\u010dke. Idealno za pse i ma\u010dke svih veli\u010dina.<\/div>\n<\/div>\n","protected":false},"featured_media":988048,"comment_status":"open","ping_status":"closed","template":"","meta":[],"product_brand":[],"product_cat":[49,321,158],"product_tag":[322],"class_list":{"0":"post-988318","1":"product","2":"type-product","3":"status-publish","4":"has-post-thumbnail","6":"product_cat-macke","7":"product_cat-pojilice-za-macke-i-pse","8":"product_cat-zdjelice-i-podlosci-za-pse","9":"product_tag-lifegoods-fontana-za-pice","11":"first","12":"instock","13":"shipping-taxable","14":"purchasable","15":"product-type-simple"},"jetpack_sharing_enabled":true,"_links":{"self":[{"href":"https:\/\/petmark.ba\/shop\/wp-json\/wp\/v2\/product\/988318","targetHints":{"allow":["GET"]}}],"collection":[{"href":"https:\/\/petmark.ba\/shop\/wp-json\/wp\/v2\/product"}],"about":[{"href":"https:\/\/petmark.ba\/shop\/wp-json\/wp\/v2\/types\/product"}],"replies":[{"embeddable":true,"href":"https:\/\/petmark.ba\/shop\/wp-json\/wp\/v2\/comments?post=988318"}],"version-history":[{"count":1,"href":"https:\/\/petmark.ba\/shop\/wp-json\/wp\/v2\/product\/988318\/revisions"}],"predecessor-version":[{"id":988319,"href":"https:\/\/petmark.ba\/shop\/wp-json\/wp\/v2\/product\/988318\/revisions\/988319"}],"wp:featuredmedia":[{"embeddable":true,"href":"https:\/\/petmark.ba\/shop\/wp-json\/wp\/v2\/media\/988048"}],"wp:attachment":[{"href":"https:\/\/petmark.ba\/shop\/wp-json\/wp\/v2\/media?parent=988318"}],"wp:term":[{"taxonomy":"product_brand","embeddable":true,"href":"https:\/\/petmark.ba\/shop\/wp-json\/wp\/v2\/product_brand?post=988318"},{"taxonomy":"product_cat","embeddable":true,"href":"https:\/\/petmark.ba\/shop\/wp-json\/wp\/v2\/product_cat?post=988318"},{"taxonomy":"product_tag","embeddable":true,"href":"https:\/\/petmark.ba\/shop\/wp-json\/wp\/v2\/product_tag?post=988318"}],"curies":[{"name":"wp","href":"https:\/\/api.w.org\/{rel}","templated":true}]}}