{"id":988573,"date":"2025-01-22T13:16:51","date_gmt":"2025-01-22T12:16:51","guid":{"rendered":"https:\/\/petmark.ba\/shop\/?post_type=product&#038;p=988573"},"modified":"2025-02-03T14:50:59","modified_gmt":"2025-02-03T13:50:59","slug":"moser-1400-masinica-za-sisanje-ljubimaca","status":"publish","type":"product","link":"https:\/\/petmark.ba\/shop\/proizvod\/moser-1400-masinica-za-sisanje-ljubimaca\/","title":{"rendered":"Moser 1400 ma\u0161inica za \u0161i\u0161anje ljubimaca"},"content":{"rendered":"<div class=\"vgblk-rw-wrapper limit-wrapper\">\n<h3><a href=\"https:\/\/petmark.ba\/shop\/brand\/moser\/\">Moser<\/a> 1400 ma\u0161inica za \u0161i\u0161anje ljubimaca<\/h3>\n<p>&nbsp;<\/p>\n<div class=\"elementor-element elementor-element-6646c347 wd-single-short-desc text-left elementor-widget elementor-widget-wd_single_product_short_description\" data-id=\"6646c347\" data-element_type=\"widget\" data-widget_type=\"wd_single_product_short_description.default\">\n<div class=\"elementor-widget-container\">\n<div class=\"woocommerce-product-details__short-description\">\n<p><a href=\"https:\/\/www.moserpro.com\/\" target=\"_blank\" rel=\"noopener\">MOSER<\/a> 1400 popularan je aparat za \u0161i\u0161anje \u017eivotinja za potpuno skra\u0107ivanje dlaka malih pasa s laganim i tankim dlakama. Robusni aparat za \u0161i\u0161anje \u017eivotinja provjerene tehnologije i osciliraju\u0107eg armaturnog motora (6.000 o\/min) s dugim vijekom trajanja. Uklju\u010duje set no\u017eeva precizno bru\u0161enih, STAR BLADE metalnih o\u0161trica za dug radni vijek. Omogu\u0107ava pode\u0161avanje duljine rezanja sa 6 definiranih, unaprijed postavljenih polo\u017eaja od 0,7 \u2013 3 mm. S okretnim kablom duljine 2 metra.\u00a0 Rad pomo\u0107u kabla. Dimenzije: 175 x 69 x 50 mm. Radni napon: Max. 10 W \/ 230 V, 50 Hz.<\/p>\n<\/div>\n<\/div>\n<\/div>\n<p><strong>Karakteristike<\/strong><\/p>\n<ul>\n<li><span data-sheets-value=\"{&quot;1&quot;:2,&quot;2&quot;:&quot;Motor elektromagnetni 7200 o\/min. Du\u017eina rezanja 0,5 do 2,4 mm. Snaga 17,5 W. Visoko kvalitetni no\u017eevi od uglji\u010dnog \u010delika. Izdr\u017eljivo aluminijumsko ku\u0107i\u0161te.&quot;}\" data-sheets-userformat=\"{&quot;2&quot;:4993,&quot;3&quot;:{&quot;1&quot;:0},&quot;10&quot;:2,&quot;11&quot;:0,&quot;12&quot;:0,&quot;15&quot;:&quot;Arial, sans-serif&quot;}\">Motor elektromagnetni 6000 o\/min<\/span><\/li>\n<li><span data-sheets-value=\"{&quot;1&quot;:2,&quot;2&quot;:&quot;Motor elektromagnetni 7200 o\/min. Du\u017eina rezanja 0,5 do 2,4 mm. Snaga 17,5 W. Visoko kvalitetni no\u017eevi od uglji\u010dnog \u010delika. Izdr\u017eljivo aluminijumsko ku\u0107i\u0161te.&quot;}\" data-sheets-userformat=\"{&quot;2&quot;:4993,&quot;3&quot;:{&quot;1&quot;:0},&quot;10&quot;:2,&quot;11&quot;:0,&quot;12&quot;:0,&quot;15&quot;:&quot;Arial, sans-serif&quot;}\">Du\u017eina rezanja 0,7 do 3 mm<\/span><\/li>\n<li><span data-sheets-value=\"{&quot;1&quot;:2,&quot;2&quot;:&quot;Motor elektromagnetni 7200 o\/min. Du\u017eina rezanja 0,5 do 2,4 mm. Snaga 17,5 W. Visoko kvalitetni no\u017eevi od uglji\u010dnog \u010delika. Izdr\u017eljivo aluminijumsko ku\u0107i\u0161te.&quot;}\" data-sheets-userformat=\"{&quot;2&quot;:4993,&quot;3&quot;:{&quot;1&quot;:0},&quot;10&quot;:2,&quot;11&quot;:0,&quot;12&quot;:0,&quot;15&quot;:&quot;Arial, sans-serif&quot;}\">No\u017e \u0161irine 46 mm<\/span><\/li>\n<li><span data-sheets-value=\"{&quot;1&quot;:2,&quot;2&quot;:&quot;Motor elektromagnetni 7200 o\/min. Du\u017eina rezanja 0,5 do 2,4 mm. Snaga 17,5 W. Visoko kvalitetni no\u017eevi od uglji\u010dnog \u010delika. Izdr\u017eljivo aluminijumsko ku\u0107i\u0161te.&quot;}\" data-sheets-userformat=\"{&quot;2&quot;:4993,&quot;3&quot;:{&quot;1&quot;:0},&quot;10&quot;:2,&quot;11&quot;:0,&quot;12&quot;:0,&quot;15&quot;:&quot;Arial, sans-serif&quot;}\">Gumirani kabel duljine 2 m<\/span><\/li>\n<li><span data-sheets-value=\"{&quot;1&quot;:2,&quot;2&quot;:&quot;Motor elektromagnetni 7200 o\/min. Du\u017eina rezanja 0,5 do 2,4 mm. Snaga 17,5 W. Visoko kvalitetni no\u017eevi od uglji\u010dnog \u010delika. Izdr\u017eljivo aluminijumsko ku\u0107i\u0161te.&quot;}\" data-sheets-userformat=\"{&quot;2&quot;:4993,&quot;3&quot;:{&quot;1&quot;:0},&quot;10&quot;:2,&quot;11&quot;:0,&quot;12&quot;:0,&quot;15&quot;:&quot;Arial, sans-serif&quot;}\">Te\u017eina: 520 g.<\/span><\/li>\n<\/ul>\n<p><strong>Pakiranje sadr\u017ei<\/strong><\/p>\n<ul>\n<li>Aparat za \u0161i\u0161anje<\/li>\n<li>No\u017e \u0161irine 46 mm<\/li>\n<li>4 nastavka za \u0161i\u0161anje (3, 6, 9, 12 mm)<\/li>\n<li>Makaze za \u0161i\u0161anje<\/li>\n<li>\u010cetkicu za \u010di\u0161\u0107enje<\/li>\n<li>Ulje za podmazivanje.<\/li>\n<\/ul>\n<p>Zamjenski no\u017e za ovaj model ma\u0161inice:1401-7600.<\/p>\n<p><strong>Napomena:\u00a0<\/strong>ma\u0161inica se mo\u017ee koristiti i kao frizerska, ukoliko se na nju postavi odgovaraju\u0107i no\u017e.<\/p>\n<p>Ma\u0161inica za \u0161i\u0161anje sa kablom, za \u0161i\u0161anje ljubimaca manjeg rasta sa dlakom bez podlake (poput rasa maltezer,\u00a0 jok\u0161irski terijer\u2026). Posebno se preporu\u010duje kod nervoznih ljubimaca osetljivih na buku. Mala potreba za odr\u017eavanjem i dug radni vek zahvaljuju\u0107i proverenoj tehnologiji. Poseduje jednu brzinu. No\u017e je izra\u0111en od ner\u0111aju\u0107eg \u010delika izuzetne preciznosti. Omogu\u0107ava pode\u0161avanje du\u017eine \u0161i\u0161anja sa 6 razli\u010ditih pozicija no\u017eeva koji su izra\u0111eni od ner\u0111aju\u0107eg \u010delika.Poseduje fleksibilan, postojan okrugli kabl du\u017eine 2 m sa kukicom za ka\u010denje.<\/p>\n<p>Set sadr\u017ei: 4 grani\u010dnika od 4.5, 6, 9 i 14 mm, \u010detkicu za \u010di\u0161\u0107enje, makaze i ulje za podmazivanje.<\/p>\n<p>Tehni\u010dke karakteristike:<\/p>\n<div class=\"table-wrapper\">\n<table border=\"1\">\n<tbody>\n<tr>\n<td>Motor<\/td>\n<td>Osciliraju\u0107i motor sa 6000 oscilacija\/min<\/td>\n<\/tr>\n<tr>\n<td>Re\u017eim rada<\/td>\n<td>10 W \/ 230 V\/ 50 Hz<\/td>\n<\/tr>\n<tr>\n<td>\u0160irina no\u017ea<\/td>\n<td>46 mm<\/td>\n<\/tr>\n<tr>\n<td>Du\u017eina \u0161i\u0161anja<\/td>\n<td>0.7-3 mm<\/td>\n<\/tr>\n<tr>\n<td>Du\u017eina kabla<\/td>\n<td>2 m<\/td>\n<\/tr>\n<tr>\n<td>Te\u017eina<\/td>\n<td>520 g<\/td>\n<\/tr>\n<tr>\n<td>Nivo ja\u010dine na skali od 6<\/td>\n<td>2\/6<\/td>\n<\/tr>\n<tr>\n<td>Nivo buke na skali od 6<\/td>\n<td>3\/6<\/td>\n<\/tr>\n<\/tbody>\n<\/table>\n<\/div>\n<\/div>\n<p><!-- .vgblk-rw-wrapper --><\/p>\n","protected":false},"excerpt":{"rendered":"<p>Moser 1400 ma\u0161inica za \u0161i\u0161anje ljubimaca<\/p>\n<ul>\n<li>Ma\u0161inica za \u0161i\u0161anje ljubimaca<\/li>\n<li>Za laganu srednju i dugu dlaku bez podlake<\/li>\n<li>Namenjena rasama poput maltezera u jok\u0161irskog terijera<\/li>\n<li>Sna\u017ena i izdr\u017eljiva<\/li>\n<li>No\u017e od ner\u0111aju\u0107eg \u010delika sa 6 pozicija<\/li>\n<li>Preporu\u010duje se kod nervoznih ljubimaca osetljivih na buku<\/li>\n<li>Snaga 10W<\/li>\n<li>Nivo ja\u010dine: 2\/6<\/li>\n<li>Nivo buke: 3\/6<\/li>\n<li>U set su uklju\u010dena 4 grani\u010dnika od 4.5, 6, 9 i 14mm, \u010detkica, makaze i ulje za podmazivanje<\/li>\n<\/ul>\n","protected":false},"featured_media":988575,"comment_status":"open","ping_status":"closed","template":"","meta":[],"product_brand":[394],"product_cat":[271],"product_tag":[398,396,400,395,399,397],"class_list":{"0":"post-988573","1":"product","2":"type-product","3":"status-publish","4":"has-post-thumbnail","6":"product_brand-moser","7":"product_cat-higijena-i-kozmetika-za-pse","8":"product_tag-masinica-za-sisanje-zivotinja","9":"product_tag-moser-1400","10":"product_tag-moser-1400-masinica-za-sisanje-ljubimaca","11":"product_tag-moser-1400-pet-masinica-za-sisanje-zivotinja","12":"product_tag-pet-masinica","13":"product_tag-pet-masinica-za-sisanje-zivotinja","14":"product_shipping_class-petmark","16":"first","17":"instock","18":"shipping-taxable","19":"purchasable","20":"product-type-simple"},"jetpack_sharing_enabled":true,"_links":{"self":[{"href":"https:\/\/petmark.ba\/shop\/wp-json\/wp\/v2\/product\/988573","targetHints":{"allow":["GET"]}}],"collection":[{"href":"https:\/\/petmark.ba\/shop\/wp-json\/wp\/v2\/product"}],"about":[{"href":"https:\/\/petmark.ba\/shop\/wp-json\/wp\/v2\/types\/product"}],"replies":[{"embeddable":true,"href":"https:\/\/petmark.ba\/shop\/wp-json\/wp\/v2\/comments?post=988573"}],"version-history":[{"count":4,"href":"https:\/\/petmark.ba\/shop\/wp-json\/wp\/v2\/product\/988573\/revisions"}],"predecessor-version":[{"id":988586,"href":"https:\/\/petmark.ba\/shop\/wp-json\/wp\/v2\/product\/988573\/revisions\/988586"}],"wp:featuredmedia":[{"embeddable":true,"href":"https:\/\/petmark.ba\/shop\/wp-json\/wp\/v2\/media\/988575"}],"wp:attachment":[{"href":"https:\/\/petmark.ba\/shop\/wp-json\/wp\/v2\/media?parent=988573"}],"wp:term":[{"taxonomy":"product_brand","embeddable":true,"href":"https:\/\/petmark.ba\/shop\/wp-json\/wp\/v2\/product_brand?post=988573"},{"taxonomy":"product_cat","embeddable":true,"href":"https:\/\/petmark.ba\/shop\/wp-json\/wp\/v2\/product_cat?post=988573"},{"taxonomy":"product_tag","embeddable":true,"href":"https:\/\/petmark.ba\/shop\/wp-json\/wp\/v2\/product_tag?post=988573"}],"curies":[{"name":"wp","href":"https:\/\/api.w.org\/{rel}","templated":true}]}}