{"id":988587,"date":"2025-01-22T14:17:40","date_gmt":"2025-01-22T13:17:40","guid":{"rendered":"https:\/\/petmark.ba\/shop\/?post_type=product&#038;p=988587"},"modified":"2025-01-22T14:22:32","modified_gmt":"2025-01-22T13:22:32","slug":"moser-cetka-za-ljubimce-duga-dlaka","status":"publish","type":"product","link":"https:\/\/petmark.ba\/shop\/proizvod\/moser-cetka-za-ljubimce-duga-dlaka\/","title":{"rendered":"Moser \u010detka za ljubimce duga dlaka"},"content":{"rendered":"<div class=\"vgblk-rw-wrapper limit-wrapper\"><a href=\"https:\/\/www.moserpro.com\/\" target=\"_blank\" rel=\"noopener\">Moser<\/a> \u010detka za ljubimce duga dlaka<\/p>\n<div class=\"elementor-element elementor-element-6646c347 wd-single-short-desc text-left elementor-widget elementor-widget-wd_single_product_short_description\" data-id=\"6646c347\" data-element_type=\"widget\" data-widget_type=\"wd_single_product_short_description.default\">\n<div class=\"elementor-widget-container\">\n<div class=\"woocommerce-product-details__short-description\">\n<p>Grabljice s rotiraju\u0107im metalnim iglicama u\u010dinkovito \u0107e ra\u0161\u010de\u0161ljati i ukloniti stare dlake i poddlake s krzna va\u0161eg ljubimca. \u010cetka koja zahtijeva minimalan napor, a daje maksimalne rezultate \u2013 zahvaljuju\u0107i metalnim iglicama, mo\u017eete lako i jednostavno ukloniti poddlake s krzna. S ergonomskom gel dr\u0161kom za jednostavnije rukovanje.<\/p>\n<div class=\"wd-negative-gap elementor-element elementor-element-246ccb9 e-flex e-con-boxed e-con e-parent e-lazyloaded\" data-id=\"246ccb9\" data-element_type=\"container\" data-settings=\"{&quot;jet_parallax_layout_list&quot;:[]}\">\n<div class=\"e-con-inner\">\n<div class=\"elementor-element elementor-element-510692c wd-single-tabs wd-width-100 elementor-widget elementor-widget-wd_single_product_tabs\" data-id=\"510692c\" data-element_type=\"widget\" data-widget_type=\"wd_single_product_tabs.default\">\n<div class=\"elementor-widget-container\">\n<div class=\"woocommerce-tabs wc-tabs-wrapper\" data-state=\"first\" data-layout=\"tabs\">\n<div id=\"tab-description\" class=\"woocommerce-Tabs-panel panel entry-content wc-tab woocommerce-Tabs-panel--description\" role=\"tabpanel\" aria-labelledby=\"tab-title-description\" data-accordion-index=\"description\">\n<p>Grabljice s rotiraju\u0107im metalnim iglicama u\u010dinkovito \u0107e ra\u0161\u010de\u0161ljati i ukloniti stare dlake i poddlake s krzna va\u0161eg ljubimca. \u010cetka koja zahtijeva minimalan napor, a daje maksimalne rezultate \u2013 zahvaljuju\u0107i metalnim iglicama, mo\u017eete lako i jednostavno ukloniti poddlake s krzna. S ergonomskom gel dr\u0161kom za jednostavnije rukovanje.<\/p>\n<\/div>\n<\/div>\n<\/div>\n<\/div>\n<\/div>\n<\/div>\n<div class=\"wd-negative-gap elementor-element elementor-element-aa95126 e-flex e-con-boxed e-con e-parent e-lazyloaded\" data-id=\"aa95126\" data-element_type=\"container\" data-settings=\"{&quot;jet_parallax_layout_list&quot;:[]}\"><\/div>\n<\/div>\n<\/div>\n<\/div>\n<div class=\"elementor-element elementor-element-8878fea e-con-full jedv-enabled--yes e-flex e-con e-child\" data-id=\"8878fea\" data-element_type=\"container\" data-settings=\"{&quot;jet_parallax_layout_list&quot;:[]}\">\n<div class=\"elementor-element elementor-element-add0b48 e-con-full e-flex e-con e-child\" data-id=\"add0b48\" data-element_type=\"container\" data-settings=\"{&quot;jet_parallax_layout_list&quot;:[]}\">\n<div class=\"elementor-element elementor-element-46f7a3c elementor-widget elementor-widget-heading\" data-id=\"46f7a3c\" data-element_type=\"widget\" data-widget_type=\"heading.default\"><\/div>\n<\/div>\n<\/div>\n<\/div>\n<p><!-- .vgblk-rw-wrapper --><\/p>\n","protected":false},"excerpt":{"rendered":"<p><a href=\"https:\/\/petmark.ba\/shop\/brand\/moser\/\">Moser<\/a> \u010detka za ljubimce duga dlaka<\/p>\n<div class=\"elementor-element elementor-element-6646c347 wd-single-short-desc text-left elementor-widget elementor-widget-wd_single_product_short_description\" data-id=\"6646c347\" data-element_type=\"widget\" data-widget_type=\"wd_single_product_short_description.default\">\n<div class=\"elementor-widget-container\">\n<div class=\"woocommerce-product-details__short-description\">\n<p>Grabljice s rotiraju\u0107im metalnim iglicama u\u010dinkovito \u0107e ra\u0161\u010de\u0161ljati i ukloniti stare dlake i poddlake s krzna va\u0161eg ljubimca. \u010cetka koja zahtijeva minimalan napor, a daje maksimalne rezultate \u2013 zahvaljuju\u0107i metalnim iglicama, mo\u017eete lako i jednostavno ukloniti poddlake s krzna. S ergonomskom gel dr\u0161kom za jednostavnije rukovanje.<\/p>\n<div class=\"wd-negative-gap elementor-element elementor-element-246ccb9 e-flex e-con-boxed e-con e-parent e-lazyloaded\" data-id=\"246ccb9\" data-element_type=\"container\" data-settings=\"{&quot;jet_parallax_layout_list&quot;:[]}\">\n<div class=\"e-con-inner\">\n<div class=\"elementor-element elementor-element-510692c wd-single-tabs wd-width-100 elementor-widget elementor-widget-wd_single_product_tabs\" data-id=\"510692c\" data-element_type=\"widget\" data-widget_type=\"wd_single_product_tabs.default\">\n<div class=\"elementor-widget-container\">\n<div class=\"woocommerce-tabs wc-tabs-wrapper\" data-state=\"first\" data-layout=\"tabs\">\n<div id=\"tab-description\" class=\"woocommerce-Tabs-panel panel entry-content wc-tab woocommerce-Tabs-panel--description\" role=\"tabpanel\" aria-labelledby=\"tab-title-description\" data-accordion-index=\"description\">\n<p>Grabljice s rotiraju\u0107im metalnim iglicama u\u010dinkovito \u0107e ra\u0161\u010de\u0161ljati i ukloniti stare dlake i poddlake s krzna va\u0161eg ljubimca. \u010cetka koja zahtijeva minimalan napor, a daje maksimalne rezultate \u2013 zahvaljuju\u0107i metalnim iglicama, mo\u017eete lako i jednostavno ukloniti poddlake s krzna. S ergonomskom gel dr\u0161kom za jednostavnije rukovanje.<\/p>\n<\/div>\n<\/div>\n<\/div>\n<\/div>\n<\/div>\n<\/div>\n<div class=\"wd-negative-gap elementor-element elementor-element-aa95126 e-flex e-con-boxed e-con e-parent e-lazyloaded\" data-id=\"aa95126\" data-element_type=\"container\" data-settings=\"{&quot;jet_parallax_layout_list&quot;:[]}\"><\/div>\n<\/div>\n<\/div>\n<\/div>\n<div class=\"elementor-element elementor-element-8878fea e-con-full jedv-enabled--yes e-flex e-con e-child\" data-id=\"8878fea\" data-element_type=\"container\" data-settings=\"{&quot;jet_parallax_layout_list&quot;:[]}\">\n<div class=\"elementor-element elementor-element-add0b48 e-con-full e-flex e-con e-child\" data-id=\"add0b48\" data-element_type=\"container\" data-settings=\"{&quot;jet_parallax_layout_list&quot;:[]}\">\n<div class=\"elementor-element elementor-element-46f7a3c elementor-widget elementor-widget-heading\" data-id=\"46f7a3c\" data-element_type=\"widget\" data-widget_type=\"heading.default\"><\/div>\n<\/div>\n<\/div>\n","protected":false},"featured_media":988588,"comment_status":"open","ping_status":"closed","template":"","meta":[],"product_brand":[394],"product_cat":[402,401,360,271,49,56],"product_tag":[403,404,407,406,405],"class_list":{"0":"post-988587","1":"product","2":"type-product","3":"status-publish","4":"has-post-thumbnail","6":"product_brand-moser","7":"product_cat-cesljevi-i-cetke-za-macke","8":"product_cat-cesljevi-i-cetke-za-pse","9":"product_cat-higijena-i-kozmetika-za-macke","10":"product_cat-higijena-i-kozmetika-za-pse","11":"product_cat-macke","12":"product_cat-psi","13":"product_tag-cetke-za-macke","14":"product_tag-cetke-za-pse","15":"product_tag-moser-cetka-za-ljubimce","16":"product_tag-moser-cetka-za-ljubimce-duga-dlaka","17":"product_tag-moser-cetka-za-zivotinje-duga-dlaka","18":"product_shipping_class-petmark","20":"first","21":"instock","22":"shipping-taxable","23":"purchasable","24":"product-type-simple"},"jetpack_sharing_enabled":true,"_links":{"self":[{"href":"https:\/\/petmark.ba\/shop\/wp-json\/wp\/v2\/product\/988587","targetHints":{"allow":["GET"]}}],"collection":[{"href":"https:\/\/petmark.ba\/shop\/wp-json\/wp\/v2\/product"}],"about":[{"href":"https:\/\/petmark.ba\/shop\/wp-json\/wp\/v2\/types\/product"}],"replies":[{"embeddable":true,"href":"https:\/\/petmark.ba\/shop\/wp-json\/wp\/v2\/comments?post=988587"}],"version-history":[{"count":4,"href":"https:\/\/petmark.ba\/shop\/wp-json\/wp\/v2\/product\/988587\/revisions"}],"predecessor-version":[{"id":988592,"href":"https:\/\/petmark.ba\/shop\/wp-json\/wp\/v2\/product\/988587\/revisions\/988592"}],"wp:featuredmedia":[{"embeddable":true,"href":"https:\/\/petmark.ba\/shop\/wp-json\/wp\/v2\/media\/988588"}],"wp:attachment":[{"href":"https:\/\/petmark.ba\/shop\/wp-json\/wp\/v2\/media?parent=988587"}],"wp:term":[{"taxonomy":"product_brand","embeddable":true,"href":"https:\/\/petmark.ba\/shop\/wp-json\/wp\/v2\/product_brand?post=988587"},{"taxonomy":"product_cat","embeddable":true,"href":"https:\/\/petmark.ba\/shop\/wp-json\/wp\/v2\/product_cat?post=988587"},{"taxonomy":"product_tag","embeddable":true,"href":"https:\/\/petmark.ba\/shop\/wp-json\/wp\/v2\/product_tag?post=988587"}],"curies":[{"name":"wp","href":"https:\/\/api.w.org\/{rel}","templated":true}]}}