{"id":988593,"date":"2025-01-22T14:28:09","date_gmt":"2025-01-22T13:28:09","guid":{"rendered":"https:\/\/petmark.ba\/shop\/?post_type=product&#038;p=988593"},"modified":"2025-01-22T14:28:09","modified_gmt":"2025-01-22T13:28:09","slug":"moser-velika-cetka-za-ljubimce","status":"publish","type":"product","link":"https:\/\/petmark.ba\/shop\/proizvod\/moser-velika-cetka-za-ljubimce\/","title":{"rendered":"Moser velika \u010detka za ljubimce"},"content":{"rendered":"<div class=\"vgblk-rw-wrapper limit-wrapper\"><a href=\"https:\/\/www.moserpro.com\/\" target=\"_blank\" rel=\"noopener\">Moser<\/a> velika \u010detka za ljubimce<\/p>\n<div class=\"wd-negative-gap elementor-element elementor-element-246ccb9 e-flex e-con-boxed e-con e-parent e-lazyloaded\" data-id=\"246ccb9\" data-element_type=\"container\" data-settings=\"{&quot;jet_parallax_layout_list&quot;:[]}\">\n<div class=\"e-con-inner\">\n<div class=\"elementor-element elementor-element-510692c wd-single-tabs wd-width-100 elementor-widget elementor-widget-wd_single_product_tabs\" data-id=\"510692c\" data-element_type=\"widget\" data-widget_type=\"wd_single_product_tabs.default\">\n<div class=\"elementor-widget-container\">\n<div class=\"woocommerce-tabs wc-tabs-wrapper\" data-state=\"first\" data-layout=\"tabs\">\n<div id=\"tab-description\" class=\"woocommerce-Tabs-panel panel entry-content wc-tab woocommerce-Tabs-panel--description\" role=\"tabpanel\" aria-labelledby=\"tab-title-description\" data-accordion-index=\"description\">\n<p>Dizajnirana za uklanjanje opadaju\u0107ih i iskrzanih dlaka, kao i \u010dvori\u0107a na krznu va\u0161eg ljubimca. Redovnom uporabom poma\u017ee u zagla\u0111ivanju dlake. S ergonomskom ru\u010dkom za lak\u0161e rukovanje.<\/p>\n<\/div>\n<\/div>\n<\/div>\n<\/div>\n<\/div>\n<\/div>\n<div class=\"wd-negative-gap elementor-element elementor-element-aa95126 e-flex e-con-boxed e-con e-parent e-lazyloaded\" data-id=\"aa95126\" data-element_type=\"container\" data-settings=\"{&quot;jet_parallax_layout_list&quot;:[]}\"><\/div>\n<\/div>\n<p><!-- .vgblk-rw-wrapper --><\/p>\n","protected":false},"excerpt":{"rendered":"<p><a href=\"https:\/\/petmark.ba\/shop\/brand\/moser\/\">Moser<\/a> velika \u010detka za ljubimce<\/p>\n<div class=\"wd-negative-gap elementor-element elementor-element-246ccb9 e-flex e-con-boxed e-con e-parent e-lazyloaded\" data-id=\"246ccb9\" data-element_type=\"container\" data-settings=\"{&quot;jet_parallax_layout_list&quot;:[]}\">\n<div class=\"e-con-inner\">\n<div class=\"elementor-element elementor-element-510692c wd-single-tabs wd-width-100 elementor-widget elementor-widget-wd_single_product_tabs\" data-id=\"510692c\" data-element_type=\"widget\" data-widget_type=\"wd_single_product_tabs.default\">\n<div class=\"elementor-widget-container\">\n<div class=\"woocommerce-tabs wc-tabs-wrapper\" data-state=\"first\" data-layout=\"tabs\">\n<div id=\"tab-description\" class=\"woocommerce-Tabs-panel panel entry-content wc-tab woocommerce-Tabs-panel--description\" role=\"tabpanel\" aria-labelledby=\"tab-title-description\" data-accordion-index=\"description\">\n<p>Dizajnirana za uklanjanje opadaju\u0107ih i iskrzanih dlaka, kao i \u010dvori\u0107a na krznu va\u0161eg ljubimca. Redovnom uporabom poma\u017ee u zagla\u0111ivanju dlake. S ergonomskom ru\u010dkom za lak\u0161e rukovanje.<\/p>\n<\/div>\n<\/div>\n<\/div>\n<\/div>\n<\/div>\n<\/div>\n<div class=\"wd-negative-gap elementor-element elementor-element-aa95126 e-flex e-con-boxed e-con e-parent e-lazyloaded\" data-id=\"aa95126\" data-element_type=\"container\" data-settings=\"{&quot;jet_parallax_layout_list&quot;:[]}\"><\/div>\n","protected":false},"featured_media":988595,"comment_status":"open","ping_status":"closed","template":"","meta":[],"product_brand":[394],"product_cat":[402,401,360,271,49,56],"product_tag":[411,412,410,408,409],"class_list":{"0":"post-988593","1":"product","2":"type-product","3":"status-publish","4":"has-post-thumbnail","6":"product_brand-moser","7":"product_cat-cesljevi-i-cetke-za-macke","8":"product_cat-cesljevi-i-cetke-za-pse","9":"product_cat-higijena-i-kozmetika-za-macke","10":"product_cat-higijena-i-kozmetika-za-pse","11":"product_cat-macke","12":"product_cat-psi","13":"product_tag-cetka-za-pse","14":"product_tag-cetke-i-cesljevi-za-zivotinje","15":"product_tag-moser-velika-cetka","16":"product_tag-moser-velika-cetka-za-ljubimce","17":"product_tag-velika-cetka-za-ljubimce","18":"product_shipping_class-petmark","20":"first","21":"instock","22":"shipping-taxable","23":"purchasable","24":"product-type-simple"},"jetpack_sharing_enabled":true,"_links":{"self":[{"href":"https:\/\/petmark.ba\/shop\/wp-json\/wp\/v2\/product\/988593","targetHints":{"allow":["GET"]}}],"collection":[{"href":"https:\/\/petmark.ba\/shop\/wp-json\/wp\/v2\/product"}],"about":[{"href":"https:\/\/petmark.ba\/shop\/wp-json\/wp\/v2\/types\/product"}],"replies":[{"embeddable":true,"href":"https:\/\/petmark.ba\/shop\/wp-json\/wp\/v2\/comments?post=988593"}],"version-history":[{"count":1,"href":"https:\/\/petmark.ba\/shop\/wp-json\/wp\/v2\/product\/988593\/revisions"}],"predecessor-version":[{"id":988594,"href":"https:\/\/petmark.ba\/shop\/wp-json\/wp\/v2\/product\/988593\/revisions\/988594"}],"wp:featuredmedia":[{"embeddable":true,"href":"https:\/\/petmark.ba\/shop\/wp-json\/wp\/v2\/media\/988595"}],"wp:attachment":[{"href":"https:\/\/petmark.ba\/shop\/wp-json\/wp\/v2\/media?parent=988593"}],"wp:term":[{"taxonomy":"product_brand","embeddable":true,"href":"https:\/\/petmark.ba\/shop\/wp-json\/wp\/v2\/product_brand?post=988593"},{"taxonomy":"product_cat","embeddable":true,"href":"https:\/\/petmark.ba\/shop\/wp-json\/wp\/v2\/product_cat?post=988593"},{"taxonomy":"product_tag","embeddable":true,"href":"https:\/\/petmark.ba\/shop\/wp-json\/wp\/v2\/product_tag?post=988593"}],"curies":[{"name":"wp","href":"https:\/\/api.w.org\/{rel}","templated":true}]}}