{"id":988597,"date":"2025-01-24T15:17:28","date_gmt":"2025-01-24T14:17:28","guid":{"rendered":"https:\/\/petmark.ba\/shop\/?post_type=product&#038;p=988597"},"modified":"2025-02-03T14:52:15","modified_gmt":"2025-02-03T13:52:15","slug":"moser-cetka-za-ljubimce-ovalna-dvostrana-outlet","status":"publish","type":"product","link":"https:\/\/petmark.ba\/shop\/proizvod\/moser-cetka-za-ljubimce-ovalna-dvostrana-outlet\/","title":{"rendered":"Moser \u010detka za ljubimce ovalna dvostrana"},"content":{"rendered":"<div class=\"vgblk-rw-wrapper limit-wrapper\"><a href=\"https:\/\/www.moserpro.com\/\" target=\"_blank\" rel=\"noopener\">Moser<\/a> \u010detka za ljubimce ovalna dvostrana<\/p>\n<div class=\"elementor-element elementor-element-6646c347 wd-single-short-desc text-left elementor-widget elementor-widget-wd_single_product_short_description\" data-id=\"6646c347\" data-element_type=\"widget\" data-widget_type=\"wd_single_product_short_description.default\">\n<div class=\"elementor-widget-container\">\n<div class=\"woocommerce-product-details__short-description\">\n<p>Dvostrana \u010detka s \u010dekinjama od nehr\u0111aju\u0107eg \u010delika koja uklanja opadaju\u0107e dlake va\u0161eg psa. Meke \u010dekinje na stra\u017enjoj strani odli\u010dno \u010detkaju krzno, ostavljaju\u0107i ga glatkim i podatnim. Sa ergonomskom, udobnom gel ru\u010dkom za jednostavnije rukovanje.<\/p>\n<\/div>\n<\/div>\n<\/div>\n<div class=\"elementor-element elementor-element-8878fea e-con-full jedv-enabled--yes e-flex e-con e-child\" data-id=\"8878fea\" data-element_type=\"container\" data-settings=\"{&quot;jet_parallax_layout_list&quot;:[]}\">\n<div class=\"elementor-element elementor-element-add0b48 e-con-full e-flex e-con e-child\" data-id=\"add0b48\" data-element_type=\"container\" data-settings=\"{&quot;jet_parallax_layout_list&quot;:[]}\">\n<div class=\"elementor-element elementor-element-46f7a3c elementor-widget elementor-widget-heading\" data-id=\"46f7a3c\" data-element_type=\"widget\" data-widget_type=\"heading.default\"><\/div>\n<\/div>\n<\/div>\n<\/div>\n<p><!-- .vgblk-rw-wrapper --><\/p>\n","protected":false},"excerpt":{"rendered":"<p><a href=\"https:\/\/petmark.ba\/shop\/brand\/moser\/\">Moser <\/a>\u010detka za ljubimce ovalna dvostrana<\/p>\n<div class=\"elementor-element elementor-element-6646c347 wd-single-short-desc text-left elementor-widget elementor-widget-wd_single_product_short_description\" data-id=\"6646c347\" data-element_type=\"widget\" data-widget_type=\"wd_single_product_short_description.default\">\n<div class=\"elementor-widget-container\">\n<div class=\"woocommerce-product-details__short-description\">\n<p>Dvostrana \u010detka s \u010dekinjama od nehr\u0111aju\u0107eg \u010delika koja uklanja opadaju\u0107e dlake va\u0161eg psa. Meke \u010dekinje na stra\u017enjoj strani odli\u010dno \u010detkaju krzno, ostavljaju\u0107i ga glatkim i podatnim. Sa ergonomskom, udobnom gel ru\u010dkom za jednostavnije rukovanje.<\/p>\n<\/div>\n<\/div>\n<\/div>\n<div class=\"elementor-element elementor-element-8878fea e-con-full jedv-enabled--yes e-flex e-con e-child\" data-id=\"8878fea\" data-element_type=\"container\" data-settings=\"{&quot;jet_parallax_layout_list&quot;:[]}\">\n<div class=\"elementor-element elementor-element-add0b48 e-con-full e-flex e-con e-child\" data-id=\"add0b48\" data-element_type=\"container\" data-settings=\"{&quot;jet_parallax_layout_list&quot;:[]}\">\n<div class=\"elementor-element elementor-element-46f7a3c elementor-widget elementor-widget-heading\" data-id=\"46f7a3c\" data-element_type=\"widget\" data-widget_type=\"heading.default\"><\/div>\n<\/div>\n<\/div>\n<div class=\"wd-negative-gap elementor-element elementor-element-aa95126 e-flex e-con-boxed e-con e-parent e-lazyloaded\" data-id=\"aa95126\" data-element_type=\"container\" data-settings=\"{&quot;jet_parallax_layout_list&quot;:[]}\"><\/div>\n","protected":false},"featured_media":988598,"comment_status":"open","ping_status":"closed","template":"","meta":[],"product_brand":[394],"product_cat":[402,401,360,271,49,56],"product_tag":[414,411,412,413],"class_list":{"0":"post-988597","1":"product","2":"type-product","3":"status-publish","4":"has-post-thumbnail","6":"product_brand-moser","7":"product_cat-cesljevi-i-cetke-za-macke","8":"product_cat-cesljevi-i-cetke-za-pse","9":"product_cat-higijena-i-kozmetika-za-macke","10":"product_cat-higijena-i-kozmetika-za-pse","11":"product_cat-macke","12":"product_cat-psi","13":"product_tag-cetka-za-ljubimce-ovalna-dvostrana","14":"product_tag-cetka-za-pse","15":"product_tag-cetke-i-cesljevi-za-zivotinje","16":"product_tag-moser-cetka-za-ljubimce-ovalna-dvostrana","17":"product_shipping_class-petmark","19":"first","20":"instock","21":"shipping-taxable","22":"purchasable","23":"product-type-simple"},"jetpack_sharing_enabled":true,"_links":{"self":[{"href":"https:\/\/petmark.ba\/shop\/wp-json\/wp\/v2\/product\/988597","targetHints":{"allow":["GET"]}}],"collection":[{"href":"https:\/\/petmark.ba\/shop\/wp-json\/wp\/v2\/product"}],"about":[{"href":"https:\/\/petmark.ba\/shop\/wp-json\/wp\/v2\/types\/product"}],"replies":[{"embeddable":true,"href":"https:\/\/petmark.ba\/shop\/wp-json\/wp\/v2\/comments?post=988597"}],"version-history":[{"count":2,"href":"https:\/\/petmark.ba\/shop\/wp-json\/wp\/v2\/product\/988597\/revisions"}],"predecessor-version":[{"id":988600,"href":"https:\/\/petmark.ba\/shop\/wp-json\/wp\/v2\/product\/988597\/revisions\/988600"}],"wp:featuredmedia":[{"embeddable":true,"href":"https:\/\/petmark.ba\/shop\/wp-json\/wp\/v2\/media\/988598"}],"wp:attachment":[{"href":"https:\/\/petmark.ba\/shop\/wp-json\/wp\/v2\/media?parent=988597"}],"wp:term":[{"taxonomy":"product_brand","embeddable":true,"href":"https:\/\/petmark.ba\/shop\/wp-json\/wp\/v2\/product_brand?post=988597"},{"taxonomy":"product_cat","embeddable":true,"href":"https:\/\/petmark.ba\/shop\/wp-json\/wp\/v2\/product_cat?post=988597"},{"taxonomy":"product_tag","embeddable":true,"href":"https:\/\/petmark.ba\/shop\/wp-json\/wp\/v2\/product_tag?post=988597"}],"curies":[{"name":"wp","href":"https:\/\/api.w.org\/{rel}","templated":true}]}}