{"id":988612,"date":"2025-01-29T14:25:50","date_gmt":"2025-01-29T13:25:50","guid":{"rendered":"https:\/\/petmark.ba\/shop\/?post_type=product&#038;p=988612"},"modified":"2025-02-03T14:54:16","modified_gmt":"2025-02-03T13:54:16","slug":"wahl-easy-groom-balzam-za-zivotinje-koncentrirani-500-ml","status":"publish","type":"product","link":"https:\/\/petmark.ba\/shop\/proizvod\/wahl-easy-groom-balzam-za-zivotinje-koncentrirani-500-ml\/","title":{"rendered":"Wahl Easy Groom balzam za \u017eivotinje koncentrirani 500 ml"},"content":{"rendered":"<div class=\"vgblk-rw-wrapper limit-wrapper\">&nbsp;<\/p>\n<div class=\"elementor-element elementor-element-6646c347 wd-single-short-desc text-left elementor-widget elementor-widget-wd_single_product_short_description\" data-id=\"6646c347\" data-element_type=\"widget\" data-widget_type=\"wd_single_product_short_description.default\">\n<div class=\"elementor-widget-container\">\n<div class=\"woocommerce-product-details__short-description\">\n<h5><a href=\"https:\/\/eu.wahl.com\/\" target=\"_blank\" rel=\"noopener\">Wahl<\/a> Easy Groom balzam za \u017eivotinje koncentrirani 500 ml<\/h5>\n<h5><span style=\"color: var(--vamtam-widget-text-lighter); letter-spacing: var(--vamtam-primary-font-letter-spacing-desktop,normal); text-transform: var(--vamtam-primary-font-transform,none);\">Savr\u0161eno uravnote\u017eena formula koja sadr\u017ei vitamin E i samo najbolje sastojke za kondicioniranje koji nje\u017eno oboga\u0107uju, hidratiziraju i \u0161tite dlaku nakon \u0161amponiranja. <\/span><\/h5>\n<h5><span style=\"color: var(--vamtam-widget-text-lighter); letter-spacing: var(--vamtam-primary-font-letter-spacing-desktop,normal); text-transform: var(--vamtam-primary-font-transform,none);\">\u010citava paleta formuliranih sastojaka revitalizira krzno, ostavljaju\u0107i ga glatkim, mekim i sjajnim. <\/span><\/h5>\n<h5><span style=\"color: var(--vamtam-widget-text-lighter); letter-spacing: var(--vamtam-primary-font-letter-spacing-desktop,normal); text-transform: var(--vamtam-primary-font-transform,none);\">Bez ljepljivih ili voskastih ostataka, proizvod prikladan za sve tipove \u017eivotinjskog krzna (za pse, <a href=\"https:\/\/petmark.ba\/shop\/kategorija\/macke\/\">ma\u010dke<\/a>, konje, goveda, koze, ovce, ze\u010deve). <\/span><\/h5>\n<h5><span style=\"color: var(--vamtam-widget-text-lighter); letter-spacing: var(--vamtam-primary-font-letter-spacing-desktop,normal); text-transform: var(--vamtam-primary-font-transform,none);\">Osigurava svilenkastu zavr\u0161nicu, a dlaka ostaje fleksibilna i revitalizirana. Nanesite nakon \u0161amponiranja na vla\u017enu dlaku, a zatim isperite.<\/span><\/h5>\n<div class=\"elementor-element elementor-element-6646c347 wd-single-short-desc text-left elementor-widget elementor-widget-wd_single_product_short_description\" data-id=\"6646c347\" data-element_type=\"widget\" data-widget_type=\"wd_single_product_short_description.default\">\n<div class=\"elementor-widget-container\">\n<div class=\"woocommerce-product-details__short-description\">\n<div class=\"wd-negative-gap elementor-element elementor-element-aa95126 e-flex e-con-boxed e-con e-parent e-lazyloaded\" data-id=\"aa95126\" data-element_type=\"container\" data-settings=\"{&quot;jet_parallax_layout_list&quot;:[]}\"><\/div>\n<\/div>\n<\/div>\n<\/div>\n<div class=\"elementor-element elementor-element-8878fea e-con-full jedv-enabled--yes e-flex e-con e-child\" data-id=\"8878fea\" data-element_type=\"container\" data-settings=\"{&quot;jet_parallax_layout_list&quot;:[]}\">\n<div class=\"elementor-element elementor-element-add0b48 e-con-full e-flex e-con e-child\" data-id=\"add0b48\" data-element_type=\"container\" data-settings=\"{&quot;jet_parallax_layout_list&quot;:[]}\">\n<div class=\"elementor-element elementor-element-46f7a3c elementor-widget elementor-widget-heading\" data-id=\"46f7a3c\" data-element_type=\"widget\" data-widget_type=\"heading.default\"><\/div>\n<\/div>\n<\/div>\n<\/div>\n<\/div>\n<\/div>\n<div class=\"elementor-element elementor-element-8878fea e-con-full jedv-enabled--yes e-flex e-con e-child\" data-id=\"8878fea\" data-element_type=\"container\" data-settings=\"{&quot;jet_parallax_layout_list&quot;:[]}\">\n<div class=\"elementor-element elementor-element-add0b48 e-con-full e-flex e-con e-child\" data-id=\"add0b48\" data-element_type=\"container\" data-settings=\"{&quot;jet_parallax_layout_list&quot;:[]}\">\n<div class=\"elementor-element elementor-element-46f7a3c elementor-widget elementor-widget-heading\" data-id=\"46f7a3c\" data-element_type=\"widget\" data-widget_type=\"heading.default\"><\/div>\n<\/div>\n<\/div>\n<\/div>\n<p><!-- .vgblk-rw-wrapper --><\/p>\n","protected":false},"excerpt":{"rendered":"<p>&nbsp;<\/p>\n<div class=\"elementor-element elementor-element-8878fea e-con-full jedv-enabled--yes e-flex e-con e-child\" data-id=\"8878fea\" data-element_type=\"container\" data-settings=\"{&quot;jet_parallax_layout_list&quot;:[]}\">\n<div class=\"elementor-element elementor-element-add0b48 e-con-full e-flex e-con e-child\" data-id=\"add0b48\" data-element_type=\"container\" data-settings=\"{&quot;jet_parallax_layout_list&quot;:[]}\">\n<div class=\"elementor-element elementor-element-46f7a3c elementor-widget elementor-widget-heading\" data-id=\"46f7a3c\" data-element_type=\"widget\" data-widget_type=\"heading.default\">\n<p>&nbsp;<\/p>\n<div class=\"elementor-element elementor-element-6646c347 wd-single-short-desc text-left elementor-widget elementor-widget-wd_single_product_short_description\" data-id=\"6646c347\" data-element_type=\"widget\" data-widget_type=\"wd_single_product_short_description.default\">\n<div class=\"elementor-widget-container\">\n<div class=\"woocommerce-product-details__short-description\">\n<h5><a href=\"https:\/\/eu.wahl.com\/\" target=\"_blank\" rel=\"noopener\">Wahl<\/a> Easy Groom balzam za \u017eivotinje koncentrirani 500 ml<\/h5>\n<h5><span style=\"color: var(--vamtam-widget-text-lighter); letter-spacing: var(--vamtam-primary-font-letter-spacing-desktop,normal); text-transform: var(--vamtam-primary-font-transform,none);\">Savr\u0161eno uravnote\u017eena formula koja sadr\u017ei vitamin E i samo najbolje sastojke za kondicioniranje koji nje\u017eno oboga\u0107uju, hidratiziraju i \u0161tite dlaku nakon \u0161amponiranja. <\/span><\/h5>\n<h5><span style=\"color: var(--vamtam-widget-text-lighter); letter-spacing: var(--vamtam-primary-font-letter-spacing-desktop,normal); text-transform: var(--vamtam-primary-font-transform,none);\">\u010citava paleta formuliranih sastojaka revitalizira krzno, ostavljaju\u0107i ga glatkim, mekim i sjajnim. <\/span><\/h5>\n<h5><span style=\"color: var(--vamtam-widget-text-lighter); letter-spacing: var(--vamtam-primary-font-letter-spacing-desktop,normal); text-transform: var(--vamtam-primary-font-transform,none);\">Bez ljepljivih ili voskastih ostataka, proizvod prikladan za sve tipove \u017eivotinjskog krzna (za pse, ma\u010dke, konje, goveda, koze, ovce, ze\u010deve). <\/span><\/h5>\n<h5><span style=\"color: var(--vamtam-widget-text-lighter); letter-spacing: var(--vamtam-primary-font-letter-spacing-desktop,normal); text-transform: var(--vamtam-primary-font-transform,none);\">Osigurava svilenkastu zavr\u0161nicu, a dlaka ostaje fleksibilna i revitalizirana. Nanesite nakon \u0161amponiranja na vla\u017enu dlaku, a zatim isperite.<\/span><\/h5>\n<div class=\"elementor-element elementor-element-6646c347 wd-single-short-desc text-left elementor-widget elementor-widget-wd_single_product_short_description\" data-id=\"6646c347\" data-element_type=\"widget\" data-widget_type=\"wd_single_product_short_description.default\">\n<div class=\"elementor-widget-container\">\n<div class=\"woocommerce-product-details__short-description\">\n<div class=\"wd-negative-gap elementor-element elementor-element-aa95126 e-flex e-con-boxed e-con e-parent e-lazyloaded\" data-id=\"aa95126\" data-element_type=\"container\" data-settings=\"{&quot;jet_parallax_layout_list&quot;:[]}\"><\/div>\n<\/div>\n<\/div>\n<\/div>\n<div class=\"elementor-element elementor-element-8878fea e-con-full jedv-enabled--yes e-flex e-con e-child\" data-id=\"8878fea\" data-element_type=\"container\" data-settings=\"{&quot;jet_parallax_layout_list&quot;:[]}\">\n<div class=\"elementor-element elementor-element-add0b48 e-con-full e-flex e-con e-child\" data-id=\"add0b48\" data-element_type=\"container\" data-settings=\"{&quot;jet_parallax_layout_list&quot;:[]}\">\n<div class=\"elementor-element elementor-element-46f7a3c elementor-widget elementor-widget-heading\" data-id=\"46f7a3c\" data-element_type=\"widget\" data-widget_type=\"heading.default\"><\/div>\n<\/div>\n<\/div>\n<\/div>\n<\/div>\n<\/div>\n<div class=\"elementor-element elementor-element-8878fea e-con-full jedv-enabled--yes e-flex e-con e-child\" data-id=\"8878fea\" data-element_type=\"container\" data-settings=\"{&quot;jet_parallax_layout_list&quot;:[]}\">\n<div class=\"elementor-element elementor-element-add0b48 e-con-full e-flex e-con e-child\" data-id=\"add0b48\" data-element_type=\"container\" data-settings=\"{&quot;jet_parallax_layout_list&quot;:[]}\">\n<div class=\"elementor-element elementor-element-46f7a3c elementor-widget elementor-widget-heading\" data-id=\"46f7a3c\" data-element_type=\"widget\" data-widget_type=\"heading.default\"><\/div>\n<\/div>\n<\/div>\n<\/div>\n<\/div>\n<\/div>\n","protected":false},"featured_media":988613,"comment_status":"open","ping_status":"closed","template":"","meta":[],"product_brand":[415],"product_cat":[418,276,360,271,49,56,417],"product_tag":[421,422,420,419],"class_list":{"0":"post-988612","1":"product","2":"type-product","3":"status-publish","4":"has-post-thumbnail","6":"product_brand-wahl","7":"product_cat-balzam-za-macke","8":"product_cat-balzam-za-sape","9":"product_cat-higijena-i-kozmetika-za-macke","10":"product_cat-higijena-i-kozmetika-za-pse","11":"product_cat-macke","12":"product_cat-psi","13":"product_cat-sampon-za-macke","14":"product_tag-koncentrovani-regenerator","15":"product_tag-wahl-easy-groom","16":"product_tag-wahl-easy-groom-balzam","17":"product_tag-wahl-easy-groom-balzam-za-zivotinje-koncentrirani-500-ml","18":"product_shipping_class-petmark","20":"first","21":"instock","22":"shipping-taxable","23":"purchasable","24":"product-type-simple"},"jetpack_sharing_enabled":true,"_links":{"self":[{"href":"https:\/\/petmark.ba\/shop\/wp-json\/wp\/v2\/product\/988612","targetHints":{"allow":["GET"]}}],"collection":[{"href":"https:\/\/petmark.ba\/shop\/wp-json\/wp\/v2\/product"}],"about":[{"href":"https:\/\/petmark.ba\/shop\/wp-json\/wp\/v2\/types\/product"}],"replies":[{"embeddable":true,"href":"https:\/\/petmark.ba\/shop\/wp-json\/wp\/v2\/comments?post=988612"}],"version-history":[{"count":3,"href":"https:\/\/petmark.ba\/shop\/wp-json\/wp\/v2\/product\/988612\/revisions"}],"predecessor-version":[{"id":988615,"href":"https:\/\/petmark.ba\/shop\/wp-json\/wp\/v2\/product\/988612\/revisions\/988615"}],"wp:featuredmedia":[{"embeddable":true,"href":"https:\/\/petmark.ba\/shop\/wp-json\/wp\/v2\/media\/988613"}],"wp:attachment":[{"href":"https:\/\/petmark.ba\/shop\/wp-json\/wp\/v2\/media?parent=988612"}],"wp:term":[{"taxonomy":"product_brand","embeddable":true,"href":"https:\/\/petmark.ba\/shop\/wp-json\/wp\/v2\/product_brand?post=988612"},{"taxonomy":"product_cat","embeddable":true,"href":"https:\/\/petmark.ba\/shop\/wp-json\/wp\/v2\/product_cat?post=988612"},{"taxonomy":"product_tag","embeddable":true,"href":"https:\/\/petmark.ba\/shop\/wp-json\/wp\/v2\/product_tag?post=988612"}],"curies":[{"name":"wp","href":"https:\/\/api.w.org\/{rel}","templated":true}]}}