{"id":988617,"date":"2025-01-29T14:44:40","date_gmt":"2025-01-29T13:44:40","guid":{"rendered":"https:\/\/petmark.ba\/shop\/?post_type=product&#038;p=988617"},"modified":"2025-02-03T14:56:11","modified_gmt":"2025-02-03T13:56:11","slug":"moser-max-45-masinica-za-sisanje-ljubimaca","status":"publish","type":"product","link":"https:\/\/petmark.ba\/shop\/proizvod\/moser-max-45-masinica-za-sisanje-ljubimaca\/","title":{"rendered":"Moser Max 45 ma\u0161inica za \u0161i\u0161anje ljubimaca"},"content":{"rendered":"<div class=\"vgblk-rw-wrapper limit-wrapper\">\n<h3><a href=\"https:\/\/petmark.ba\/shop\/brand\/moser\/\">Moser<\/a> Max 45 ma\u0161inica za \u0161i\u0161anje ljubimaca<\/h3>\n<p>&nbsp;<\/p>\n<div class=\"elementor-element elementor-element-6646c347 wd-single-short-desc text-left elementor-widget elementor-widget-wd_single_product_short_description\" data-id=\"6646c347\" data-element_type=\"widget\" data-widget_type=\"wd_single_product_short_description.default\">\n<div class=\"elementor-widget-container\">\n<div class=\"woocommerce-product-details__short-description\">\n<p><a href=\"https:\/\/www.moserpro.com\/\" target=\"_blank\" rel=\"noopener\">MOSER a<\/a><span style=\"color: var(--vamtam-widget-text-lighter); letter-spacing: var(--vamtam-primary-font-letter-spacing-desktop,normal); text-transform: var(--vamtam-primary-font-transform,none);\">parat idealan za cjelovito \u0161i\u0161anje velikih pasa i ma\u010daka, ili detaljno \u0161i\u0161anje konja. Zahvaljuju\u0107i sna\u017enom\u00a0 motoru od 45 W s dvije brzine, posebno dugo optere\u0107enje ne predstavlja nikakav problem. Ergonomski dizajn aparata za \u0161i\u0161anje osigurava \u00a0posebnu lako\u0107u \u0161i\u0161anja i ispunjava sve profesionalne zahtjeve, jer je prakti\u010dan, male veli\u010dine i robustan. S posebnim prigu\u0161iva\u010dem vibracija. Profesionalni brija\u0107i no\u017eevi ovog aparata su vrlo precizni, a njihovo mijenjanje je posebno jednostavno \u2013 potrebno je samo pritisnuti dugme za promjenu no\u017ea. Dimenzije: (d)185 x (\u0161) 46 x (v) 48 mm. Rad na struju (kabel).<\/span><\/p>\n<div class=\"elementor-element elementor-element-8878fea e-con-full jedv-enabled--yes e-flex e-con e-child\" data-id=\"8878fea\" data-element_type=\"container\" data-settings=\"{&quot;jet_parallax_layout_list&quot;:[]}\">\n<div class=\"elementor-element elementor-element-add0b48 e-con-full e-flex e-con e-child\" data-id=\"add0b48\" data-element_type=\"container\" data-settings=\"{&quot;jet_parallax_layout_list&quot;:[]}\">\n<div class=\"elementor-element elementor-element-46f7a3c elementor-widget elementor-widget-heading\" data-id=\"46f7a3c\" data-element_type=\"widget\" data-widget_type=\"heading.default\"><\/div>\n<\/div>\n<\/div>\n<p><strong>Karakteristike:<\/strong><\/p>\n<ul>\n<li><span data-sheets-value=\"{&quot;1&quot;:2,&quot;2&quot;:&quot;Motor elektromagnetni 7200 o\/min. Du\u017eina rezanja 0,5 do 2,4 mm. Snaga 17,5 W. Visoko kvalitetni no\u017eevi od uglji\u010dnog \u010delika. Izdr\u017eljivo aluminijumsko ku\u0107i\u0161te.&quot;}\" data-sheets-userformat=\"{&quot;2&quot;:4993,&quot;3&quot;:{&quot;1&quot;:0},&quot;10&quot;:2,&quot;11&quot;:0,&quot;12&quot;:0,&quot;15&quot;:&quot;Arial, sans-serif&quot;}\">Motor: rotacijski 2400-3000 o\/min<\/span><\/li>\n<li><span data-sheets-value=\"{&quot;1&quot;:2,&quot;2&quot;:&quot;Motor elektromagnetni 7200 o\/min. Du\u017eina rezanja 0,5 do 2,4 mm. Snaga 17,5 W. Visoko kvalitetni no\u017eevi od uglji\u010dnog \u010delika. Izdr\u017eljivo aluminijumsko ku\u0107i\u0161te.&quot;}\" data-sheets-userformat=\"{&quot;2&quot;:4993,&quot;3&quot;:{&quot;1&quot;:0},&quot;10&quot;:2,&quot;11&quot;:0,&quot;12&quot;:0,&quot;15&quot;:&quot;Arial, sans-serif&quot;}\">2 brzine<\/span><\/li>\n<li><span data-sheets-value=\"{&quot;1&quot;:2,&quot;2&quot;:&quot;Motor elektromagnetni 7200 o\/min. Du\u017eina rezanja 0,5 do 2,4 mm. Snaga 17,5 W. Visoko kvalitetni no\u017eevi od uglji\u010dnog \u010delika. Izdr\u017eljivo aluminijumsko ku\u0107i\u0161te.&quot;}\" data-sheets-userformat=\"{&quot;2&quot;:4993,&quot;3&quot;:{&quot;1&quot;:0},&quot;10&quot;:2,&quot;11&quot;:0,&quot;12&quot;:0,&quot;15&quot;:&quot;Arial, sans-serif&quot;}\">No\u017e \u0161irine 48 mm<\/span><\/li>\n<li><span data-sheets-value=\"{&quot;1&quot;:2,&quot;2&quot;:&quot;Motor elektromagnetni 7200 o\/min. Du\u017eina rezanja 0,5 do 2,4 mm. Snaga 17,5 W. Visoko kvalitetni no\u017eevi od uglji\u010dnog \u010delika. Izdr\u017eljivo aluminijumsko ku\u0107i\u0161te.&quot;}\" data-sheets-userformat=\"{&quot;2&quot;:4993,&quot;3&quot;:{&quot;1&quot;:0},&quot;10&quot;:2,&quot;11&quot;:0,&quot;12&quot;:0,&quot;15&quot;:&quot;Arial, sans-serif&quot;}\">Gumirami kabel duljine 3 m<\/span><\/li>\n<li><span data-sheets-value=\"{&quot;1&quot;:2,&quot;2&quot;:&quot;Motor elektromagnetni 7200 o\/min. Du\u017eina rezanja 0,5 do 2,4 mm. Snaga 17,5 W. Visoko kvalitetni no\u017eevi od uglji\u010dnog \u010delika. Izdr\u017eljivo aluminijumsko ku\u0107i\u0161te.&quot;}\" data-sheets-userformat=\"{&quot;2&quot;:4993,&quot;3&quot;:{&quot;1&quot;:0},&quot;10&quot;:2,&quot;11&quot;:0,&quot;12&quot;:0,&quot;15&quot;:&quot;Arial, sans-serif&quot;}\">Te\u017eina: 430 g.<\/span><\/li>\n<\/ul>\n<p><strong>Pakiranje sadr\u017ei:<\/strong><\/p>\n<ul>\n<li>Aparat za \u0161i\u0161anje<\/li>\n<li>No\u017e\u00a0 (1 mm)<\/li>\n<li>2 metalna \u010de\u0161lja (10 &amp; 16)<\/li>\n<li>\u010crtkica za \u0107i\u0161\u0107enje<\/li>\n<li>Ulje za podmazivanje.<\/li>\n<\/ul>\n<p><strong>Napomena:<\/strong><\/p>\n<ul>\n<li>Molimo da dovedete u obzir da brija\u0107i no\u017e od 1 mm, koji dolazi s aparatom, nije prikladan za sve pse. Najbolje odgovara za potpuno \u0161i\u0161anje duga\u010dkog, tankog, te sna\u017eno zapetljanog krzna sa i bez poddlake. Brija\u0107i no\u017e od 1 mm se mo\u017ee koristiti i kod zapetljanog krzna dugodlakih pasmina.<\/li>\n<li>Po \u017eelji mo\u017eete naru\u010diti set od tri komada \u010de\u0161ljeva, koji odgovaraju brija\u0107im glavama od 0,2 mm, 1 mm, 2 mm i 3 mm. Du\u017eina ovih \u010de\u0161ljeva je 6 mm, 10 mm i 13 mm.<\/li>\n<\/ul>\n<div class=\"wd-negative-gap elementor-element elementor-element-246ccb9 e-flex e-con-boxed e-con e-parent e-lazyloaded\" data-id=\"246ccb9\" data-element_type=\"container\" data-settings=\"{&quot;jet_parallax_layout_list&quot;:[]}\">\n<div class=\"e-con-inner\">\n<div class=\"elementor-element elementor-element-510692c wd-single-tabs wd-width-100 elementor-widget elementor-widget-wd_single_product_tabs\" data-id=\"510692c\" data-element_type=\"widget\" data-widget_type=\"wd_single_product_tabs.default\">\n<div class=\"elementor-widget-container\">\n<div class=\"woocommerce-tabs wc-tabs-wrapper\" data-state=\"first\" data-layout=\"tabs\">\n<div id=\"tab-description\" class=\"woocommerce-Tabs-panel panel entry-content wc-tab woocommerce-Tabs-panel--description\" role=\"tabpanel\" aria-labelledby=\"tab-title-description\" data-accordion-index=\"description\">\n<p>\u00a0<strong>Napomena:\u00a0<\/strong>ma\u0161inica se mo\u017ee koristiti i kao frizreska, ukoliko se na nju postavi odgovaraju\u0107i no\u017e.<\/p>\n<div class=\"vamtam-video-frame\"><iframe title=\"MOSER Max45 - How to groom a dog with thick hair | MOSER Animal\" width=\"1280\" height=\"720\" src=\"https:\/\/www.youtube.com\/embed\/4sUj-1wVCbg?feature=oembed\" frameborder=\"0\" allow=\"accelerometer; autoplay; clipboard-write; encrypted-media; gyroscope; picture-in-picture; web-share\" referrerpolicy=\"strict-origin-when-cross-origin\" allowfullscreen><\/iframe><\/div>\n<\/div>\n<\/div>\n<\/div>\n<\/div>\n<\/div>\n<\/div>\n<\/div>\n<\/div>\n<\/div>\n<div class=\"wd-negative-gap elementor-element elementor-element-aa95126 e-flex e-con-boxed e-con e-parent e-lazyloaded\" data-id=\"aa95126\" data-element_type=\"container\" data-settings=\"{&quot;jet_parallax_layout_list&quot;:[]}\">\n<p>Odsad priu\u0161tite profesionalno \u0161i\u0161anje Va\u0161em ljubimcu u udobnosti Va\u0161eg doma: robusni Moser max45 aparat za \u0161i\u0161anje je idealan za\u00a0<b>cjelovito \u0161i\u0161anje velikih pasa i ma\u010daka\u00a0<\/b>ili detaljno \u0161i\u0161anje konja. Zahvaljuju\u0107i sna\u017enom\u00a0<b>45 W\u00a0<\/b>motoru s\u00a0<b>dvije brzine<\/b>\u00a0posebno dugo optere\u0107enje ne predstavlja nikakav problem.Ergonomski dizajn aparata za \u0161i\u0161anje brine za posebno lako\u0107u i ispunjava sve profesionalne zahtjeve, jer je\u00a0<b>prakti\u010dan, mal i robustan<\/b>. S posebnim prigu\u0161ivanjem vibracija Moser max45 proizvodi vrlo malo vibracija. Profesionalne\u00a0brija\u0107e\u00a0o\u0161trice su vrlo precizne, a njihovo mijenjanje je posebno jednostavno \u2013\u00a0potrebno je samo pritisnuti dugme za promjenu o\u0161trice. Aparat za \u0161i\u0161anje dolazi s potpunom opremom:\u00a0<b>brija\u0107om o\u0161tricom od 1 mm, dva nastavka, \u010detkom za \u010di\u0161\u0107enje i uljem za odr\u017eavanje<\/b>.<\/p>\n<p><b>Molimo uzmite u obzir da brija\u0107i no\u017e od 1 mm, koji dolazi s aparatom, nije prikladan za sve pse.\u00a0<\/b>Najbolje je prikladan za potpuno \u0161i\u0161anje duga\u010dkog, finog, te sna\u017eno zapetljanog krzna s i bez poddlake. Brija\u0107a o\u0161trica od 1 mm se mo\u017ee koristiti i kod zapetljanog krzna dugodlakih pasmina.<\/p>\n<p>U dostavu su uklju\u010dena i dva dugotrajna \u010de\u0161lja sa zupcima od plemenitog \u010delika koji se mogu koristiti za promjenu reza na 10 mm i 16 mm. Oni se sigurno pri\u010dvrste na o\u0161tricu i omogu\u0107uju ravnomjerno \u0161i\u0161anje.<\/p>\n<p>Po \u017eelji mo\u017eete naru\u010diti set od tri komada \u010de\u0161ljeva, koji odgovaraju brija\u0107im glavama od 0,2 mm, 1 mm, 2 mm i 3 mm. Du\u017eina ovih \u010de\u0161ljeva je 6 mm, 10 mm i 13 mm.<\/p>\n<p><b>Moser max45 aparata za \u0161i\u0161anje u pregledu:<\/b><\/p>\n<ul>\n<li><b>ergonomski aparat za \u0161i\u0161anje u 2 brzine<\/b>\u00a0za profesionalno cjelovito i detaljno \u0161i\u0161anje<\/li>\n<li><b>dugme za brzo mijenjanje o\u0161tirce\u00a0<\/b>za posebno jednostavnu promjenu brija\u0107e o\u0161trice i lako \u010di\u0161\u0107enje<\/li>\n<li><b>precizna\u00a0brija\u0107a\u00a0o\u0161trica od plemenitog \u010delika\u00a0<\/b>s ispoliranom povr\u0161inom i to\u010dnom \u0161rafurom za garantirani duga\u010dki vijek trajanja, duljina reza: 1 mm<\/li>\n<li><b>zra\u010dni filtar\u00a0<\/b>za optimalno hla\u0111enje motora<\/li>\n<li><b>fleksibilan kabel od 3 m<\/b>\u00a0za maksimalnu slobodu kretanja pri \u0161i\u0161anju<\/li>\n<li><b>posebno opteretiv DC-motor<\/b>\u00a0s 2400 i 3000 o\/min, 220 \u2013\u00a0240 V, 50 \u2013 60 Hz, 45 W<\/li>\n<li><b>proizvodi malo vibracija<\/b>\u00a0s posebnim prigu\u0161iva\u010dem<\/li>\n<li><b>uklju\u010duje pribor:<\/b>\u00a0brija\u0107u\u00a0o\u0161tricu od 1 mm, dva \u010de\u0161lja za du\u017einu reza od 10 mm i 16 mm, \u010detku za \u010di\u0161\u0107enje i ulje za odr\u017eavanje<\/li>\n<li><b>proizveden u Njema\u010dkoj<\/b><\/li>\n<li><b>kompatibilan s Moser setom od tri komada brija\u0107ih \u010de\u0161ljeva od plemenitog \u010delika\u00a0<\/b>u du\u017einama 6 mm, 10 mm i 13 mm<\/li>\n<li><b>dimenzije:<\/b>\u00a0D 185 x \u0160 46 x V 48 mm.<\/li>\n<\/ul>\n<h6>Moser Max 45 ma\u0161inica za \u0161i\u0161anje ljubimaca<\/h6>\n<div>\n<div><\/div>\n<\/div>\n<\/div>\n<\/div>\n<p><!-- .vgblk-rw-wrapper --><\/p>\n","protected":false},"excerpt":{"rendered":"<h3><a href=\"https:\/\/petmark.ba\/shop\/brand\/moser\/\">Moser<\/a> Max 45 ma\u0161inica za \u0161i\u0161anje ljubimaca. Pet ma\u0161inica za \u0161i\u0161anje MOSER MAX 45 je profesionalna ma\u0161inica za \u0161i\u0161anje pasa sa dve brzine. Poseduje sistem se\u010diva za laku zamenu i \u010di\u0161\u0107enje.<\/h3>\n<p>Optimizovano hla\u0111enje omogu\u0107ava kontinuirani rad. Zamenljivi vazdu\u0161ni filter omogu\u0107ava lako i brzo \u010di\u0161\u0107enje.<\/p>\n<div class=\"elementor-element elementor-element-6646c347 wd-single-short-desc text-left elementor-widget elementor-widget-wd_single_product_short_description\" data-id=\"6646c347\" data-element_type=\"widget\" data-widget_type=\"wd_single_product_short_description.default\">\n<div class=\"elementor-widget-container\">\n<div class=\"woocommerce-product-details__short-description\">\n<div class=\"elementor-element elementor-element-8878fea e-con-full jedv-enabled--yes e-flex e-con e-child\" data-id=\"8878fea\" data-element_type=\"container\" data-settings=\"{&quot;jet_parallax_layout_list&quot;:[]}\">\n<div class=\"elementor-element elementor-element-add0b48 e-con-full e-flex e-con e-child\" data-id=\"add0b48\" data-element_type=\"container\" data-settings=\"{&quot;jet_parallax_layout_list&quot;:[]}\">\n<div class=\"elementor-element elementor-element-46f7a3c elementor-widget elementor-widget-heading\" data-id=\"46f7a3c\" data-element_type=\"widget\" data-widget_type=\"heading.default\"><\/div>\n<\/div>\n<\/div>\n<ul>\n<li><span data-sheets-value=\"{&quot;1&quot;:2,&quot;2&quot;:&quot;Motor elektromagnetni 7200 o\/min. Du\u017eina rezanja 0,5 do 2,4 mm. Snaga 17,5 W. Visoko kvalitetni no\u017eevi od uglji\u010dnog \u010delika. Izdr\u017eljivo aluminijumsko ku\u0107i\u0161te.&quot;}\" data-sheets-userformat=\"{&quot;2&quot;:4993,&quot;3&quot;:{&quot;1&quot;:0},&quot;10&quot;:2,&quot;11&quot;:0,&quot;12&quot;:0,&quot;15&quot;:&quot;Arial, sans-serif&quot;}\">Motor: rotacijski 2400-3000 o\/min<\/span><\/li>\n<li><span data-sheets-value=\"{&quot;1&quot;:2,&quot;2&quot;:&quot;Motor elektromagnetni 7200 o\/min. Du\u017eina rezanja 0,5 do 2,4 mm. Snaga 17,5 W. Visoko kvalitetni no\u017eevi od uglji\u010dnog \u010delika. Izdr\u017eljivo aluminijumsko ku\u0107i\u0161te.&quot;}\" data-sheets-userformat=\"{&quot;2&quot;:4993,&quot;3&quot;:{&quot;1&quot;:0},&quot;10&quot;:2,&quot;11&quot;:0,&quot;12&quot;:0,&quot;15&quot;:&quot;Arial, sans-serif&quot;}\">2 brzine<\/span><\/li>\n<li><span data-sheets-value=\"{&quot;1&quot;:2,&quot;2&quot;:&quot;Motor elektromagnetni 7200 o\/min. Du\u017eina rezanja 0,5 do 2,4 mm. Snaga 17,5 W. Visoko kvalitetni no\u017eevi od uglji\u010dnog \u010delika. Izdr\u017eljivo aluminijumsko ku\u0107i\u0161te.&quot;}\" data-sheets-userformat=\"{&quot;2&quot;:4993,&quot;3&quot;:{&quot;1&quot;:0},&quot;10&quot;:2,&quot;11&quot;:0,&quot;12&quot;:0,&quot;15&quot;:&quot;Arial, sans-serif&quot;}\">No\u017e \u0161irine 48 mm<\/span><\/li>\n<li><span data-sheets-value=\"{&quot;1&quot;:2,&quot;2&quot;:&quot;Motor elektromagnetni 7200 o\/min. Du\u017eina rezanja 0,5 do 2,4 mm. Snaga 17,5 W. Visoko kvalitetni no\u017eevi od uglji\u010dnog \u010delika. Izdr\u017eljivo aluminijumsko ku\u0107i\u0161te.&quot;}\" data-sheets-userformat=\"{&quot;2&quot;:4993,&quot;3&quot;:{&quot;1&quot;:0},&quot;10&quot;:2,&quot;11&quot;:0,&quot;12&quot;:0,&quot;15&quot;:&quot;Arial, sans-serif&quot;}\">Gumirami kabel duljine 3 m<\/span><\/li>\n<li><span data-sheets-value=\"{&quot;1&quot;:2,&quot;2&quot;:&quot;Motor elektromagnetni 7200 o\/min. Du\u017eina rezanja 0,5 do 2,4 mm. Snaga 17,5 W. Visoko kvalitetni no\u017eevi od uglji\u010dnog \u010delika. Izdr\u017eljivo aluminijumsko ku\u0107i\u0161te.&quot;}\" data-sheets-userformat=\"{&quot;2&quot;:4993,&quot;3&quot;:{&quot;1&quot;:0},&quot;10&quot;:2,&quot;11&quot;:0,&quot;12&quot;:0,&quot;15&quot;:&quot;Arial, sans-serif&quot;}\">Te\u017eina: 430 g.<\/span><\/li>\n<li>Napajanje<span style=\"color: var(--vamtam-widget-text-lighter); letter-spacing: var(--vamtam-primary-font-letter-spacing-desktop,normal); text-transform: var(--vamtam-primary-font-transform,none);\">: 230-240 V, 50-60 HZ, max: 45W<\/span><\/li>\n<li>Dimenzije<span style=\"color: var(--vamtam-widget-text-lighter); letter-spacing: var(--vamtam-primary-font-letter-spacing-desktop,normal); text-transform: var(--vamtam-primary-font-transform,none);\">: 185 x 46 x 48mm<\/span><\/li>\n<li>Sadr\u017ei<span style=\"color: var(--vamtam-widget-text-lighter); letter-spacing: var(--vamtam-primary-font-letter-spacing-desktop,normal); text-transform: var(--vamtam-primary-font-transform,none);\">: 2 metaljna \u010de\u0161lja od 10mm i 16mm, \u010detkicu za \u010di\u0161\u0107enje i ulje.<\/span><\/li>\n<\/ul>\n<p>&nbsp;<\/p>\n<\/div>\n<\/div>\n<\/div>\n","protected":false},"featured_media":988619,"comment_status":"open","ping_status":"closed","template":"","meta":[],"product_brand":[394],"product_cat":[424,423,271],"product_tag":[398,427,425,426,399,397],"class_list":{"0":"post-988617","1":"product","2":"type-product","3":"status-publish","4":"has-post-thumbnail","6":"product_brand-moser","7":"product_cat-aparati-za-sisanje-macaka","8":"product_cat-aparati-za-sisanje-pasa","9":"product_cat-higijena-i-kozmetika-za-pse","10":"product_tag-masinica-za-sisanje-zivotinja","11":"product_tag-moser-max-45","12":"product_tag-moser-max-45-masinica-za-sisanje-ljubimaca","13":"product_tag-moser-max45-aparata-za-sisanje","14":"product_tag-pet-masinica","15":"product_tag-pet-masinica-za-sisanje-zivotinja","16":"product_shipping_class-petmark","18":"first","19":"instock","20":"shipping-taxable","21":"purchasable","22":"product-type-simple"},"jetpack_sharing_enabled":true,"_links":{"self":[{"href":"https:\/\/petmark.ba\/shop\/wp-json\/wp\/v2\/product\/988617","targetHints":{"allow":["GET"]}}],"collection":[{"href":"https:\/\/petmark.ba\/shop\/wp-json\/wp\/v2\/product"}],"about":[{"href":"https:\/\/petmark.ba\/shop\/wp-json\/wp\/v2\/types\/product"}],"replies":[{"embeddable":true,"href":"https:\/\/petmark.ba\/shop\/wp-json\/wp\/v2\/comments?post=988617"}],"version-history":[{"count":5,"href":"https:\/\/petmark.ba\/shop\/wp-json\/wp\/v2\/product\/988617\/revisions"}],"predecessor-version":[{"id":988627,"href":"https:\/\/petmark.ba\/shop\/wp-json\/wp\/v2\/product\/988617\/revisions\/988627"}],"wp:featuredmedia":[{"embeddable":true,"href":"https:\/\/petmark.ba\/shop\/wp-json\/wp\/v2\/media\/988619"}],"wp:attachment":[{"href":"https:\/\/petmark.ba\/shop\/wp-json\/wp\/v2\/media?parent=988617"}],"wp:term":[{"taxonomy":"product_brand","embeddable":true,"href":"https:\/\/petmark.ba\/shop\/wp-json\/wp\/v2\/product_brand?post=988617"},{"taxonomy":"product_cat","embeddable":true,"href":"https:\/\/petmark.ba\/shop\/wp-json\/wp\/v2\/product_cat?post=988617"},{"taxonomy":"product_tag","embeddable":true,"href":"https:\/\/petmark.ba\/shop\/wp-json\/wp\/v2\/product_tag?post=988617"}],"curies":[{"name":"wp","href":"https:\/\/api.w.org\/{rel}","templated":true}]}}