{"id":988630,"date":"2025-01-30T09:21:16","date_gmt":"2025-01-30T08:21:16","guid":{"rendered":"https:\/\/petmark.ba\/shop\/?post_type=product&#038;p=988630"},"modified":"2025-02-03T14:56:24","modified_gmt":"2025-02-03T13:56:24","slug":"wahl-koncentrat-aloe-soothe-sampon-za-pse-i-macke-500-ml","status":"publish","type":"product","link":"https:\/\/petmark.ba\/shop\/proizvod\/wahl-koncentrat-aloe-soothe-sampon-za-pse-i-macke-500-ml\/","title":{"rendered":"Wahl Koncentrat Aloe Soothe \u0161ampon za pse i ma\u010dke 500 ml"},"content":{"rendered":"<div class=\"vgblk-rw-wrapper limit-wrapper\">&nbsp;<\/p>\n<div class=\"elementor-element elementor-element-6646c347 wd-single-short-desc text-left elementor-widget elementor-widget-wd_single_product_short_description\" data-id=\"6646c347\" data-element_type=\"widget\" data-widget_type=\"wd_single_product_short_description.default\">\n<div class=\"elementor-widget-container\">\n<div class=\"woocommerce-product-details__short-description\">\n<h5><a href=\"https:\/\/eu.wahl.com\/\" target=\"_blank\" rel=\"noopener\">Wahl<\/a> Koncentrat Aloe Soothe \u0161ampon za pse i ma\u010dke 500 ml<\/h5>\n<div class=\"elementor-element elementor-element-6646c347 wd-single-short-desc text-left elementor-widget elementor-widget-wd_single_product_short_description\" data-id=\"6646c347\" data-element_type=\"widget\" data-widget_type=\"wd_single_product_short_description.default\">\n<div class=\"elementor-widget-container\">\n<div class=\"woocommerce-product-details__short-description\">\n<p>\u0160ampon za ljubimce koji smiruje nadra\u017eaje ko\u017ee, regulira prirodnu masno\u0107u dlake i ostavlja dlaku \u010distom i podatnom.<\/p>\n<p>Temelji se na prirodnim sastojcima i ne sadr\u017ei \u0161tetne deterd\u017eente.<\/p>\n<p>Savr\u0161eno uravnote\u017eene formulacije, uklju\u010duju\u0107i aloe vera gel za umirivanje i hla\u0111enje, avokado i kokos za vla\u017eenje i ekstrakt p\u0161enice za dezodoriranje.<\/p>\n<p>Sadr\u017ei vitamine E i C. Profesionalna visoka koncentratna formula 15: 1<\/p>\n<\/div>\n<\/div>\n<\/div>\n<div class=\"elementor-element elementor-element-8878fea e-con-full jedv-enabled--yes e-flex e-con e-child\" data-id=\"8878fea\" data-element_type=\"container\" data-settings=\"{&quot;jet_parallax_layout_list&quot;:[]}\">\n<div class=\"elementor-element elementor-element-add0b48 e-con-full e-flex e-con e-child\" data-id=\"add0b48\" data-element_type=\"container\" data-settings=\"{&quot;jet_parallax_layout_list&quot;:[]}\">\n<div class=\"elementor-element elementor-element-46f7a3c elementor-widget elementor-widget-heading\" data-id=\"46f7a3c\" data-element_type=\"widget\" data-widget_type=\"heading.default\">\n<p>Napomena: <a href=\"https:\/\/petmark.ba\/shop\/brand\/wahl\/\">Wahl<\/a> brend spade u grupu profesionalne opreme za grumere.<\/p>\n<p>Uputstvo za upotrebu: Promu\u0107kati pakovanje pre kori\u0161\u0107enja. Pome\u0161ati 15 dela mlake vode sa 1 delom \u0161ampona. Pokvasiti dlaku \u017eivotinje pa naneti razre\u0111en \u0161ampon pomo\u0107u sun\u0111era, \u010detke ili nekog drugog sredstva za kupanje. Istrljati detaljno, a zatim dobro isprati dlaku vodom. Za bolji efekat kupanja ostaviti \u0161ampon da deluje 5 minuta pre ispiranja vodom.<\/p>\n<\/div>\n<\/div>\n<\/div>\n<div class=\"elementor-element elementor-element-6646c347 wd-single-short-desc text-left elementor-widget elementor-widget-wd_single_product_short_description\" data-id=\"6646c347\" data-element_type=\"widget\" data-widget_type=\"wd_single_product_short_description.default\">\n<div class=\"elementor-widget-container\">\n<div class=\"woocommerce-product-details__short-description\">\n<p>&nbsp;<\/p>\n<\/div>\n<\/div>\n<\/div>\n<div class=\"elementor-element elementor-element-8878fea e-con-full jedv-enabled--yes e-flex e-con e-child\" data-id=\"8878fea\" data-element_type=\"container\" data-settings=\"{&quot;jet_parallax_layout_list&quot;:[]}\">\n<div class=\"elementor-element elementor-element-add0b48 e-con-full e-flex e-con e-child\" data-id=\"add0b48\" data-element_type=\"container\" data-settings=\"{&quot;jet_parallax_layout_list&quot;:[]}\">\n<div class=\"elementor-element elementor-element-46f7a3c elementor-widget elementor-widget-heading\" data-id=\"46f7a3c\" data-element_type=\"widget\" data-widget_type=\"heading.default\"><\/div>\n<\/div>\n<\/div>\n<\/div>\n<\/div>\n<\/div>\n<div class=\"elementor-element elementor-element-8878fea e-con-full jedv-enabled--yes e-flex e-con e-child\" data-id=\"8878fea\" data-element_type=\"container\" data-settings=\"{&quot;jet_parallax_layout_list&quot;:[]}\">\n<div class=\"elementor-element elementor-element-add0b48 e-con-full e-flex e-con e-child\" data-id=\"add0b48\" data-element_type=\"container\" data-settings=\"{&quot;jet_parallax_layout_list&quot;:[]}\">\n<div class=\"elementor-element elementor-element-46f7a3c elementor-widget elementor-widget-heading\" data-id=\"46f7a3c\" data-element_type=\"widget\" data-widget_type=\"heading.default\"><\/div>\n<\/div>\n<\/div>\n<\/div>\n<p><!-- .vgblk-rw-wrapper --><\/p>\n","protected":false},"excerpt":{"rendered":"<h5><a href=\"https:\/\/eu.wahl.com\/\" target=\"_blank\" rel=\"noopener\">Wahl<\/a> Koncentrat Aloe Soothe \u0161ampon za pse i ma\u010dke 500 ml<\/h5>\n<p>&nbsp;<\/p>\n<ul>\n<li>\u0160ampon sa pa\u017eljivo izbalansiranom formula<\/li>\n<li>Smiruje svaku iritaciju i ubla\u017eava probleme sa ko\u017eom<\/li>\n<li>Sve\u017e, biljni cvetni miris sa notama zelenog bora, nane i eukaliptusa<\/li>\n<li>Poseduje prirodne sastojke<\/li>\n<li>korisne sastojke kao \u0161to su vitamini E i C<\/li>\n<li>Koncentrovana formula koju je potrebno razbla\u017eiti pre upotrebe<\/li>\n<li>Profesionalna oprema za grumere<\/li>\n<\/ul>\n","protected":false},"featured_media":988631,"comment_status":"open","ping_status":"closed","template":"","meta":[],"product_brand":[415],"product_cat":[360,271,49,56,417,416],"product_tag":[431,430,429,428],"class_list":{"0":"post-988630","1":"product","2":"type-product","3":"status-publish","4":"has-post-thumbnail","6":"product_brand-wahl","7":"product_cat-higijena-i-kozmetika-za-macke","8":"product_cat-higijena-i-kozmetika-za-pse","9":"product_cat-macke","10":"product_cat-psi","11":"product_cat-sampon-za-macke","12":"product_cat-sampon-za-pse","13":"product_tag-sampon-za-pse-i-macke","14":"product_tag-wahl-aloe-soothe","15":"product_tag-wahl-koncentrat-aloe-soothe","16":"product_tag-wahl-koncentrat-aloe-soothe-sampon-za-pse-i-macke-500-ml","17":"product_shipping_class-petmark","19":"first","20":"instock","21":"shipping-taxable","22":"purchasable","23":"product-type-simple"},"jetpack_sharing_enabled":true,"_links":{"self":[{"href":"https:\/\/petmark.ba\/shop\/wp-json\/wp\/v2\/product\/988630","targetHints":{"allow":["GET"]}}],"collection":[{"href":"https:\/\/petmark.ba\/shop\/wp-json\/wp\/v2\/product"}],"about":[{"href":"https:\/\/petmark.ba\/shop\/wp-json\/wp\/v2\/types\/product"}],"replies":[{"embeddable":true,"href":"https:\/\/petmark.ba\/shop\/wp-json\/wp\/v2\/comments?post=988630"}],"version-history":[{"count":3,"href":"https:\/\/petmark.ba\/shop\/wp-json\/wp\/v2\/product\/988630\/revisions"}],"predecessor-version":[{"id":988634,"href":"https:\/\/petmark.ba\/shop\/wp-json\/wp\/v2\/product\/988630\/revisions\/988634"}],"wp:featuredmedia":[{"embeddable":true,"href":"https:\/\/petmark.ba\/shop\/wp-json\/wp\/v2\/media\/988631"}],"wp:attachment":[{"href":"https:\/\/petmark.ba\/shop\/wp-json\/wp\/v2\/media?parent=988630"}],"wp:term":[{"taxonomy":"product_brand","embeddable":true,"href":"https:\/\/petmark.ba\/shop\/wp-json\/wp\/v2\/product_brand?post=988630"},{"taxonomy":"product_cat","embeddable":true,"href":"https:\/\/petmark.ba\/shop\/wp-json\/wp\/v2\/product_cat?post=988630"},{"taxonomy":"product_tag","embeddable":true,"href":"https:\/\/petmark.ba\/shop\/wp-json\/wp\/v2\/product_tag?post=988630"}],"curies":[{"name":"wp","href":"https:\/\/api.w.org\/{rel}","templated":true}]}}