{"id":988635,"date":"2025-01-30T09:50:26","date_gmt":"2025-01-30T08:50:26","guid":{"rendered":"https:\/\/petmark.ba\/shop\/?post_type=product&#038;p=988635"},"modified":"2025-02-03T14:56:47","modified_gmt":"2025-02-03T13:56:47","slug":"moser-sheddy-cetka-za-ljubimce","status":"publish","type":"product","link":"https:\/\/petmark.ba\/shop\/proizvod\/moser-sheddy-cetka-za-ljubimce\/","title":{"rendered":"Moser Sheddy \u010detka za ljubimce"},"content":{"rendered":"<div class=\"vgblk-rw-wrapper limit-wrapper\"><a href=\"https:\/\/www.moserpro.com\/\" target=\"_blank\" rel=\"noopener\">Moser<\/a> Sheddy \u010detka za ljubimce<\/p>\n<div class=\"wd-negative-gap elementor-element elementor-element-246ccb9 e-flex e-con-boxed e-con e-parent e-lazyloaded\" data-id=\"246ccb9\" data-element_type=\"container\" data-settings=\"{&quot;jet_parallax_layout_list&quot;:[]}\">\n<div class=\"e-con-inner\">\n<div class=\"elementor-element elementor-element-510692c wd-single-tabs wd-width-100 elementor-widget elementor-widget-wd_single_product_tabs\" data-id=\"510692c\" data-element_type=\"widget\" data-widget_type=\"wd_single_product_tabs.default\">\n<div class=\"elementor-widget-container\">\n<div class=\"woocommerce-tabs wc-tabs-wrapper\" data-state=\"first\" data-layout=\"tabs\">\n<div id=\"tab-description\" class=\"woocommerce-Tabs-panel panel entry-content wc-tab woocommerce-Tabs-panel--description\" role=\"tabpanel\" aria-labelledby=\"tab-title-description\" data-accordion-index=\"description\">\n<div class=\"elementor-element elementor-element-6646c347 wd-single-short-desc text-left elementor-widget elementor-widget-wd_single_product_short_description\" data-id=\"6646c347\" data-element_type=\"widget\" data-widget_type=\"wd_single_product_short_description.default\">\n<div class=\"elementor-widget-container\">\n<div class=\"woocommerce-product-details__short-description\">\n<p>Univerzalna \u010detka za sve kratkodlake pse i ma\u010dke. U\u010dinkovito uklanja opu\u0161teno, \u2018mrtvo\u2019 krzno.<\/p>\n<p>Idealna za \u010di\u0161\u0107enje krzna i ko\u017ee, mo\u017ee se koristiti na mokrom ili suhom krznu.<\/p>\n<p>Pru\u017ea ugodan u\u010dinak masa\u017ee i stimulirala cirkulaciju i metabolizam.<\/p>\n<p>Stra\u017ejnom stranom \u010detke lako uklanja dla\u010dice od krzna s namje\u0161taja i odje\u0107e.<\/p>\n<p>Sa\u010dinjena od super mekanog materijala \u2013 odli\u010dan za osjetljive \u017eivotinje.<\/p>\n<p>Posebno dizajnirana za sve kratkodlake pse i ma\u010dke (npr. labrador, fox terijer, buldog).<\/p>\n<\/div>\n<\/div>\n<\/div>\n<div class=\"elementor-element elementor-element-8878fea e-con-full jedv-enabled--yes e-flex e-con e-child\" data-id=\"8878fea\" data-element_type=\"container\" data-settings=\"{&quot;jet_parallax_layout_list&quot;:[]}\">\n<div class=\"elementor-element elementor-element-add0b48 e-con-full e-flex e-con e-child\" data-id=\"add0b48\" data-element_type=\"container\" data-settings=\"{&quot;jet_parallax_layout_list&quot;:[]}\">\n<div class=\"elementor-element elementor-element-46f7a3c elementor-widget elementor-widget-heading\" data-id=\"46f7a3c\" data-element_type=\"widget\" data-widget_type=\"heading.default\"><\/div>\n<\/div>\n<\/div>\n<\/div>\n<\/div>\n<\/div>\n<\/div>\n<\/div>\n<\/div>\n<div class=\"wd-negative-gap elementor-element elementor-element-aa95126 e-flex e-con-boxed e-con e-parent e-lazyloaded\" data-id=\"aa95126\" data-element_type=\"container\" data-settings=\"{&quot;jet_parallax_layout_list&quot;:[]}\"><\/div>\n<\/div>\n<p><!-- .vgblk-rw-wrapper --><\/p>\n","protected":false},"excerpt":{"rendered":"<p><a href=\"https:\/\/petmark.ba\/shop\/brand\/moser\/\">Moser<\/a> Sheddy \u010detka za ljubimce<\/p>\n<ul>\n<li>Univerzalna \u010detka za sve kratkodlake pse i ma\u010dke. U\u010dinkovito uklanja opu\u0161teno, \u2018mrtvo\u2019 krzno.<\/li>\n<li>Idealna za \u010di\u0161\u0107enje krzna i ko\u017ee, mo\u017ee se koristiti na mokrom ili suhom krznu.<\/li>\n<li>Pru\u017ea ugodan u\u010dinak masa\u017ee i stimulirala cirkulaciju i metabolizam.<\/li>\n<li>Stra\u017ejnom stranom \u010detke lako uklanja dla\u010dice od krzna s namje\u0161taja i odje\u0107e.<\/li>\n<li>Sa\u010dinjena od super mekanog materijala \u2013 odli\u010dan za osjetljive \u017eivotinje.<\/li>\n<li>Posebno dizajnirana za sve kratkodlake pse i ma\u010dke (npr. labrador, fox terijer, buldog).<\/li>\n<\/ul>\n","protected":false},"featured_media":988637,"comment_status":"open","ping_status":"closed","template":"","meta":[],"product_brand":[394],"product_cat":[402,401,360,271,49,56],"product_tag":[411,412,432,410,408,409],"class_list":{"0":"post-988635","1":"product","2":"type-product","3":"status-publish","4":"has-post-thumbnail","6":"product_brand-moser","7":"product_cat-cesljevi-i-cetke-za-macke","8":"product_cat-cesljevi-i-cetke-za-pse","9":"product_cat-higijena-i-kozmetika-za-macke","10":"product_cat-higijena-i-kozmetika-za-pse","11":"product_cat-macke","12":"product_cat-psi","13":"product_tag-cetka-za-pse","14":"product_tag-cetke-i-cesljevi-za-zivotinje","15":"product_tag-moser-sheddy-cetka-za-ljubimce","16":"product_tag-moser-velika-cetka","17":"product_tag-moser-velika-cetka-za-ljubimce","18":"product_tag-velika-cetka-za-ljubimce","19":"product_shipping_class-petmark","21":"first","22":"instock","23":"shipping-taxable","24":"purchasable","25":"product-type-simple"},"jetpack_sharing_enabled":true,"_links":{"self":[{"href":"https:\/\/petmark.ba\/shop\/wp-json\/wp\/v2\/product\/988635","targetHints":{"allow":["GET"]}}],"collection":[{"href":"https:\/\/petmark.ba\/shop\/wp-json\/wp\/v2\/product"}],"about":[{"href":"https:\/\/petmark.ba\/shop\/wp-json\/wp\/v2\/types\/product"}],"replies":[{"embeddable":true,"href":"https:\/\/petmark.ba\/shop\/wp-json\/wp\/v2\/comments?post=988635"}],"version-history":[{"count":4,"href":"https:\/\/petmark.ba\/shop\/wp-json\/wp\/v2\/product\/988635\/revisions"}],"predecessor-version":[{"id":988643,"href":"https:\/\/petmark.ba\/shop\/wp-json\/wp\/v2\/product\/988635\/revisions\/988643"}],"wp:featuredmedia":[{"embeddable":true,"href":"https:\/\/petmark.ba\/shop\/wp-json\/wp\/v2\/media\/988637"}],"wp:attachment":[{"href":"https:\/\/petmark.ba\/shop\/wp-json\/wp\/v2\/media?parent=988635"}],"wp:term":[{"taxonomy":"product_brand","embeddable":true,"href":"https:\/\/petmark.ba\/shop\/wp-json\/wp\/v2\/product_brand?post=988635"},{"taxonomy":"product_cat","embeddable":true,"href":"https:\/\/petmark.ba\/shop\/wp-json\/wp\/v2\/product_cat?post=988635"},{"taxonomy":"product_tag","embeddable":true,"href":"https:\/\/petmark.ba\/shop\/wp-json\/wp\/v2\/product_tag?post=988635"}],"curies":[{"name":"wp","href":"https:\/\/api.w.org\/{rel}","templated":true}]}}