{"id":988644,"date":"2025-01-30T12:33:31","date_gmt":"2025-01-30T11:33:31","guid":{"rendered":"https:\/\/petmark.ba\/shop\/?post_type=product&#038;p=988644"},"modified":"2025-01-30T12:33:31","modified_gmt":"2025-01-30T11:33:31","slug":"kerbl-cesalj-s-drvenom-drskom-za-fino-krzno","status":"publish","type":"product","link":"https:\/\/petmark.ba\/shop\/proizvod\/kerbl-cesalj-s-drvenom-drskom-za-fino-krzno\/","title":{"rendered":"Kerbl \u010de\u0161alj s drvenom dr\u0161kom za fino krzno"},"content":{"rendered":"<div class=\"vgblk-rw-wrapper limit-wrapper\"><a href=\"https:\/\/www.kerbl.com\/en\/product\/fur-comb\/987247\/4905\" target=\"_blank\" rel=\"noopener\">Kerbl<\/a> \u010de\u0161alj s drvenom dr\u0161kom za fino krzno<\/p>\n<p><a href=\"https:\/\/petmark.ba\/shop\/kategorija\/psi\/higijena-i-kozmetika-za-pse\/cesljevi-i-cetke-za-pse\/\">\u010ce\u0161ljevi<\/a> za odr\u017eavanje i njegu dlake va\u0161ih ljubimaca!<\/p>\n<ul>\n<li>s drvenom ru\u010dkom<\/li>\n<li>dvije varijante:\u00a0<strong>s uskim zupcima<\/strong>\u00a0(prva) i\u00a0<strong>sa srednjim i \u0161irokom zupcima<\/strong>\u00a0(druga)<\/li>\n<\/ul>\n<\/div>\n<p><!-- .vgblk-rw-wrapper --><\/p>\n","protected":false},"excerpt":{"rendered":"<p><a href=\"https:\/\/www.kerbl.com\/en\/product\/fur-comb\/987247\/4905\" target=\"_blank\" rel=\"noopener\">Kerbl<\/a> \u010de\u0161alj s drvenom dr\u0161kom za fino krzno<\/p>\n<p>\u010ce\u0161ljevi za odr\u017eavanje i njegu dlake va\u0161ih ljubimaca!<\/p>\n<ul>\n<li>s drvenom ru\u010dkom<\/li>\n<li>dvije varijante:\u00a0<strong>s uskim zupcima<\/strong>\u00a0(prva) i\u00a0<strong>sa srednjim i \u0161irokom zupcima<\/strong>\u00a0(druga)<\/li>\n<\/ul>\n","protected":false},"featured_media":988646,"comment_status":"open","ping_status":"closed","template":"","meta":[],"product_brand":[433],"product_cat":[402,401,360,271,49,56],"product_tag":[439,434,435,438,436,437],"class_list":{"0":"post-988644","1":"product","2":"type-product","3":"status-publish","4":"has-post-thumbnail","6":"product_brand-kerbl","7":"product_cat-cesljevi-i-cetke-za-macke","8":"product_cat-cesljevi-i-cetke-za-pse","9":"product_cat-higijena-i-kozmetika-za-macke","10":"product_cat-higijena-i-kozmetika-za-pse","11":"product_cat-macke","12":"product_cat-psi","13":"product_tag-cesljevi-i-cetke-za-pse","14":"product_tag-kerbl","15":"product_tag-kerbl-cesalj","16":"product_tag-kerbl-cesalj-s-drvenom-drskom-za-fino-krzno","17":"product_tag-kerbl-cesalj-za-krzno","18":"product_tag-kerbl-cesalj-za-pse","19":"product_shipping_class-petmark","21":"first","22":"instock","23":"shipping-taxable","24":"purchasable","25":"product-type-simple"},"jetpack_sharing_enabled":true,"_links":{"self":[{"href":"https:\/\/petmark.ba\/shop\/wp-json\/wp\/v2\/product\/988644","targetHints":{"allow":["GET"]}}],"collection":[{"href":"https:\/\/petmark.ba\/shop\/wp-json\/wp\/v2\/product"}],"about":[{"href":"https:\/\/petmark.ba\/shop\/wp-json\/wp\/v2\/types\/product"}],"replies":[{"embeddable":true,"href":"https:\/\/petmark.ba\/shop\/wp-json\/wp\/v2\/comments?post=988644"}],"version-history":[{"count":3,"href":"https:\/\/petmark.ba\/shop\/wp-json\/wp\/v2\/product\/988644\/revisions"}],"predecessor-version":[{"id":988650,"href":"https:\/\/petmark.ba\/shop\/wp-json\/wp\/v2\/product\/988644\/revisions\/988650"}],"wp:featuredmedia":[{"embeddable":true,"href":"https:\/\/petmark.ba\/shop\/wp-json\/wp\/v2\/media\/988646"}],"wp:attachment":[{"href":"https:\/\/petmark.ba\/shop\/wp-json\/wp\/v2\/media?parent=988644"}],"wp:term":[{"taxonomy":"product_brand","embeddable":true,"href":"https:\/\/petmark.ba\/shop\/wp-json\/wp\/v2\/product_brand?post=988644"},{"taxonomy":"product_cat","embeddable":true,"href":"https:\/\/petmark.ba\/shop\/wp-json\/wp\/v2\/product_cat?post=988644"},{"taxonomy":"product_tag","embeddable":true,"href":"https:\/\/petmark.ba\/shop\/wp-json\/wp\/v2\/product_tag?post=988644"}],"curies":[{"name":"wp","href":"https:\/\/api.w.org\/{rel}","templated":true}]}}