{"id":988649,"date":"2025-01-30T13:14:42","date_gmt":"2025-01-30T12:14:42","guid":{"rendered":"https:\/\/petmark.ba\/shop\/?post_type=product&#038;p=988649"},"modified":"2025-01-30T13:14:42","modified_gmt":"2025-01-30T12:14:42","slug":"furminator-cetka-za-za-kucne-ljubimce-s","status":"publish","type":"product","link":"https:\/\/petmark.ba\/shop\/proizvod\/furminator-cetka-za-za-kucne-ljubimce-s\/","title":{"rendered":"Furminator \u010detka za za ku\u0107ne ljubimce S"},"content":{"rendered":"<div class=\"vgblk-rw-wrapper limit-wrapper\">Furminator \u010detka za za ku\u0107ne ljubimce S<\/p>\n<div class=\"product attribute overview\">\n<div class=\"value\">\u010cETKA furminator S je odvojivi \u010de\u0161alj za ku\u0107ne ljubimce.<\/div>\n<div><\/div>\n<div class=\"value\">\u010ce\u0161alj za \u010de\u0161ljanje kratke i srednje dlake.<\/div>\n<\/div>\n<div class=\"singleAttr\">\n<div class=\"atrName\"><\/div>\n<\/div>\n<\/div>\n<p><!-- .vgblk-rw-wrapper --><\/p>\n","protected":false},"excerpt":{"rendered":"<p>Furminator \u010detka za za ku\u0107ne ljubimce S<\/p>\n<div class=\"product attribute overview\">\n<div class=\"value\">\u010cETKA furminator S je odvojivi \u010de\u0161alj za ku\u0107ne ljubimce.<\/div>\n<div><\/div>\n<div class=\"value\">\u010ce\u0161alj za \u010de\u0161ljanje kratke i srednje dlake.<\/div>\n<\/div>\n<div class=\"singleAttr\">\n<div class=\"atrName\"><\/div>\n<\/div>\n","protected":false},"featured_media":988651,"comment_status":"open","ping_status":"closed","template":"","meta":[],"product_brand":[],"product_cat":[402,401,360,271,49,56],"product_tag":[442,443,444,441,440],"class_list":{"0":"post-988649","1":"product","2":"type-product","3":"status-publish","4":"has-post-thumbnail","6":"product_cat-cesljevi-i-cetke-za-macke","7":"product_cat-cesljevi-i-cetke-za-pse","8":"product_cat-higijena-i-kozmetika-za-macke","9":"product_cat-higijena-i-kozmetika-za-pse","10":"product_cat-macke","11":"product_cat-psi","12":"product_tag-cetka-za-za-kucne-ljubimce","13":"product_tag-furminator-cetka","14":"product_tag-furminator-cetka-s","15":"product_tag-furminator-cetka-za-za-kucne-ljubimce","16":"product_tag-furminator-cetka-za-za-kucne-ljubimce-s","17":"product_shipping_class-petmark","19":"first","20":"instock","21":"shipping-taxable","22":"purchasable","23":"product-type-simple"},"jetpack_sharing_enabled":true,"_links":{"self":[{"href":"https:\/\/petmark.ba\/shop\/wp-json\/wp\/v2\/product\/988649","targetHints":{"allow":["GET"]}}],"collection":[{"href":"https:\/\/petmark.ba\/shop\/wp-json\/wp\/v2\/product"}],"about":[{"href":"https:\/\/petmark.ba\/shop\/wp-json\/wp\/v2\/types\/product"}],"replies":[{"embeddable":true,"href":"https:\/\/petmark.ba\/shop\/wp-json\/wp\/v2\/comments?post=988649"}],"version-history":[{"count":1,"href":"https:\/\/petmark.ba\/shop\/wp-json\/wp\/v2\/product\/988649\/revisions"}],"predecessor-version":[{"id":988652,"href":"https:\/\/petmark.ba\/shop\/wp-json\/wp\/v2\/product\/988649\/revisions\/988652"}],"wp:featuredmedia":[{"embeddable":true,"href":"https:\/\/petmark.ba\/shop\/wp-json\/wp\/v2\/media\/988651"}],"wp:attachment":[{"href":"https:\/\/petmark.ba\/shop\/wp-json\/wp\/v2\/media?parent=988649"}],"wp:term":[{"taxonomy":"product_brand","embeddable":true,"href":"https:\/\/petmark.ba\/shop\/wp-json\/wp\/v2\/product_brand?post=988649"},{"taxonomy":"product_cat","embeddable":true,"href":"https:\/\/petmark.ba\/shop\/wp-json\/wp\/v2\/product_cat?post=988649"},{"taxonomy":"product_tag","embeddable":true,"href":"https:\/\/petmark.ba\/shop\/wp-json\/wp\/v2\/product_tag?post=988649"}],"curies":[{"name":"wp","href":"https:\/\/api.w.org\/{rel}","templated":true}]}}