{"id":988653,"date":"2025-01-30T13:27:38","date_gmt":"2025-01-30T12:27:38","guid":{"rendered":"https:\/\/petmark.ba\/shop\/?post_type=product&#038;p=988653"},"modified":"2025-01-30T13:47:32","modified_gmt":"2025-01-30T12:47:32","slug":"tangle-teezer-cetka-za-pse-mala","status":"publish","type":"product","link":"https:\/\/petmark.ba\/shop\/proizvod\/tangle-teezer-cetka-za-pse-mala\/","title":{"rendered":"Tangle Teezer \u010detka za pse mala"},"content":{"rendered":"<div class=\"vgblk-rw-wrapper limit-wrapper\"><a href=\"https:\/\/tangleteezer.com\/\" target=\"_blank\" rel=\"noopener\">Tangle Teezer<\/a> \u010detka za pse mala\u00a0&#8211; Pet Deshedding Small &#8211; Blue\/Light Blue<\/p>\n<div>\n<div class=\"flex md:flex-col flex-wrap\"><\/div>\n<\/div>\n<div>\n<ul class=\"pdd_32c7by2\">\n<li>\u010cetka za pse<\/li>\n<li>Izuzetno meke \u010dekinje<\/li>\n<li>Pogodna za manje pasmine<\/li>\n<li>Mo\u017ee se koristiti na mokrom ili suhom krznu<\/li>\n<\/ul>\n<\/div>\n<div>\n<div class=\"pdd_32c7by3\">\n<div>Pet Teezer \u010detka posebno je dizajnirana za njegu manjih pasmina s finom, dugom dlakom. Mali Pet Teezer posebno je pogodan za njegu te\u0161ko dostupnih mjesta, osjetljivih dijelova tijela, kao \u0161to su stra\u017enji dio nogu, podno\u017eje repa ili podru\u010dje usta.<\/div>\n<div><\/div>\n<div>Psa mo\u017eete \u010de\u0161ljati \u010dak i kada ima mokru dlaku, jer \u010detka ne hr\u0111a. Pet Teezer je obavezan dodatak za svakoga ko voli svoj Tangle Teezer i \u017eeli isto iskustvo pru\u017eiti svom ljubimcu.<\/div>\n<\/div>\n<\/div>\n<\/div>\n<p><!-- .vgblk-rw-wrapper --><\/p>\n","protected":false},"excerpt":{"rendered":"<p><a href=\"https:\/\/tangleteezer.com\/\" target=\"_blank\" rel=\"noopener\">Tangle Teezer<\/a> \u010detka za pse mala &#8211; Pet Deshedding Small &#8211; Blue\/Light Blue<\/p>\n<div>\n<ul class=\"pdd_32c7by2\">\n<li>\u010cetka za pse<\/li>\n<li>Izuzetno meke \u010dekinje<\/li>\n<li>Pogodna za manje pasmine<\/li>\n<li>Mo\u017ee se koristiti na mokrom ili suhom krznu<\/li>\n<\/ul>\n<\/div>\n<div>\n<div class=\"pdd_32c7by3\">\n<div><\/div>\n<\/div>\n<\/div>\n","protected":false},"featured_media":988661,"comment_status":"open","ping_status":"closed","template":"","meta":[],"product_brand":[445],"product_cat":[401,271,56],"product_tag":[411,446,447,448],"class_list":{"0":"post-988653","1":"product","2":"type-product","3":"status-publish","4":"has-post-thumbnail","6":"product_brand-tangle-teezer","7":"product_cat-cesljevi-i-cetke-za-pse","8":"product_cat-higijena-i-kozmetika-za-pse","9":"product_cat-psi","10":"product_tag-cetka-za-pse","11":"product_tag-tangle-teezer","12":"product_tag-tangle-teezer-cetka-za-pse","13":"product_tag-tangle-teezer-cetka-za-pse-mala","14":"product_shipping_class-petmark","16":"first","17":"instock","18":"shipping-taxable","19":"purchasable","20":"product-type-simple"},"jetpack_sharing_enabled":true,"_links":{"self":[{"href":"https:\/\/petmark.ba\/shop\/wp-json\/wp\/v2\/product\/988653","targetHints":{"allow":["GET"]}}],"collection":[{"href":"https:\/\/petmark.ba\/shop\/wp-json\/wp\/v2\/product"}],"about":[{"href":"https:\/\/petmark.ba\/shop\/wp-json\/wp\/v2\/types\/product"}],"replies":[{"embeddable":true,"href":"https:\/\/petmark.ba\/shop\/wp-json\/wp\/v2\/comments?post=988653"}],"version-history":[{"count":4,"href":"https:\/\/petmark.ba\/shop\/wp-json\/wp\/v2\/product\/988653\/revisions"}],"predecessor-version":[{"id":988662,"href":"https:\/\/petmark.ba\/shop\/wp-json\/wp\/v2\/product\/988653\/revisions\/988662"}],"wp:featuredmedia":[{"embeddable":true,"href":"https:\/\/petmark.ba\/shop\/wp-json\/wp\/v2\/media\/988661"}],"wp:attachment":[{"href":"https:\/\/petmark.ba\/shop\/wp-json\/wp\/v2\/media?parent=988653"}],"wp:term":[{"taxonomy":"product_brand","embeddable":true,"href":"https:\/\/petmark.ba\/shop\/wp-json\/wp\/v2\/product_brand?post=988653"},{"taxonomy":"product_cat","embeddable":true,"href":"https:\/\/petmark.ba\/shop\/wp-json\/wp\/v2\/product_cat?post=988653"},{"taxonomy":"product_tag","embeddable":true,"href":"https:\/\/petmark.ba\/shop\/wp-json\/wp\/v2\/product_tag?post=988653"}],"curies":[{"name":"wp","href":"https:\/\/api.w.org\/{rel}","templated":true}]}}