{"id":988665,"date":"2025-02-06T13:01:47","date_gmt":"2025-02-06T12:01:47","guid":{"rendered":"https:\/\/petmark.ba\/shop\/?post_type=product&#038;p=988665"},"modified":"2025-02-06T15:50:17","modified_gmt":"2025-02-06T14:50:17","slug":"moser-cesalj-za-zivotinje-s-inoks-iglicama","status":"publish","type":"product","link":"https:\/\/petmark.ba\/shop\/proizvod\/moser-cesalj-za-zivotinje-s-inoks-iglicama\/","title":{"rendered":"Moser \u010de\u0161alj za \u017eivotinje s inoks iglicama"},"content":{"rendered":"<div class=\"vgblk-rw-wrapper limit-wrapper\"><a href=\"https:\/\/www.moserpro.com\/\" target=\"_blank\" rel=\"noopener\">Moser<\/a> \u010de\u0161alj za \u017eivotinje s inoks iglicama<\/p>\n<div class=\"elementor-element elementor-element-6646c347 wd-single-short-desc text-left elementor-widget elementor-widget-wd_single_product_short_description\" data-id=\"6646c347\" data-element_type=\"widget\" data-widget_type=\"wd_single_product_short_description.default\">\n<div class=\"elementor-widget-container\">\n<div class=\"woocommerce-product-details__short-description\">\n<div class=\"elementor-element elementor-element-6646c347 wd-single-short-desc text-left elementor-widget elementor-widget-wd_single_product_short_description\" data-id=\"6646c347\" data-element_type=\"widget\" data-widget_type=\"wd_single_product_short_description.default\">\n<div class=\"elementor-widget-container\">\n<div class=\"woocommerce-product-details__short-description\">\n<p>\u010ce\u0161alj za dotjerivanje ku\u0107nih ljubimaca sa dugim zupcima od nehr\u0111aju\u0107eg \u010delika. Dizajniran tako da dopire do samog korijena krzna. Poma\u017ee u uklanjanju grudvica i \u010dvorova na krznu, te dlaku ostavlja glatku i sjajnu. Savr\u0161en za pripremu ali i preradu poslije \u0161i\u0161anja, posebno za u\u0161i i lice. Sa ergonomskom, udobnom gel dr\u0161kom rukovanje je lak\u0161e i jednostavnije, \u010dak i nakon dugotrajnog kori\u0161tenja.<\/p>\n<p>Du\u017eina: 22 cm.<\/p>\n<p>Boja: Zelena.<\/p>\n<\/div>\n<\/div>\n<\/div>\n<div class=\"elementor-element elementor-element-8878fea e-con-full jedv-enabled--yes e-flex e-con e-child\" data-id=\"8878fea\" data-element_type=\"container\" data-settings=\"{&quot;jet_parallax_layout_list&quot;:[]}\">\n<div class=\"elementor-element elementor-element-add0b48 e-con-full e-flex e-con e-child\" data-id=\"add0b48\" data-element_type=\"container\" data-settings=\"{&quot;jet_parallax_layout_list&quot;:[]}\">\n<div class=\"elementor-element elementor-element-46f7a3c elementor-widget elementor-widget-heading\" data-id=\"46f7a3c\" data-element_type=\"widget\" data-widget_type=\"heading.default\"><\/div>\n<\/div>\n<\/div>\n<\/div>\n<\/div>\n<\/div>\n<div class=\"elementor-element elementor-element-8878fea e-con-full jedv-enabled--yes e-flex e-con e-child\" data-id=\"8878fea\" data-element_type=\"container\" data-settings=\"{&quot;jet_parallax_layout_list&quot;:[]}\">\n<div class=\"elementor-element elementor-element-add0b48 e-con-full e-flex e-con e-child\" data-id=\"add0b48\" data-element_type=\"container\" data-settings=\"{&quot;jet_parallax_layout_list&quot;:[]}\">\n<div class=\"elementor-element elementor-element-46f7a3c elementor-widget elementor-widget-heading\" data-id=\"46f7a3c\" data-element_type=\"widget\" data-widget_type=\"heading.default\"><\/div>\n<\/div>\n<\/div>\n<\/div>\n<p><!-- .vgblk-rw-wrapper --><\/p>\n","protected":false},"excerpt":{"rendered":"<p><a href=\"https:\/\/petmark.ba\/shop\/brand\/moser\/\">Moser <\/a>\u010de\u0161alj za \u017eivotinje s inoks iglicama<\/p>\n<div class=\"elementor-element elementor-element-6646c347 wd-single-short-desc text-left elementor-widget elementor-widget-wd_single_product_short_description\" data-id=\"6646c347\" data-element_type=\"widget\" data-widget_type=\"wd_single_product_short_description.default\">\n<div class=\"elementor-widget-container\">\n<div class=\"woocommerce-product-details__short-description\">\n<div class=\"elementor-element elementor-element-6646c347 wd-single-short-desc text-left elementor-widget elementor-widget-wd_single_product_short_description\" data-id=\"6646c347\" data-element_type=\"widget\" data-widget_type=\"wd_single_product_short_description.default\">\n<div class=\"elementor-widget-container\">\n<div class=\"woocommerce-product-details__short-description\">\n<ul>\n<li>\u010ce\u0161alj za dotjerivanje ku\u0107nih ljubimaca sa dugim zupcima od nehr\u0111aju\u0107eg \u010delika.<\/li>\n<li>Dizajniran tako da dopire do samog korijena krzna.<\/li>\n<li>Poma\u017ee u uklanjanju grudvica i \u010dvorova na krznu, te dlaku ostavlja glatku i sjajnu.<\/li>\n<li>Savr\u0161en za pripremu ali i preradu poslije \u0161i\u0161anja, posebno za u\u0161i i lice.<\/li>\n<li>Sa ergonomskom, udobnom gel dr\u0161kom rukovanje je lak\u0161e i jednostavnije, \u010dak i nakon dugotrajnog kori\u0161tenja.<\/li>\n<li>Du\u017eina: 22 cm.<\/li>\n<li>Boja: Zelena.<\/li>\n<\/ul>\n<\/div>\n<\/div>\n<\/div>\n<div class=\"elementor-element elementor-element-8878fea e-con-full jedv-enabled--yes e-flex e-con e-child\" data-id=\"8878fea\" data-element_type=\"container\" data-settings=\"{&quot;jet_parallax_layout_list&quot;:[]}\">\n<div class=\"elementor-element elementor-element-add0b48 e-con-full e-flex e-con e-child\" data-id=\"add0b48\" data-element_type=\"container\" data-settings=\"{&quot;jet_parallax_layout_list&quot;:[]}\">\n<div class=\"elementor-element elementor-element-46f7a3c elementor-widget elementor-widget-heading\" data-id=\"46f7a3c\" data-element_type=\"widget\" data-widget_type=\"heading.default\"><\/div>\n<\/div>\n<\/div>\n<\/div>\n<\/div>\n<\/div>\n<div class=\"elementor-element elementor-element-8878fea e-con-full jedv-enabled--yes e-flex e-con e-child\" data-id=\"8878fea\" data-element_type=\"container\" data-settings=\"{&quot;jet_parallax_layout_list&quot;:[]}\">\n<div class=\"elementor-element elementor-element-add0b48 e-con-full e-flex e-con e-child\" data-id=\"add0b48\" data-element_type=\"container\" data-settings=\"{&quot;jet_parallax_layout_list&quot;:[]}\">\n<div class=\"elementor-element elementor-element-46f7a3c elementor-widget elementor-widget-heading\" data-id=\"46f7a3c\" data-element_type=\"widget\" data-widget_type=\"heading.default\"><\/div>\n<\/div>\n<\/div>\n<div class=\"wd-negative-gap elementor-element elementor-element-aa95126 e-flex e-con-boxed e-con e-parent e-lazyloaded\" data-id=\"aa95126\" data-element_type=\"container\" data-settings=\"{&quot;jet_parallax_layout_list&quot;:[]}\"><\/div>\n","protected":false},"featured_media":988667,"comment_status":"open","ping_status":"closed","template":"","meta":[],"product_brand":[394],"product_cat":[402,401,360,271,49,56],"product_tag":[450,449],"class_list":{"0":"post-988665","1":"product","2":"type-product","3":"status-publish","4":"has-post-thumbnail","6":"product_brand-moser","7":"product_cat-cesljevi-i-cetke-za-macke","8":"product_cat-cesljevi-i-cetke-za-pse","9":"product_cat-higijena-i-kozmetika-za-macke","10":"product_cat-higijena-i-kozmetika-za-pse","11":"product_cat-macke","12":"product_cat-psi","13":"product_tag-cesalj-za-zivotinje-s-inoks-iglicama","14":"product_tag-moser-cesalj-za-zivotinje-s-inoks-iglicama","15":"product_shipping_class-petmark","17":"first","18":"instock","19":"shipping-taxable","20":"purchasable","21":"product-type-simple"},"jetpack_sharing_enabled":true,"_links":{"self":[{"href":"https:\/\/petmark.ba\/shop\/wp-json\/wp\/v2\/product\/988665","targetHints":{"allow":["GET"]}}],"collection":[{"href":"https:\/\/petmark.ba\/shop\/wp-json\/wp\/v2\/product"}],"about":[{"href":"https:\/\/petmark.ba\/shop\/wp-json\/wp\/v2\/types\/product"}],"replies":[{"embeddable":true,"href":"https:\/\/petmark.ba\/shop\/wp-json\/wp\/v2\/comments?post=988665"}],"version-history":[{"count":1,"href":"https:\/\/petmark.ba\/shop\/wp-json\/wp\/v2\/product\/988665\/revisions"}],"predecessor-version":[{"id":988666,"href":"https:\/\/petmark.ba\/shop\/wp-json\/wp\/v2\/product\/988665\/revisions\/988666"}],"wp:featuredmedia":[{"embeddable":true,"href":"https:\/\/petmark.ba\/shop\/wp-json\/wp\/v2\/media\/988667"}],"wp:attachment":[{"href":"https:\/\/petmark.ba\/shop\/wp-json\/wp\/v2\/media?parent=988665"}],"wp:term":[{"taxonomy":"product_brand","embeddable":true,"href":"https:\/\/petmark.ba\/shop\/wp-json\/wp\/v2\/product_brand?post=988665"},{"taxonomy":"product_cat","embeddable":true,"href":"https:\/\/petmark.ba\/shop\/wp-json\/wp\/v2\/product_cat?post=988665"},{"taxonomy":"product_tag","embeddable":true,"href":"https:\/\/petmark.ba\/shop\/wp-json\/wp\/v2\/product_tag?post=988665"}],"curies":[{"name":"wp","href":"https:\/\/api.w.org\/{rel}","templated":true}]}}