{"id":988675,"date":"2025-02-10T14:14:14","date_gmt":"2025-02-10T13:14:14","guid":{"rendered":"https:\/\/petmark.ba\/shop\/?post_type=product&#038;p=988675"},"modified":"2025-02-10T14:27:32","modified_gmt":"2025-02-10T13:27:32","slug":"moser-velika-klijesta-za-nokte-za-pse-i-macke","status":"publish","type":"product","link":"https:\/\/petmark.ba\/shop\/proizvod\/moser-velika-klijesta-za-nokte-za-pse-i-macke\/","title":{"rendered":"Moser velika klije\u0161ta za nokte za pse i ma\u010dke\u00a0"},"content":{"rendered":"<div class=\"vgblk-rw-wrapper limit-wrapper\"><a href=\"https:\/\/www.moserpro.com\/\" target=\"_blank\" rel=\"noopener\">Moser <span style=\"color: var(--vamtam-h1-color); letter-spacing: var(--vamtam-h1-letter-spacing-desktop,normal); text-transform: var(--vamtam-h1-transform,none);\">velika <\/span>k<\/a><span style=\"color: var(--vamtam-h1-color); letter-spacing: var(--vamtam-h1-letter-spacing-desktop,normal); text-transform: var(--vamtam-h1-transform,none);\">lije\u0161ta za nokte za pse i ma\u010dke\u00a0<\/span><\/p>\n<div class=\"elementor-element elementor-element-6646c347 wd-single-short-desc text-left elementor-widget elementor-widget-wd_single_product_short_description\" data-id=\"6646c347\" data-element_type=\"widget\" data-widget_type=\"wd_single_product_short_description.default\">\n<div class=\"elementor-widget-container\">\n<div class=\"woocommerce-product-details__short-description\">\n<p>Klije\u0161ta za rezanje pand\u017ei pasa, s o\u0161trom o\u0161tricom od nehr\u0111aju\u0107eg \u010delika. Za sigurno i precizno rezanje. Ergonomskog dizajna radi ve\u0107e kontrole i udobnosti tijekom rezanja.<\/p>\n<\/div>\n<\/div>\n<\/div>\n<div class=\"elementor-element elementor-element-587ffdbf wd-single-brands text-left elementor-widget elementor-widget-wd_single_product_brands\" data-id=\"587ffdbf\" data-element_type=\"widget\" data-widget_type=\"wd_single_product_brands.default\">\n<div class=\"elementor-widget-container\">\n<div class=\"wd-product-brands\">\n<p>Grickalica za kand\u017ee jednostavna za kori\u0161tenje, s o\u0161tricama od nehr\u0111aju\u0107eg \u010delika za preciznu njegu kand\u017ei.<\/p>\n<p>Gumirana, ergonomska ru\u010dka za ve\u0107u kontrolu i udobnost.<\/p>\n<p>UPUTA ZA UPORABU:<\/p>\n<\/div>\n<div><\/div>\n<div class=\"wd-product-brands\">Na prozirnom dijelu kand\u017ee identificirajte ne\u017eivi dio koji smijete odrezati da ne o\u0161tetite krvnu \u017eilu.<br \/>\nRe\u017eite samo vrlo kratki dio odjednom &#8211; grani\u010dnik \u0107e pomo\u0107i u sprje\u010davanju prevelikog reza.<br \/>\nBez obzira \u0161to koristite za ure\u0111ivanje, postupno privikavajte psa na postupak obrezivanja kan\u017ei.<br \/>\nObavezno pohvalite va\u0161eg ljubimca i ponudite mu poslasticu kad ugleda pribor za ure\u0111ivanje kand\u017ei kako biste smanjili razinu stresa koju alat za ure\u0111ivanje mo\u017ee izazvati.<\/div>\n<\/div>\n<\/div>\n<div class=\"elementor-element elementor-element-6646c347 wd-single-short-desc text-left elementor-widget elementor-widget-wd_single_product_short_description\" data-id=\"6646c347\" data-element_type=\"widget\" data-widget_type=\"wd_single_product_short_description.default\">\n<div class=\"elementor-widget-container\">\n<div class=\"woocommerce-product-details__short-description\">\n<div class=\"elementor-element elementor-element-8878fea e-con-full jedv-enabled--yes e-flex e-con e-child\" data-id=\"8878fea\" data-element_type=\"container\" data-settings=\"{&quot;jet_parallax_layout_list&quot;:[]}\">\n<div class=\"elementor-element elementor-element-add0b48 e-con-full e-flex e-con e-child\" data-id=\"add0b48\" data-element_type=\"container\" data-settings=\"{&quot;jet_parallax_layout_list&quot;:[]}\">\n<div class=\"elementor-element elementor-element-46f7a3c elementor-widget elementor-widget-heading\" data-id=\"46f7a3c\" data-element_type=\"widget\" data-widget_type=\"heading.default\"><\/div>\n<\/div>\n<\/div>\n<\/div>\n<\/div>\n<\/div>\n<div class=\"elementor-element elementor-element-8878fea e-con-full jedv-enabled--yes e-flex e-con e-child\" data-id=\"8878fea\" data-element_type=\"container\" data-settings=\"{&quot;jet_parallax_layout_list&quot;:[]}\">\n<div class=\"elementor-element elementor-element-add0b48 e-con-full e-flex e-con e-child\" data-id=\"add0b48\" data-element_type=\"container\" data-settings=\"{&quot;jet_parallax_layout_list&quot;:[]}\">\n<div class=\"elementor-element elementor-element-46f7a3c elementor-widget elementor-widget-heading\" data-id=\"46f7a3c\" data-element_type=\"widget\" data-widget_type=\"heading.default\"><\/div>\n<\/div>\n<\/div>\n<\/div>\n<p><!-- .vgblk-rw-wrapper --><\/p>\n","protected":false},"excerpt":{"rendered":"<p>&nbsp;<\/p>\n<div class=\"wd-negative-gap elementor-element elementor-element-aa95126 e-flex e-con-boxed e-con e-parent e-lazyloaded\" data-id=\"aa95126\" data-element_type=\"container\" data-settings=\"{&quot;jet_parallax_layout_list&quot;:[]}\"><a href=\"https:\/\/petmark.ba\/shop\/brand\/moser\/\">Moser<\/a> velika klije\u0161ta za nokte za pse i ma\u010dke<\/div>\n<div data-id=\"aa95126\" data-element_type=\"container\" data-settings=\"{&quot;jet_parallax_layout_list&quot;:[]}\"><\/div>\n<div class=\"elementor-element elementor-element-6646c347 wd-single-short-desc text-left elementor-widget elementor-widget-wd_single_product_short_description\" data-id=\"6646c347\" data-element_type=\"widget\" data-widget_type=\"wd_single_product_short_description.default\">\n<div class=\"elementor-widget-container\">\n<div class=\"woocommerce-product-details__short-description\">\n<ul>\n<li>Klije\u0161ta za rezanje pand\u017ei pasa, s o\u0161trom o\u0161tricom od nehr\u0111aju\u0107eg \u010delika.<\/li>\n<li>Za sigurno i precizno rezanje.<\/li>\n<li>Ergonomskog dizajna radi ve\u0107e kontrole i udobnosti tijekom rezanja.<\/li>\n<\/ul>\n<\/div>\n<\/div>\n<\/div>\n<div class=\"elementor-element elementor-element-8878fea e-con-full jedv-enabled--yes e-flex e-con e-child\" data-id=\"8878fea\" data-element_type=\"container\" data-settings=\"{&quot;jet_parallax_layout_list&quot;:[]}\">\n<div class=\"elementor-element elementor-element-add0b48 e-con-full e-flex e-con e-child\" data-id=\"add0b48\" data-element_type=\"container\" data-settings=\"{&quot;jet_parallax_layout_list&quot;:[]}\">\n<div class=\"elementor-element elementor-element-46f7a3c elementor-widget elementor-widget-heading\" data-id=\"46f7a3c\" data-element_type=\"widget\" data-widget_type=\"heading.default\"><\/div>\n<\/div>\n<\/div>\n","protected":false},"featured_media":988677,"comment_status":"open","ping_status":"closed","template":"","meta":[],"product_brand":[394],"product_cat":[401,360,271,49,452,451,56],"product_tag":[456,455,454,453,457],"class_list":{"0":"post-988675","1":"product","2":"type-product","3":"status-publish","4":"has-post-thumbnail","6":"product_brand-moser","7":"product_cat-cesljevi-i-cetke-za-pse","8":"product_cat-higijena-i-kozmetika-za-macke","9":"product_cat-higijena-i-kozmetika-za-pse","10":"product_cat-macke","11":"product_cat-njega-sapa-higijena-i-kozmetika-za-pse","12":"product_cat-njega-sapa","13":"product_cat-psi","14":"product_tag-klijesta-za-nokte-za-macke","15":"product_tag-klijesta-za-nokte-za-pse","16":"product_tag-klijesta-za-nokte-za-pse-i-macke","17":"product_tag-moser-velika-klijesta-za-nokte-za-pse-i-macke","18":"product_tag-njega-sapa","19":"product_shipping_class-petmark","21":"first","22":"instock","23":"shipping-taxable","24":"purchasable","25":"product-type-simple"},"jetpack_sharing_enabled":true,"_links":{"self":[{"href":"https:\/\/petmark.ba\/shop\/wp-json\/wp\/v2\/product\/988675","targetHints":{"allow":["GET"]}}],"collection":[{"href":"https:\/\/petmark.ba\/shop\/wp-json\/wp\/v2\/product"}],"about":[{"href":"https:\/\/petmark.ba\/shop\/wp-json\/wp\/v2\/types\/product"}],"replies":[{"embeddable":true,"href":"https:\/\/petmark.ba\/shop\/wp-json\/wp\/v2\/comments?post=988675"}],"version-history":[{"count":2,"href":"https:\/\/petmark.ba\/shop\/wp-json\/wp\/v2\/product\/988675\/revisions"}],"predecessor-version":[{"id":988678,"href":"https:\/\/petmark.ba\/shop\/wp-json\/wp\/v2\/product\/988675\/revisions\/988678"}],"wp:featuredmedia":[{"embeddable":true,"href":"https:\/\/petmark.ba\/shop\/wp-json\/wp\/v2\/media\/988677"}],"wp:attachment":[{"href":"https:\/\/petmark.ba\/shop\/wp-json\/wp\/v2\/media?parent=988675"}],"wp:term":[{"taxonomy":"product_brand","embeddable":true,"href":"https:\/\/petmark.ba\/shop\/wp-json\/wp\/v2\/product_brand?post=988675"},{"taxonomy":"product_cat","embeddable":true,"href":"https:\/\/petmark.ba\/shop\/wp-json\/wp\/v2\/product_cat?post=988675"},{"taxonomy":"product_tag","embeddable":true,"href":"https:\/\/petmark.ba\/shop\/wp-json\/wp\/v2\/product_tag?post=988675"}],"curies":[{"name":"wp","href":"https:\/\/api.w.org\/{rel}","templated":true}]}}