{"id":988679,"date":"2025-02-10T14:42:51","date_gmt":"2025-02-10T13:42:51","guid":{"rendered":"https:\/\/petmark.ba\/shop\/?post_type=product&#038;p=988679"},"modified":"2025-02-10T15:05:30","modified_gmt":"2025-02-10T14:05:30","slug":"moser-srednja-cetka-za-ljubimce","status":"publish","type":"product","link":"https:\/\/petmark.ba\/shop\/proizvod\/moser-srednja-cetka-za-ljubimce\/","title":{"rendered":"Moser srednja \u010detka za ljubimce"},"content":{"rendered":"<div class=\"vgblk-rw-wrapper limit-wrapper\"><a href=\"https:\/\/www.moserpro.com\/\" target=\"_blank\" rel=\"noopener\">Moser<\/a> srednja \u010detka za ljubimce<\/p>\n<div class=\"wd-negative-gap elementor-element elementor-element-246ccb9 e-flex e-con-boxed e-con e-parent e-lazyloaded\" data-id=\"246ccb9\" data-element_type=\"container\" data-settings=\"{&quot;jet_parallax_layout_list&quot;:[]}\">\n<div class=\"e-con-inner\">\n<div class=\"elementor-element elementor-element-510692c wd-single-tabs wd-width-100 elementor-widget elementor-widget-wd_single_product_tabs\" data-id=\"510692c\" data-element_type=\"widget\" data-widget_type=\"wd_single_product_tabs.default\">\n<div class=\"elementor-widget-container\">\n<div class=\"woocommerce-tabs wc-tabs-wrapper\" data-state=\"first\" data-layout=\"tabs\">\n<div id=\"tab-description\" class=\"woocommerce-Tabs-panel panel entry-content wc-tab woocommerce-Tabs-panel--description\" role=\"tabpanel\" aria-labelledby=\"tab-title-description\" data-accordion-index=\"description\">\n<p>Dizajnirana za uklanjanje opadaju\u0107ih i iskrzanih dlaka, kao i \u010dvori\u0107a na krznu va\u0161eg ljubimca. Redovnom uporabom poma\u017ee u zagla\u0111ivanju dlake. S ergonomskom ru\u010dkom za lak\u0161e rukovanje.<\/p>\n<p>\u010cetka za krzno posebno veli\u010dinom prilago\u0111enja za srednje velike pse. Izuzetno efikasna za uklanjanje otpale dlake sa krzna i nakupljene ne\u010disto\u0107e. Poseduje egronomsku, gumiranu dr\u0161ku ispunjenu gelom tako da je jako prijatna za kori\u0161\u0107enje i obezbe\u0111uje lako rukovanje. Redovnom primenom osigurava meko i negovano krzno.<\/p>\n<p>Dimenzije: 12 x 4 x 25.5 cm<\/p>\n<p>Napomena: Moser spada u grupu profesionalne opreme za grumere<\/p>\n<\/div>\n<\/div>\n<\/div>\n<\/div>\n<\/div>\n<\/div>\n<div class=\"wd-negative-gap elementor-element elementor-element-aa95126 e-flex e-con-boxed e-con e-parent e-lazyloaded\" data-id=\"aa95126\" data-element_type=\"container\" data-settings=\"{&quot;jet_parallax_layout_list&quot;:[]}\">\n<div class=\"elementor-element elementor-element-6646c347 wd-single-short-desc text-left elementor-widget elementor-widget-wd_single_product_short_description\" data-id=\"6646c347\" data-element_type=\"widget\" data-widget_type=\"wd_single_product_short_description.default\">\n<div class=\"elementor-widget-container\">\n<div class=\"woocommerce-product-details__short-description\">\n<p>&nbsp;<\/p>\n<\/div>\n<\/div>\n<\/div>\n<div class=\"elementor-element elementor-element-8878fea e-con-full jedv-enabled--yes e-flex e-con e-child\" data-id=\"8878fea\" data-element_type=\"container\" data-settings=\"{&quot;jet_parallax_layout_list&quot;:[]}\">\n<div class=\"elementor-element elementor-element-add0b48 e-con-full e-flex e-con e-child\" data-id=\"add0b48\" data-element_type=\"container\" data-settings=\"{&quot;jet_parallax_layout_list&quot;:[]}\">\n<div class=\"elementor-element elementor-element-46f7a3c elementor-widget elementor-widget-heading\" data-id=\"46f7a3c\" data-element_type=\"widget\" data-widget_type=\"heading.default\"><\/div>\n<\/div>\n<\/div>\n<\/div>\n<\/div>\n<p><!-- .vgblk-rw-wrapper --><\/p>\n","protected":false},"excerpt":{"rendered":"<p><a href=\"https:\/\/petmark.ba\/shop\/brand\/moser\/\">Moser<\/a> srednja \u010detka za ljubimce<\/p>\n<div class=\"wd-negative-gap elementor-element elementor-element-246ccb9 e-flex e-con-boxed e-con e-parent e-lazyloaded\" data-id=\"246ccb9\" data-element_type=\"container\" data-settings=\"{&quot;jet_parallax_layout_list&quot;:[]}\">\n<div class=\"e-con-inner\">\n<div class=\"elementor-element elementor-element-510692c wd-single-tabs wd-width-100 elementor-widget elementor-widget-wd_single_product_tabs\" data-id=\"510692c\" data-element_type=\"widget\" data-widget_type=\"wd_single_product_tabs.default\">\n<div class=\"elementor-widget-container\">\n<div class=\"woocommerce-tabs wc-tabs-wrapper\" data-state=\"first\" data-layout=\"tabs\">\n<div id=\"tab-description\" class=\"woocommerce-Tabs-panel panel entry-content wc-tab woocommerce-Tabs-panel--description\" role=\"tabpanel\" aria-labelledby=\"tab-title-description\" data-accordion-index=\"description\">\n<ul>\n<li>Dizajnirana za uklanjanje opadaju\u0107ih i iskrzanih dlaka, kao i \u010dvori\u0107a na krznu va\u0161eg ljubimca.<\/li>\n<li>Redovnom uporabom poma\u017ee u zagla\u0111ivanju dlake.<\/li>\n<li>S ergonomskom ru\u010dkom za lak\u0161e rukovanje.<\/li>\n<li>Izuzetno efikasna za uklanjanje otpale dlake sa krzna i nakupljene ne\u010disto\u0107e<\/li>\n<li>Poseduje egronomsku, gumiranu dr\u0161ku ispunjenu gelom<\/li>\n<li>prijatna za kori\u0161\u0107enje i obezbe\u0111uje lako rukovanje<\/li>\n<li>Redovnom primenom osigurava meko i negovano krzno<\/li>\n<li>Profesionalna oprema za grumere<\/li>\n<\/ul>\n<\/div>\n<\/div>\n<\/div>\n<\/div>\n<\/div>\n<\/div>\n<div class=\"wd-negative-gap elementor-element elementor-element-aa95126 e-flex e-con-boxed e-con e-parent e-lazyloaded\" data-id=\"aa95126\" data-element_type=\"container\" data-settings=\"{&quot;jet_parallax_layout_list&quot;:[]}\"><\/div>\n","protected":false},"featured_media":988680,"comment_status":"open","ping_status":"closed","template":"","meta":[],"product_brand":[394],"product_cat":[402,401,360,271,49,56],"product_tag":[411,412,459,410,458],"class_list":{"0":"post-988679","1":"product","2":"type-product","3":"status-publish","4":"has-post-thumbnail","6":"product_brand-moser","7":"product_cat-cesljevi-i-cetke-za-macke","8":"product_cat-cesljevi-i-cetke-za-pse","9":"product_cat-higijena-i-kozmetika-za-macke","10":"product_cat-higijena-i-kozmetika-za-pse","11":"product_cat-macke","12":"product_cat-psi","13":"product_tag-cetka-za-pse","14":"product_tag-cetke-i-cesljevi-za-zivotinje","15":"product_tag-moser-srednja-cetka-za-ljubimce","16":"product_tag-moser-velika-cetka","17":"product_tag-srednja-cetka-za-ljubimce","18":"product_shipping_class-petmark","20":"first","21":"instock","22":"shipping-taxable","23":"purchasable","24":"product-type-simple"},"jetpack_sharing_enabled":true,"_links":{"self":[{"href":"https:\/\/petmark.ba\/shop\/wp-json\/wp\/v2\/product\/988679","targetHints":{"allow":["GET"]}}],"collection":[{"href":"https:\/\/petmark.ba\/shop\/wp-json\/wp\/v2\/product"}],"about":[{"href":"https:\/\/petmark.ba\/shop\/wp-json\/wp\/v2\/types\/product"}],"replies":[{"embeddable":true,"href":"https:\/\/petmark.ba\/shop\/wp-json\/wp\/v2\/comments?post=988679"}],"version-history":[{"count":4,"href":"https:\/\/petmark.ba\/shop\/wp-json\/wp\/v2\/product\/988679\/revisions"}],"predecessor-version":[{"id":988684,"href":"https:\/\/petmark.ba\/shop\/wp-json\/wp\/v2\/product\/988679\/revisions\/988684"}],"wp:featuredmedia":[{"embeddable":true,"href":"https:\/\/petmark.ba\/shop\/wp-json\/wp\/v2\/media\/988680"}],"wp:attachment":[{"href":"https:\/\/petmark.ba\/shop\/wp-json\/wp\/v2\/media?parent=988679"}],"wp:term":[{"taxonomy":"product_brand","embeddable":true,"href":"https:\/\/petmark.ba\/shop\/wp-json\/wp\/v2\/product_brand?post=988679"},{"taxonomy":"product_cat","embeddable":true,"href":"https:\/\/petmark.ba\/shop\/wp-json\/wp\/v2\/product_cat?post=988679"},{"taxonomy":"product_tag","embeddable":true,"href":"https:\/\/petmark.ba\/shop\/wp-json\/wp\/v2\/product_tag?post=988679"}],"curies":[{"name":"wp","href":"https:\/\/api.w.org\/{rel}","templated":true}]}}