{"id":988685,"date":"2025-02-10T15:16:13","date_gmt":"2025-02-10T14:16:13","guid":{"rendered":"https:\/\/petmark.ba\/shop\/?post_type=product&#038;p=988685"},"modified":"2025-02-10T15:23:22","modified_gmt":"2025-02-10T14:23:22","slug":"moser-bezicna-brusilica-za-nokte-ljubimaca","status":"publish","type":"product","link":"https:\/\/petmark.ba\/shop\/proizvod\/moser-bezicna-brusilica-za-nokte-ljubimaca\/","title":{"rendered":"Moser be\u017ei\u010dna brusilica za nokte ljubimaca"},"content":{"rendered":"<div class=\"vgblk-rw-wrapper limit-wrapper\"><a href=\"https:\/\/www.moserpro.com\/\" target=\"_blank\" rel=\"noopener\">Moser\u00a0be\u017ei\u010dna brusilica za nokte ljubimaca<\/a><\/p>\n<div class=\"elementor-element elementor-element-6646c347 wd-single-short-desc text-left elementor-widget elementor-widget-wd_single_product_short_description\" data-id=\"6646c347\" data-element_type=\"widget\" data-widget_type=\"wd_single_product_short_description.default\">\n<div class=\"elementor-widget-container\">\n<div class=\"woocommerce-product-details__short-description\">\n<p>S MOSER\u00ae brusilicom za kand\u017ee, bez problema mo\u017eete skra\u0107ivati i kand\u017ee ma\u010daka, malih \u017eivotinja i ptica.. Opasnost od ozljede je pri tome vrlo mala, jer obra\u0111ujete kand\u017eu dio po dio. Mini Spotlight svjetlo osigurava dodatno osvjetljivanje mjesta skra\u0107ivanja.<br \/>\nUre\u0111aj se pokre\u0107e na baterije i nema strujni kabel, te se mo\u017ee koristiti bilo gdje i bilo kada.<\/p>\n<p><strong>Karakteristike:<\/strong><br \/>\n\u2022 Tihi rad: dose\u017ee maksimalno 52 dB(A)<br \/>\n\u2022 Prakti\u010dna: jednostavno podesiva s kliznim dr\u017ea\u010dem<br \/>\n\u2022 S razli\u010ditim umetcima brusnih glavica: 2 x velika s grubim zrncima: \u00d8 1,5 cm i 2x mala sa sitnim zrncima: \u00d8 0,8 cm<br \/>\n\u2022 Mini-Spotlight svjetlo<br \/>\n\u2022 Uklju\u010dene baterije: 2x AA 1,5 V<br \/>\n\u2022 Dimenzije:<br \/>\nUkupno: D 15,3 x \u0160 4,2 x V 3,1 cm<br \/>\nBrusna glavica, mala: \u00d8 0,8 x D 3 cm<br \/>\nBrusna glavica, velika: \u00d8 1,5 x D 3 cm<br \/>\n\u2022 Te\u017eina (s baterijom, bez nastavaka): 102 g<br \/>\n\u2022 Preporu\u010duje se za kori\u0161tenje u veterinarskim stanicama<\/p>\n<p><strong>Preporuka:<\/strong><br \/>\nTurpijajte kand\u017ee pod kutom od 45\u00b0. Trenje stvara toplinu. Kratko se zadr\u017eavajte na pojedina\u010dnim mjestima kako ne bi do\u0161lo do preveliko zagrijavanja.<\/p>\n<p>SADR\u017dAJ PAKIRANJA:<br \/>\n2 x AA 1,5 V baterije<br \/>\n1 brusna glava, mala: O 0,8 x D 3 cm<br \/>\n1 brusna glava, velika: O 1,5 x D 3 cm<br \/>\n4 brusne glave, baterije i uputstva za kori\u0161tenje<\/p>\n<\/div>\n<\/div>\n<\/div>\n<div class=\"elementor-element elementor-element-8878fea e-con-full jedv-enabled--yes e-flex e-con e-child\" data-id=\"8878fea\" data-element_type=\"container\" data-settings=\"{&quot;jet_parallax_layout_list&quot;:[]}\">\n<div class=\"elementor-element elementor-element-add0b48 e-con-full e-flex e-con e-child\" data-id=\"add0b48\" data-element_type=\"container\" data-settings=\"{&quot;jet_parallax_layout_list&quot;:[]}\">\n<div class=\"elementor-element elementor-element-46f7a3c elementor-widget elementor-widget-heading\" data-id=\"46f7a3c\" data-element_type=\"widget\" data-widget_type=\"heading.default\"><\/div>\n<\/div>\n<\/div>\n<\/div>\n<p><!-- .vgblk-rw-wrapper --><\/p>\n","protected":false},"excerpt":{"rendered":"<div class=\"wd-negative-gap elementor-element elementor-element-aa95126 e-flex e-con-boxed e-con e-parent e-lazyloaded\" data-id=\"aa95126\" data-element_type=\"container\" data-settings=\"{&quot;jet_parallax_layout_list&quot;:[]}\"><a href=\"https:\/\/petmark.ba\/shop\/brand\/moser\/\">Moser be\u017ei\u010dna brusilica za nokte ljubimaca<\/a><\/div>\n<div data-id=\"aa95126\" data-element_type=\"container\" data-settings=\"{&quot;jet_parallax_layout_list&quot;:[]}\"><\/div>\n<div data-id=\"aa95126\" data-element_type=\"container\" data-settings=\"{&quot;jet_parallax_layout_list&quot;:[]}\">Dva smjera okretanja: prikladna i za ljevake i za de\u0161njake<br \/>\nPo dvije brzine: nje\u017eno skra\u0107ivanje \u010dak i tvrdih kand\u017ei<br \/>\nErgonomski oblik: idealno le\u017ei u ruci i pojednostavljuje rad<br \/>\nPokretanje na baterije: bez strujnog kabela i mo\u017ee se koristiti bilo gdje<br \/>\nTihi rad: dose\u017ee maksimalno 52 dB(A)<br \/>\nS razli\u010ditim umecima brusnih glavica:<br \/>\n2 x velika s grubim zrnima: O 1,5 cm<br \/>\n2 x mala sa sitnim zrnima: O 0,8 cm<\/div>\n<div class=\"elementor-element elementor-element-8878fea e-con-full jedv-enabled--yes e-flex e-con e-child\" data-id=\"8878fea\" data-element_type=\"container\" data-settings=\"{&quot;jet_parallax_layout_list&quot;:[]}\">\n<div class=\"elementor-element elementor-element-add0b48 e-con-full e-flex e-con e-child\" data-id=\"add0b48\" data-element_type=\"container\" data-settings=\"{&quot;jet_parallax_layout_list&quot;:[]}\">\n<div class=\"elementor-element elementor-element-46f7a3c elementor-widget elementor-widget-heading\" data-id=\"46f7a3c\" data-element_type=\"widget\" data-widget_type=\"heading.default\"><\/div>\n<\/div>\n<\/div>\n","protected":false},"featured_media":988688,"comment_status":"open","ping_status":"closed","template":"","meta":[],"product_brand":[394],"product_cat":[360,271,49,451,452,56],"product_tag":[461,462,460,457],"class_list":{"0":"post-988685","1":"product","2":"type-product","3":"status-publish","4":"has-post-thumbnail","6":"product_brand-moser","7":"product_cat-higijena-i-kozmetika-za-macke","8":"product_cat-higijena-i-kozmetika-za-pse","9":"product_cat-macke","10":"product_cat-njega-sapa","11":"product_cat-njega-sapa-higijena-i-kozmetika-za-pse","12":"product_cat-psi","13":"product_tag-brusilica-za-nokte-ljubimaca","14":"product_tag-brusilica-za-nokte-zivotinja","15":"product_tag-moser-bezicna-brusilica-za-nokte-ljubimaca","16":"product_tag-njega-sapa","17":"product_shipping_class-petmark","19":"first","20":"instock","21":"shipping-taxable","22":"purchasable","23":"product-type-simple"},"jetpack_sharing_enabled":true,"_links":{"self":[{"href":"https:\/\/petmark.ba\/shop\/wp-json\/wp\/v2\/product\/988685","targetHints":{"allow":["GET"]}}],"collection":[{"href":"https:\/\/petmark.ba\/shop\/wp-json\/wp\/v2\/product"}],"about":[{"href":"https:\/\/petmark.ba\/shop\/wp-json\/wp\/v2\/types\/product"}],"replies":[{"embeddable":true,"href":"https:\/\/petmark.ba\/shop\/wp-json\/wp\/v2\/comments?post=988685"}],"version-history":[{"count":1,"href":"https:\/\/petmark.ba\/shop\/wp-json\/wp\/v2\/product\/988685\/revisions"}],"predecessor-version":[{"id":988689,"href":"https:\/\/petmark.ba\/shop\/wp-json\/wp\/v2\/product\/988685\/revisions\/988689"}],"wp:featuredmedia":[{"embeddable":true,"href":"https:\/\/petmark.ba\/shop\/wp-json\/wp\/v2\/media\/988688"}],"wp:attachment":[{"href":"https:\/\/petmark.ba\/shop\/wp-json\/wp\/v2\/media?parent=988685"}],"wp:term":[{"taxonomy":"product_brand","embeddable":true,"href":"https:\/\/petmark.ba\/shop\/wp-json\/wp\/v2\/product_brand?post=988685"},{"taxonomy":"product_cat","embeddable":true,"href":"https:\/\/petmark.ba\/shop\/wp-json\/wp\/v2\/product_cat?post=988685"},{"taxonomy":"product_tag","embeddable":true,"href":"https:\/\/petmark.ba\/shop\/wp-json\/wp\/v2\/product_tag?post=988685"}],"curies":[{"name":"wp","href":"https:\/\/api.w.org\/{rel}","templated":true}]}}