{"id":988691,"date":"2025-02-11T14:23:19","date_gmt":"2025-02-11T13:23:19","guid":{"rendered":"https:\/\/petmark.ba\/shop\/?post_type=product&#038;p=988691"},"modified":"2025-02-25T19:00:36","modified_gmt":"2025-02-25T18:00:36","slug":"krevet-za-pse-i-macke","status":"publish","type":"product","link":"https:\/\/petmark.ba\/shop\/proizvod\/krevet-za-pse-i-macke\/","title":{"rendered":"Ku\u0107i\u0107a krevet za pse i ma\u010dke"},"content":{"rendered":"<div class=\"vgblk-rw-wrapper limit-wrapper\"><a href=\"https:\/\/petmark.ba\/shop\/kategorija\/psi\/lezajevi-i-kucice-za-pse\/\" target=\"_blank\" rel=\"noopener\">Ku\u0107i\u0107a krevet za pse i ma\u010dke<\/a><\/p>\n<p>Ova atraktivna i udobna ku\u0107ica za pse i ma\u010dke pru\u017ea va\u0161em ljubimcu savr\u0161en kutak za odmor i sigurnost.<\/p>\n<p>Spolja\u0161nji dizajn u ru\u017ei\u010dastim tonovima sa motivima cigli, upotpunjen crno-bijelim tufnastim ivicama, daje moderan i zabavan izgled.<\/p>\n<p>Unutra\u0161njost ku\u0107ice je oblo\u017eena mekim materijalom sa istim tufnastim dezenom, pru\u017eaju\u0107i va\u0161em ljubimcu maksimalnu udobnost.<\/p>\n<p>Ku\u0107ica je idealna za manje pse i ma\u010dke, lagana je i jednostavna za odr\u017eavanje.<\/p>\n<p>Savr\u0161en je dodatak svakom domu, omogu\u0107avaju\u0107i va\u0161em ljubimcu prijatan i topao prostor za odmor.<\/p><\/div>\n<p><!-- .vgblk-rw-wrapper --><\/p>\n","protected":false},"excerpt":{"rendered":"<p>Ku\u0107i\u0107a krevet za pse i ma\u010dke<\/p>\n","protected":false},"featured_media":988692,"comment_status":"open","ping_status":"closed","template":"","meta":[],"product_brand":[],"product_cat":[361,463,49,56],"product_tag":[466,465,464,468,467],"class_list":{"0":"post-988691","1":"product","2":"type-product","3":"status-publish","4":"has-post-thumbnail","6":"product_cat-lezajevi-i-kucice-za-macke","7":"product_cat-lezajevi-i-kucice-za-pse","8":"product_cat-macke","9":"product_cat-psi","10":"product_tag-krevet-za-macke","11":"product_tag-krevet-za-pse","12":"product_tag-krevet-za-pse-i-macke","13":"product_tag-kucica-krevet-za-pse-i-macke","14":"product_tag-lezajevi-i-kucice-za-pse","15":"product_shipping_class-petmark","17":"first","18":"instock","19":"shipping-taxable","20":"purchasable","21":"product-type-simple"},"jetpack_sharing_enabled":true,"_links":{"self":[{"href":"https:\/\/petmark.ba\/shop\/wp-json\/wp\/v2\/product\/988691","targetHints":{"allow":["GET"]}}],"collection":[{"href":"https:\/\/petmark.ba\/shop\/wp-json\/wp\/v2\/product"}],"about":[{"href":"https:\/\/petmark.ba\/shop\/wp-json\/wp\/v2\/types\/product"}],"replies":[{"embeddable":true,"href":"https:\/\/petmark.ba\/shop\/wp-json\/wp\/v2\/comments?post=988691"}],"version-history":[{"count":5,"href":"https:\/\/petmark.ba\/shop\/wp-json\/wp\/v2\/product\/988691\/revisions"}],"predecessor-version":[{"id":988699,"href":"https:\/\/petmark.ba\/shop\/wp-json\/wp\/v2\/product\/988691\/revisions\/988699"}],"wp:featuredmedia":[{"embeddable":true,"href":"https:\/\/petmark.ba\/shop\/wp-json\/wp\/v2\/media\/988692"}],"wp:attachment":[{"href":"https:\/\/petmark.ba\/shop\/wp-json\/wp\/v2\/media?parent=988691"}],"wp:term":[{"taxonomy":"product_brand","embeddable":true,"href":"https:\/\/petmark.ba\/shop\/wp-json\/wp\/v2\/product_brand?post=988691"},{"taxonomy":"product_cat","embeddable":true,"href":"https:\/\/petmark.ba\/shop\/wp-json\/wp\/v2\/product_cat?post=988691"},{"taxonomy":"product_tag","embeddable":true,"href":"https:\/\/petmark.ba\/shop\/wp-json\/wp\/v2\/product_tag?post=988691"}],"curies":[{"name":"wp","href":"https:\/\/api.w.org\/{rel}","templated":true}]}}