{"id":988705,"date":"2025-02-13T15:40:45","date_gmt":"2025-02-13T14:40:45","guid":{"rendered":"https:\/\/petmark.ba\/shop\/?post_type=product&#038;p=988705"},"modified":"2025-02-25T19:01:19","modified_gmt":"2025-02-25T18:01:19","slug":"all-for-paws-pojilica-chill-out-fontana-za-pse-i-mace","status":"publish","type":"product","link":"https:\/\/petmark.ba\/shop\/proizvod\/all-for-paws-pojilica-chill-out-fontana-za-pse-i-mace\/","title":{"rendered":"All for Paws pojilica Chill Out fontana za pse i mace"},"content":{"rendered":"<div class=\"vgblk-rw-wrapper limit-wrapper\"><a href=\"https:\/\/www.allforpawspet.com\/\" target=\"_blank\" rel=\"noopener\">All for Paws<\/a> pojilica Chill Out fontana za pse i mace<\/p>\n<div class=\"woocommerce-tabs wc-tabs-wrapper tabs-layout-accordion wd-opener-pos-right wd-opener-style-arrow wd-accordion wd-style-default wd-inited\" data-state=\"first\" data-layout=\"accordion\">\n<div class=\"wd-accordion-item\">\n<div id=\"tab-description\" class=\"entry-content woocommerce-Tabs-panel woocommerce-Tabs-panel--description wd-active wd-scroll wd-accordion-content\" role=\"tabpanel\" aria-labelledby=\"tab-title-description\" data-accordion-index=\"description\">\n<div class=\"wc-tab-inner wd-entry-content wd-scroll-content\">\n<p>Za\u00a0 vru\u0107e ljetne dane kada nije samo sjajno igrati se vani, ve\u0107 je i toliko vru\u0107e da je psu potrebno malo hla\u0111enja, vrtna fontana All for Paws bit \u0107e najbolja ideja za rashla\u0111ivanje va\u0161eg ljubimca. \u010cinjenica je da se psi znoje samo sa svojih \u0161apa, njihov jedini na\u010din da smanje tjelesnu toplinu je dah\u0107u\u0107i s otvorenim ustima, to je ideja dizajna ove linije. S hladnim gelom iznutra ili s tkaninom koja zadr\u017eava vodu, va\u0161 \u0107e pas biti najcool ovog ljeta<\/p>\n<\/div>\n<\/div>\n<\/div>\n<\/div>\n<p>Sigurno i jednostavno za kori\u0161tenje!<br \/>\nUniverzalni priklju\u010dak za vrtno crijevo.<br \/>\nIzmjenjivi nastavci za vodu dozvoljavaju prilago\u0111avanje visine mlaza vode.<br \/>\nVrtna fontana omogu\u0107iti \u0107e va\u0161em psu lako dostupnu svje\u017eu vodu u vru\u0107im ljetnim danima kada god to po\u017eeli.<br \/>\nDovoljno je spojiti vrtno crijevo i va\u0161 \u0107e ljubimac imati svje\u017eu vodu na dohvat \u0161ape!<\/p>\n<p>UPUTE ZA KORI\u0160TENJE I \u010cUVANJE:<br \/>\nMonta\u017ea:<br \/>\nSlika 1. Postavite regulator pritiska na priklju\u010dak za crijevo.<br \/>\nSlika 2. Spojite crijevo za vodu na stra\u017enju stranu regulatora pritiska vode (zavr\u0161na spojnica za crijevo nije uklju\u010dena u pakiranje).<br \/>\nSlika 3. Prilago\u0111avanje pritiska vode: ukoliko je pritisak preslab, mo\u017eete postaviti regulator pritiska izme\u0111u priklju\u010dka za crijevo i samog crijeva za vodu.<br \/>\nZa ja\u010di pritisak okrenite regulator u smjeru kazaljke na satu, za slabiji pritisak okrenite ga u suprotnom smjeru.<br \/>\n(SLIKOVNE UPUTE NALAZE SE UNUTAR PAKIRANJA).<\/p>\n<p>Ne ostavljajte va\u0161eg psa bez nadzora tijekom kori\u0161tenja ovog proizvoda.<br \/>\nAko se proizvod o\u0161teti, molim da ga vi\u0161e ne koristite.<br \/>\nUklonite pakiranje prije nego zapo\u010dnete s kori\u0161tenjem.<br \/>\nNije igra\u010dka za djecu.<\/p><\/div>\n<p><!-- .vgblk-rw-wrapper --><\/p>\n","protected":false},"excerpt":{"rendered":"<p><a href=\"https:\/\/petmark.ba\/shop\/brand\/all-for-paws\/\">All for Paws<\/a> pojilica Chill Out fontana za pse i mace<\/p>\n<p>Sigurno i jednostavno za kori\u0161tenje!<br \/>\nUniverzalni priklju\u010dak za vrtno crijevo.<br \/>\nIzmjenjivi nastavci za vodu dozvoljavaju prilago\u0111avanje visine mlaza vode.<br \/>\nVrtna fontana omogu\u0107iti \u0107e va\u0161em psu lako dostupnu svje\u017eu vodu u vru\u0107im ljetnim danima kada god to po\u017eeli.<br \/>\nDovoljno je spojiti vrtno crijevo i va\u0161 \u0107e ljubimac imati svje\u017eu vodu na dohvat \u0161ape<\/p>\n","protected":false},"featured_media":988709,"comment_status":"open","ping_status":"closed","template":"","meta":[],"product_brand":[470],"product_cat":[49,321,56],"product_tag":[474,473,471,475,472],"class_list":{"0":"post-988705","1":"product","2":"type-product","3":"status-publish","4":"has-post-thumbnail","6":"product_brand-all-for-paws","7":"product_cat-macke","8":"product_cat-pojilice-za-macke-i-pse","9":"product_cat-psi","10":"product_tag-all-for-paws-pojilica","11":"product_tag-all-for-paws-pojilica-chill-out","12":"product_tag-all-for-paws-pojilica-chill-out-fontana-za-pse-i-mace","13":"product_tag-fontana-za-pse","14":"product_tag-fontana-za-pse-i-mace","15":"product_shipping_class-petmark","17":"first","18":"instock","19":"shipping-taxable","20":"purchasable","21":"product-type-simple"},"jetpack_sharing_enabled":true,"_links":{"self":[{"href":"https:\/\/petmark.ba\/shop\/wp-json\/wp\/v2\/product\/988705","targetHints":{"allow":["GET"]}}],"collection":[{"href":"https:\/\/petmark.ba\/shop\/wp-json\/wp\/v2\/product"}],"about":[{"href":"https:\/\/petmark.ba\/shop\/wp-json\/wp\/v2\/types\/product"}],"replies":[{"embeddable":true,"href":"https:\/\/petmark.ba\/shop\/wp-json\/wp\/v2\/comments?post=988705"}],"version-history":[{"count":3,"href":"https:\/\/petmark.ba\/shop\/wp-json\/wp\/v2\/product\/988705\/revisions"}],"predecessor-version":[{"id":988713,"href":"https:\/\/petmark.ba\/shop\/wp-json\/wp\/v2\/product\/988705\/revisions\/988713"}],"wp:featuredmedia":[{"embeddable":true,"href":"https:\/\/petmark.ba\/shop\/wp-json\/wp\/v2\/media\/988709"}],"wp:attachment":[{"href":"https:\/\/petmark.ba\/shop\/wp-json\/wp\/v2\/media?parent=988705"}],"wp:term":[{"taxonomy":"product_brand","embeddable":true,"href":"https:\/\/petmark.ba\/shop\/wp-json\/wp\/v2\/product_brand?post=988705"},{"taxonomy":"product_cat","embeddable":true,"href":"https:\/\/petmark.ba\/shop\/wp-json\/wp\/v2\/product_cat?post=988705"},{"taxonomy":"product_tag","embeddable":true,"href":"https:\/\/petmark.ba\/shop\/wp-json\/wp\/v2\/product_tag?post=988705"}],"curies":[{"name":"wp","href":"https:\/\/api.w.org\/{rel}","templated":true}]}}