{"id":988734,"date":"2025-02-28T13:45:06","date_gmt":"2025-02-28T12:45:06","guid":{"rendered":"https:\/\/petmark.ba\/shop\/?post_type=product&#038;p=988734"},"modified":"2025-02-28T14:00:21","modified_gmt":"2025-02-28T13:00:21","slug":"transporter-za-pse-i-macke-450x650x450","status":"publish","type":"product","link":"https:\/\/petmark.ba\/shop\/proizvod\/transporter-za-pse-i-macke-450x650x450\/","title":{"rendered":"Transporter za pse i ma\u010dke 45 x 65 x 45"},"content":{"rendered":"<div class=\"vgblk-rw-wrapper limit-wrapper\">Transporter za pse i ma\u010dke 45 x 65 x 45<\/p>\n<p data-start=\"0\" data-end=\"237\">Da li ste spremni da krenete sa svojim ljubimcem? Ovaj uvozni asortiman plasti\u010dnih nosiljki za ljubimce, namjenjen za ma\u010dke, male pse i velike <a href=\"https:\/\/sh.wikipedia.org\/wiki\/Pas\" target=\"_blank\" rel=\"noopener\">pse<\/a>, omogu\u0107ava vam da povedete svoje ljubimce sa sobom, obezbe\u0111uju\u0107i im siguran i udoban put.<\/p>\n<\/div>\n<p><!-- .vgblk-rw-wrapper --><\/p>\n","protected":false},"excerpt":{"rendered":"<p><a href=\"https:\/\/petmark.ba\/shop\/kategorija\/psi\/odjeca-obuca-i-modni-dodaci\/transporteri-torbe-i-kavezi-i-ograde-za-pse\/\">Transporter za pse<\/a> i ma\u010dke 45 x 65 x 45<\/p>\n<p>Da li ste spremni da krenete sa svojim ljubimcem? Ovaj uvozni asortiman plasti\u010dnih nosiljki za ljubimce, namjenjen za ma\u010dke, male pse i velike pse, omogu\u0107ava vam da povedete svoje ljubimce sa sobom, obezbe\u0111uju\u0107i im siguran i udoban put.<\/p>\n","protected":false},"featured_media":988735,"comment_status":"open","ping_status":"closed","template":"","meta":[],"product_brand":[478],"product_cat":[49,146,56,381,176],"product_tag":[486,485,487],"class_list":{"0":"post-988734","1":"product","2":"type-product","3":"status-publish","4":"has-post-thumbnail","6":"product_brand-trixie","7":"product_cat-macke","8":"product_cat-oprema-za-automobil-za-pse","9":"product_cat-psi","10":"product_cat-transporteri-torbe-i-kavezi-i-ograde-za-macke","11":"product_cat-transporteri-torbe-i-kavezi-i-ograde-za-pse","12":"product_tag-transporter-za-psa","13":"product_tag-transporter-za-psa-450x650x450","14":"product_tag-transporter-za-pse-i-macke-45-x-65-x-45","15":"product_shipping_class-petmark","17":"first","18":"instock","19":"shipping-taxable","20":"purchasable","21":"product-type-simple"},"jetpack_sharing_enabled":true,"_links":{"self":[{"href":"https:\/\/petmark.ba\/shop\/wp-json\/wp\/v2\/product\/988734","targetHints":{"allow":["GET"]}}],"collection":[{"href":"https:\/\/petmark.ba\/shop\/wp-json\/wp\/v2\/product"}],"about":[{"href":"https:\/\/petmark.ba\/shop\/wp-json\/wp\/v2\/types\/product"}],"replies":[{"embeddable":true,"href":"https:\/\/petmark.ba\/shop\/wp-json\/wp\/v2\/comments?post=988734"}],"version-history":[{"count":5,"href":"https:\/\/petmark.ba\/shop\/wp-json\/wp\/v2\/product\/988734\/revisions"}],"predecessor-version":[{"id":988738,"href":"https:\/\/petmark.ba\/shop\/wp-json\/wp\/v2\/product\/988734\/revisions\/988738"}],"wp:featuredmedia":[{"embeddable":true,"href":"https:\/\/petmark.ba\/shop\/wp-json\/wp\/v2\/media\/988735"}],"wp:attachment":[{"href":"https:\/\/petmark.ba\/shop\/wp-json\/wp\/v2\/media?parent=988734"}],"wp:term":[{"taxonomy":"product_brand","embeddable":true,"href":"https:\/\/petmark.ba\/shop\/wp-json\/wp\/v2\/product_brand?post=988734"},{"taxonomy":"product_cat","embeddable":true,"href":"https:\/\/petmark.ba\/shop\/wp-json\/wp\/v2\/product_cat?post=988734"},{"taxonomy":"product_tag","embeddable":true,"href":"https:\/\/petmark.ba\/shop\/wp-json\/wp\/v2\/product_tag?post=988734"}],"curies":[{"name":"wp","href":"https:\/\/api.w.org\/{rel}","templated":true}]}}