{"id":988760,"date":"2025-03-13T13:32:28","date_gmt":"2025-03-13T12:32:28","guid":{"rendered":"https:\/\/petmark.ba\/shop\/?post_type=product&#038;p=988760"},"modified":"2025-03-13T13:34:24","modified_gmt":"2025-03-13T12:34:24","slug":"autosjedalica-korpa-za-pse","status":"publish","type":"product","link":"https:\/\/petmark.ba\/shop\/proizvod\/autosjedalica-korpa-za-pse\/","title":{"rendered":"Autosjedalica korpa za pse"},"content":{"rendered":"<div class=\"vgblk-rw-wrapper limit-wrapper\">\n<h3>Autosjedalica korpa za pse<\/h3>\n<p><a href=\"https:\/\/petmark.ba\/shop\/kategorija\/psi\/odjeca-obuca-i-modni-dodaci\/transporteri-torbe-i-kavezi-i-ograde-za-pse\/\">Korpa za psa<\/a> je prakti\u010dan dodatak koji omogu\u0107ava sigurnost i udobnost va\u0161em ljubimcu tokom vo\u017enje.<\/p>\n<p>Dizajnirana je tako da pas mo\u017ee udobno sjediti ili le\u017eati, dok je istovremeno osiguran kako bi se sprije\u010dilo njegovo kretanje po vozilu.<\/p>\n<p><a href=\"https:\/\/svezadjecu.ba\/kategorija\/autosjedalice\/\" target=\"_blank\" rel=\"noopener\">Sjedalica<\/a> se lako montira na zadnje sjedi\u0161te ili na suvoza\u010dko sjedi\u0161te vozila.<\/div>\n<p><!-- .vgblk-rw-wrapper --><\/p>\n","protected":false},"excerpt":{"rendered":"<p>Autosjedalica korpa za pse<\/p>\n<p>Korpa za psa je prakti\u010dan dodatak koji omogu\u0107ava sigurnost i udobnost va\u0161em ljubimcu tokom vo\u017enje.<\/p>\n<p>Dizajnirana je tako da pas mo\u017ee udobno sjediti ili le\u017eati, dok je istovremeno osiguran kako bi se sprije\u010dilo njegovo kretanje po vozilu.<\/p>\n<p>Sjedalica se lako montira na zadnje sjedi\u0161te ili na suvoza\u010dko sjedi\u0161te vozila.<\/p>\n","protected":false},"featured_media":988761,"comment_status":"open","ping_status":"closed","template":"","meta":[],"product_brand":[],"product_cat":[56,176],"product_tag":[498,499,500],"class_list":{"0":"post-988760","1":"product","2":"type-product","3":"status-publish","4":"has-post-thumbnail","6":"product_cat-psi","7":"product_cat-transporteri-torbe-i-kavezi-i-ograde-za-pse","8":"product_tag-autosjedalica-korpa-za-pse","9":"product_tag-autosjedalica-za-pse","10":"product_tag-korpa-za-pse","11":"product_shipping_class-petmark","13":"first","14":"instock","15":"shipping-taxable","16":"purchasable","17":"product-type-simple"},"jetpack_sharing_enabled":true,"_links":{"self":[{"href":"https:\/\/petmark.ba\/shop\/wp-json\/wp\/v2\/product\/988760","targetHints":{"allow":["GET"]}}],"collection":[{"href":"https:\/\/petmark.ba\/shop\/wp-json\/wp\/v2\/product"}],"about":[{"href":"https:\/\/petmark.ba\/shop\/wp-json\/wp\/v2\/types\/product"}],"replies":[{"embeddable":true,"href":"https:\/\/petmark.ba\/shop\/wp-json\/wp\/v2\/comments?post=988760"}],"version-history":[{"count":3,"href":"https:\/\/petmark.ba\/shop\/wp-json\/wp\/v2\/product\/988760\/revisions"}],"predecessor-version":[{"id":988765,"href":"https:\/\/petmark.ba\/shop\/wp-json\/wp\/v2\/product\/988760\/revisions\/988765"}],"wp:featuredmedia":[{"embeddable":true,"href":"https:\/\/petmark.ba\/shop\/wp-json\/wp\/v2\/media\/988761"}],"wp:attachment":[{"href":"https:\/\/petmark.ba\/shop\/wp-json\/wp\/v2\/media?parent=988760"}],"wp:term":[{"taxonomy":"product_brand","embeddable":true,"href":"https:\/\/petmark.ba\/shop\/wp-json\/wp\/v2\/product_brand?post=988760"},{"taxonomy":"product_cat","embeddable":true,"href":"https:\/\/petmark.ba\/shop\/wp-json\/wp\/v2\/product_cat?post=988760"},{"taxonomy":"product_tag","embeddable":true,"href":"https:\/\/petmark.ba\/shop\/wp-json\/wp\/v2\/product_tag?post=988760"}],"curies":[{"name":"wp","href":"https:\/\/api.w.org\/{rel}","templated":true}]}}