{"id":988766,"date":"2025-03-13T13:59:45","date_gmt":"2025-03-13T12:59:45","guid":{"rendered":"https:\/\/petmark.ba\/shop\/?post_type=product&#038;p=988766"},"modified":"2025-03-13T14:00:23","modified_gmt":"2025-03-13T13:00:23","slug":"kerbl-igracka-za-pse-za-razmisljanje-i-ucenje-paw","status":"publish","type":"product","link":"https:\/\/petmark.ba\/shop\/proizvod\/kerbl-igracka-za-pse-za-razmisljanje-i-ucenje-paw\/","title":{"rendered":"Kerbl igra\u010dka za pse za razmi\u0161ljanje i u\u010denje Paw"},"content":{"rendered":"<div class=\"vgblk-rw-wrapper limit-wrapper\">\n<h3><a href=\"https:\/\/www.kerbl.com\/en\/product\/thinking-and-learning-toy-paw\/987149\/10324\" target=\"_blank\" rel=\"noopener\">Kerbl<\/a> igra\u010dka za pse za razmi\u0161ljanje i u\u010denje Paw<\/h3>\n<h3><\/h3>\n<ul>\n<li>MDF plo\u010da s lakiranom povr\u0161inom<\/li>\n<li>s drvenim sto\u0161cima i kliznim poklopcima<\/li>\n<li>nudi niz mogu\u0107nosti za skrivanje poslastica kako bi se va\u0161 pas zabavljao satima<\/li>\n<\/ul>\n<p>&nbsp;<\/p>\n<h6>Kerbl igra\u010dka za pse za razmi\u0161ljanje i u\u010denje Paw<\/h6>\n<p>&nbsp;<\/p>\n<p>&nbsp;<\/p><\/div>\n<p><!-- .vgblk-rw-wrapper --><\/p>\n","protected":false},"excerpt":{"rendered":"<h3><a href=\"https:\/\/petmark.ba\/shop\/brend\/kerbl\/\">Kerbl <\/a>igra\u010dka za pse za razmi\u0161ljanje i u\u010denje Paw<\/h3>\n<h3><\/h3>\n<ul>\n<li>MDF plo\u010da s lakiranom povr\u0161inom<\/li>\n<li>s drvenim sto\u0161cima i kliznim poklopcima<\/li>\n<li>nudi niz mogu\u0107nosti za skrivanje poslastica kako bi se va\u0161 pas zabavljao satima<\/li>\n<\/ul>\n<p>&nbsp;<\/p>\n<p>&nbsp;<\/p>\n","protected":false},"featured_media":988772,"comment_status":"open","ping_status":"closed","template":"","meta":[],"product_brand":[433],"product_cat":[380,56],"product_tag":[504,503,505,502,501],"class_list":{"0":"post-988766","1":"product","2":"type-product","3":"status-publish","4":"has-post-thumbnail","6":"product_brand-kerbl","7":"product_cat-igracke-za-pse","8":"product_cat-psi","9":"product_tag-igracka-za-pse-za-razmisljanje","10":"product_tag-igracka-za-pse-za-razmisljanje-i-ucenje","11":"product_tag-igracka-za-pse-za-ucenje","12":"product_tag-kerbl-igracka-za-pse","13":"product_tag-kerbl-igracka-za-pse-za-razmisljanje-i-ucenje-paw","14":"product_shipping_class-petmark","16":"first","17":"instock","18":"shipping-taxable","19":"purchasable","20":"product-type-simple"},"jetpack_sharing_enabled":true,"_links":{"self":[{"href":"https:\/\/petmark.ba\/shop\/wp-json\/wp\/v2\/product\/988766","targetHints":{"allow":["GET"]}}],"collection":[{"href":"https:\/\/petmark.ba\/shop\/wp-json\/wp\/v2\/product"}],"about":[{"href":"https:\/\/petmark.ba\/shop\/wp-json\/wp\/v2\/types\/product"}],"replies":[{"embeddable":true,"href":"https:\/\/petmark.ba\/shop\/wp-json\/wp\/v2\/comments?post=988766"}],"version-history":[{"count":3,"href":"https:\/\/petmark.ba\/shop\/wp-json\/wp\/v2\/product\/988766\/revisions"}],"predecessor-version":[{"id":988775,"href":"https:\/\/petmark.ba\/shop\/wp-json\/wp\/v2\/product\/988766\/revisions\/988775"}],"wp:featuredmedia":[{"embeddable":true,"href":"https:\/\/petmark.ba\/shop\/wp-json\/wp\/v2\/media\/988772"}],"wp:attachment":[{"href":"https:\/\/petmark.ba\/shop\/wp-json\/wp\/v2\/media?parent=988766"}],"wp:term":[{"taxonomy":"product_brand","embeddable":true,"href":"https:\/\/petmark.ba\/shop\/wp-json\/wp\/v2\/product_brand?post=988766"},{"taxonomy":"product_cat","embeddable":true,"href":"https:\/\/petmark.ba\/shop\/wp-json\/wp\/v2\/product_cat?post=988766"},{"taxonomy":"product_tag","embeddable":true,"href":"https:\/\/petmark.ba\/shop\/wp-json\/wp\/v2\/product_tag?post=988766"}],"curies":[{"name":"wp","href":"https:\/\/api.w.org\/{rel}","templated":true}]}}