{"id":988776,"date":"2025-03-13T14:16:21","date_gmt":"2025-03-13T13:16:21","guid":{"rendered":"https:\/\/petmark.ba\/shop\/?post_type=product&#038;p=988776"},"modified":"2025-03-13T14:21:51","modified_gmt":"2025-03-13T13:21:51","slug":"dvostrana-cetka-za-kucne-ljubimce-drvena","status":"publish","type":"product","link":"https:\/\/petmark.ba\/shop\/proizvod\/dvostrana-cetka-za-kucne-ljubimce-drvena\/","title":{"rendered":"Dvostrana \u010detka za ku\u0107ne ljubimce drvena"},"content":{"rendered":"<div class=\"vgblk-rw-wrapper limit-wrapper\">Dvostrana <a href=\"https:\/\/sh.wikipedia.org\/wiki\/%C4%8Cetka\" target=\"_blank\" rel=\"noopener\">\u010detka<\/a> za ku\u0107ne ljubimce drvena<\/p>\n<p>Dvostrana drvena <a href=\"https:\/\/petmark.ba\/shop\/kategorija\/psi\/higijena-i-kozmetika-za-pse\/cesljevi-i-cetke-za-pse\/\">\u010detka za pse<\/a> i ma\u010dke svih rasa i uzrasta. Efikasno njeguje dlaku i uklanja svaki vi\u0161ak dlake, pogodna za sve vrste dlaka, dolazi sa drvenom dr\u0161kom. Sa jedne strane su silikonske iglice a sa druge sinteti\u010dke.<\/p>\n<p>&nbsp;<\/p>\n<h6>Dvostrana <a href=\"https:\/\/sh.wikipedia.org\/wiki\/%C4%8Cetka\" target=\"_blank\" rel=\"noopener\">\u010detka<\/a> za ku\u0107ne ljubimce drvena<\/h6>\n<\/div>\n<p><!-- .vgblk-rw-wrapper --><\/p>\n","protected":false},"excerpt":{"rendered":"<p>Dvostrana \u010detka za ku\u0107ne ljubimce drvena<\/p>\n<ul>\n<li>Dvostrana drvena \u010detka za pse i ma\u010dke svih rasa i uzrasta.<\/li>\n<li>Efikasno njeguje dlaku i uklanja svaki vi\u0161ak dlake, pogodna za sve vrste dlaka, dolazi sa drvenom dr\u0161kom.<\/li>\n<li>Sa jedne strane su silikonske iglice a sa druge sinteti\u010dke.<\/li>\n<\/ul>\n","protected":false},"featured_media":988778,"comment_status":"open","ping_status":"closed","template":"","meta":[],"product_brand":[],"product_cat":[402,401,49,56],"product_tag":[506,508,507],"class_list":{"0":"post-988776","1":"product","2":"type-product","3":"status-publish","4":"has-post-thumbnail","6":"product_cat-cesljevi-i-cetke-za-macke","7":"product_cat-cesljevi-i-cetke-za-pse","8":"product_cat-macke","9":"product_cat-psi","10":"product_tag-dvostrana-cetka-za-kucne-ljubimce-drvena","11":"product_tag-dvostrana-cetka-za-macke","12":"product_tag-dvostrana-cetka-za-pse","13":"product_shipping_class-petmark","15":"first","16":"instock","17":"shipping-taxable","18":"purchasable","19":"product-type-simple"},"jetpack_sharing_enabled":true,"_links":{"self":[{"href":"https:\/\/petmark.ba\/shop\/wp-json\/wp\/v2\/product\/988776","targetHints":{"allow":["GET"]}}],"collection":[{"href":"https:\/\/petmark.ba\/shop\/wp-json\/wp\/v2\/product"}],"about":[{"href":"https:\/\/petmark.ba\/shop\/wp-json\/wp\/v2\/types\/product"}],"replies":[{"embeddable":true,"href":"https:\/\/petmark.ba\/shop\/wp-json\/wp\/v2\/comments?post=988776"}],"version-history":[{"count":5,"href":"https:\/\/petmark.ba\/shop\/wp-json\/wp\/v2\/product\/988776\/revisions"}],"predecessor-version":[{"id":988781,"href":"https:\/\/petmark.ba\/shop\/wp-json\/wp\/v2\/product\/988776\/revisions\/988781"}],"wp:featuredmedia":[{"embeddable":true,"href":"https:\/\/petmark.ba\/shop\/wp-json\/wp\/v2\/media\/988778"}],"wp:attachment":[{"href":"https:\/\/petmark.ba\/shop\/wp-json\/wp\/v2\/media?parent=988776"}],"wp:term":[{"taxonomy":"product_brand","embeddable":true,"href":"https:\/\/petmark.ba\/shop\/wp-json\/wp\/v2\/product_brand?post=988776"},{"taxonomy":"product_cat","embeddable":true,"href":"https:\/\/petmark.ba\/shop\/wp-json\/wp\/v2\/product_cat?post=988776"},{"taxonomy":"product_tag","embeddable":true,"href":"https:\/\/petmark.ba\/shop\/wp-json\/wp\/v2\/product_tag?post=988776"}],"curies":[{"name":"wp","href":"https:\/\/api.w.org\/{rel}","templated":true}]}}