{"id":988801,"date":"2025-05-16T11:29:53","date_gmt":"2025-05-16T10:29:53","guid":{"rendered":"https:\/\/petmark.ba\/shop\/?post_type=product&#038;p=988801"},"modified":"2025-05-16T12:00:44","modified_gmt":"2025-05-16T11:00:44","slug":"cistac-sapa-za-pse","status":"publish","type":"product","link":"https:\/\/petmark.ba\/shop\/proizvod\/cistac-sapa-za-pse\/","title":{"rendered":"\u010cista\u010d \u0161apa za pse"},"content":{"rendered":"<div class=\"vgblk-rw-wrapper limit-wrapper\">\n<h3>\u010cista\u010d \u0161apa za pse<\/h3>\n<p><strong>Prenosivi \u010dista\u010d \u0161apa 11x9cm<\/strong>\u00a0s silikonskim \u010dekinjama je idealan alat za \u010di\u0161\u0107enje \u0161apa va\u0161eg psa nakon \u0161etnje. Guste \u010dekinje napravljene od silikona u\u010dinkovito uklanjaju blato i pra\u0161inu bez o\u0161te\u0107enja \u0161apa ili uzrokovane iritacije. Visoka kvaliteta materijala omogu\u0107uje vi\u0161ekratnu upotrebu \u010dista\u010da, \u010dime osigurava \u010dist dom i automobil.<\/p>\n<p>Kori\u0161tenje je jednostavno: samo naspite malo vode u posudu, podignite psu nogu i umo\u010dite prljavu \u0161apu u \u010dista\u010d. Protresite nekoliko puta i ponovite proces za sve \u0161ape. Nakon upotrebe, ispraznite vodu i o\u010distite silikonske \u010dekinje.<\/p>\n<p>Dostupan je u tri razli\u010dite boje, pa mo\u017eete odabrati onu koja vam najbolje odgovara. Ovaj \u010dista\u010d omogu\u0107uje va\u0161em psu da se igra bez straha od prljav\u0161tine u domu ili automobilu, \u010duvaju\u0107i prostor \u010distim i urednim.<\/p>\n<p>Izra\u0111en od mekih silikonskih \u010dekinja, \u010dista\u010d je <a href=\"https:\/\/petmark.ba\/shop\/kategorija\/psi\/higijena-i-kozmetika-za-pse\/njega-sapa-higijena-i-kozmetika-za-pse\/\">nje\u017ean prema \u0161apama<\/a> i siguran za upotrebu, sprje\u010davaju\u0107i nakupljanje bakterija, kemikalija i soli tijekom zime. Redovito \u010di\u0161\u0107enje \u0161apa va\u0161eg ljubimca poma\u017ee u o\u010duvanju njihovog zdravlja i udobnosti, pru\u017eaju\u0107i im sigurno i \u010disto okru\u017eenje.<\/p>\n<p><strong>ZNA\u010cAJKE:<\/strong><\/p>\n<ul>\n<li>Silikonske \u010dekinje u\u010dinkovito uklanjaju blato i pra\u0161inu<\/li>\n<li>Ne o\u0161te\u0107uje \u0161ape pasa<\/li>\n<li>Jednostavno za kori\u0161tenje i \u010di\u0161\u0107enje<\/li>\n<li>Dostupan u vi\u0161e boja<\/li>\n<\/ul>\n<p>Uklonite blato sa \u0161apa svog <a href=\"https:\/\/en.wikipedia.org\/wiki\/Psi\" target=\"_blank\" rel=\"noopener\">psa<\/a> i sprije\u010dite ga da isprlja va\u0161 stan ili automobil.<\/p>\n<p>Sa\u010duvajte \u010distim svoj dom zahvaljuju\u0107i ovom nevjerojatnom prenosivom \u010dista\u010du pasjih \u0161apa.<\/p>\n<p>Silikonske \u010dekinje ne mogu o\u0161tetiti \u0161ape va\u0161eg psa. Ne\u0107e izazvati iritacije ili agresiju kod psa.<\/p>\n<p>Jednostavno kori\u0161tenje naspite malo vode u posudu, podignite nogu svog psa i stavite prljavu \u0161apu u \u010dista\u010d, promu\u0107kajte ga i isti proces ponovite sa svim \u0161apama.<\/p>\n<p>Kada zavr\u0161ite, prospite vodu i o\u010distite silikonske \u010dekinje.<\/p>\n<p>Redovnim \u010di\u0161\u0107enjem pasjih \u0161apa sprije\u010dit \u0107ete gomilanje bakterija, hemikalija i \u0161tetnih soli tijekom zime na \u0161apama koje mogu ugroziti pasje, ali i va\u0161e zdravlje.<\/p>\n<p>Prestanite sa kori\u0161\u0107enjem pe\u0161kira ili vla\u017enih maramica i pre\u0111ite na novo, znatno efikasnije re\u0161enje.<\/p>\n<h6>\u010cista\u010d \u0161apa za pse<\/h6>\n<\/div>\n<p><!-- .vgblk-rw-wrapper --><\/p>\n","protected":false},"excerpt":{"rendered":"<p>\u010cista\u010d \u0161apa za pse<\/p>\n<ul>\n<li>Lak za kori\u0161tenje<\/li>\n<li>Dostupna veli\u010dina: L<\/li>\n<li>Materijal: silikon<\/li>\n<li>Silikonske \u010dekinje su 100% sigurne<\/li>\n<li>Bez povreda<\/li>\n<li><strong>Odgovara i za pse i ma\u010dke<\/strong><\/li>\n<\/ul>\n","protected":false},"featured_media":988803,"comment_status":"open","ping_status":"closed","template":"","meta":[],"product_brand":[],"product_cat":[360,271,49,451,452,56],"product_tag":[518,517],"class_list":{"0":"post-988801","1":"product","2":"type-product","3":"status-publish","4":"has-post-thumbnail","6":"product_cat-higijena-i-kozmetika-za-macke","7":"product_cat-higijena-i-kozmetika-za-pse","8":"product_cat-macke","9":"product_cat-njega-sapa","10":"product_cat-njega-sapa-higijena-i-kozmetika-za-pse","11":"product_cat-psi","12":"product_tag-cistac-sapa-za-macke","13":"product_tag-cistac-sapa-za-pse","14":"product_shipping_class-petmark","16":"first","17":"instock","18":"shipping-taxable","19":"purchasable","20":"product-type-simple"},"jetpack_sharing_enabled":true,"_links":{"self":[{"href":"https:\/\/petmark.ba\/shop\/wp-json\/wp\/v2\/product\/988801","targetHints":{"allow":["GET"]}}],"collection":[{"href":"https:\/\/petmark.ba\/shop\/wp-json\/wp\/v2\/product"}],"about":[{"href":"https:\/\/petmark.ba\/shop\/wp-json\/wp\/v2\/types\/product"}],"replies":[{"embeddable":true,"href":"https:\/\/petmark.ba\/shop\/wp-json\/wp\/v2\/comments?post=988801"}],"version-history":[{"count":3,"href":"https:\/\/petmark.ba\/shop\/wp-json\/wp\/v2\/product\/988801\/revisions"}],"predecessor-version":[{"id":988807,"href":"https:\/\/petmark.ba\/shop\/wp-json\/wp\/v2\/product\/988801\/revisions\/988807"}],"wp:featuredmedia":[{"embeddable":true,"href":"https:\/\/petmark.ba\/shop\/wp-json\/wp\/v2\/media\/988803"}],"wp:attachment":[{"href":"https:\/\/petmark.ba\/shop\/wp-json\/wp\/v2\/media?parent=988801"}],"wp:term":[{"taxonomy":"product_brand","embeddable":true,"href":"https:\/\/petmark.ba\/shop\/wp-json\/wp\/v2\/product_brand?post=988801"},{"taxonomy":"product_cat","embeddable":true,"href":"https:\/\/petmark.ba\/shop\/wp-json\/wp\/v2\/product_cat?post=988801"},{"taxonomy":"product_tag","embeddable":true,"href":"https:\/\/petmark.ba\/shop\/wp-json\/wp\/v2\/product_tag?post=988801"}],"curies":[{"name":"wp","href":"https:\/\/api.w.org\/{rel}","templated":true}]}}