{"id":988828,"date":"2025-05-16T14:07:44","date_gmt":"2025-05-16T13:07:44","guid":{"rendered":"https:\/\/petmark.ba\/shop\/?post_type=product&#038;p=988828"},"modified":"2025-05-16T14:12:14","modified_gmt":"2025-05-16T13:12:14","slug":"trixie-gruba-cesagija-za-pse-za-dlaku-i-poddlaku","status":"publish","type":"product","link":"https:\/\/petmark.ba\/shop\/proizvod\/trixie-gruba-cesagija-za-pse-za-dlaku-i-poddlaku\/","title":{"rendered":"Trixie gruba \u010de\u0161agija za pse za dlaku i poddlaku"},"content":{"rendered":"<div class=\"vgblk-rw-wrapper limit-wrapper\">\n<h3><a href=\"https:\/\/www.trixie.de\/en\" target=\"_blank\" rel=\"noopener\">Trixie<\/a> gruba \u010de\u0161agija za pse za dlaku i poddlaku<\/h3>\n<div class=\"grid span_2_of_3\">\n<p>Gruba \u010de\u0161agija za pse sa dugodlakim i glatkim, rundavim ili kratkodlakim krznom. Slu\u017ei za intenzivnu negu dlake i poddlake. Metalna je i ima zupce u dva reda, du\u017eine 1.5cm i 2cm.<\/p>\n<h5>Karakteristike:<\/h5>\n<div class=\"company_address\">\n<p>Gruba \u010de\u0161agija za pse, za dlaku i poddlaku Trixie<\/p>\n<p>Gruba &#8211; prore\u0111eni zupci<\/p>\n<p>Za intenzivnu negu spoljnog i osnovnog krzna pasa (dlaku i poddlaku)<\/p>\n<p>Za pse sa dugodlakim i glatkim, rundavim ili kratkodlakim krznom<\/p>\n<p>Dva reda zubaca du\u017eine 1.5cm i 2cm<\/p>\n<p>Metalna \u010de\u0161agija, plasti\u010dna dr\u0161ka sa gumom<\/p>\n<p>Dimenzije: 15x11cm (Vx\u0160)<\/p>\n<p>U boji po slu\u010dajnom izboru<\/p>\n<\/div>\n<\/div>\n<div>\n<h6>Trixie gruba \u010de\u0161agija za pse za dlaku i poddlaku<\/h6>\n<\/div>\n<\/div>\n<p><!-- .vgblk-rw-wrapper --><\/p>\n","protected":false},"excerpt":{"rendered":"<p><a href=\"https:\/\/petmark.ba\/shop\/brend\/trixie\/\">Trixie<\/a> gruba \u010de\u0161agija za pse za dlaku i poddlaku<\/p>\n<p>Gruba &#8211; prore\u0111eni zupci<\/p>\n<p>Za intenzivnu negu spoljnog i osnovnog krzna pasa (dlaku i poddlaku)<\/p>\n<p>Za pse sa dugodlakim i glatkim, rundavim ili kratkodlakim krznom<\/p>\n<p>Dva reda zubaca du\u017eine 1.5cm i 2cm<\/p>\n<p>Metalna \u010de\u0161agija, plasti\u010dna dr\u0161ka sa gumom<\/p>\n<p>Dimenzije: 15x11cm (Vx\u0160)<\/p>\n<p>U boji po slu\u010dajnom izboru<\/p>\n","protected":false},"featured_media":988829,"comment_status":"open","ping_status":"closed","template":"","meta":[],"product_brand":[478],"product_cat":[402,401,360,271,49,56],"product_tag":[530,490,489,488,531],"class_list":{"0":"post-988828","1":"product","2":"type-product","3":"status-publish","4":"has-post-thumbnail","6":"product_brand-trixie","7":"product_cat-cesljevi-i-cetke-za-macke","8":"product_cat-cesljevi-i-cetke-za-pse","9":"product_cat-higijena-i-kozmetika-za-macke","10":"product_cat-higijena-i-kozmetika-za-pse","11":"product_cat-macke","12":"product_cat-psi","13":"product_tag-trixie-cesalj-cetka-za-pse","14":"product_tag-trixie-cetka-za-macke","15":"product_tag-trixie-cetka-za-pse","16":"product_tag-trixie-cetka-za-pse-i-macke","17":"product_tag-trixie-gruba-cesagija-za-pse-za-dlaku-i-poddlaku","18":"product_shipping_class-petmark","20":"first","21":"instock","22":"shipping-taxable","23":"purchasable","24":"product-type-simple"},"jetpack_sharing_enabled":true,"_links":{"self":[{"href":"https:\/\/petmark.ba\/shop\/wp-json\/wp\/v2\/product\/988828","targetHints":{"allow":["GET"]}}],"collection":[{"href":"https:\/\/petmark.ba\/shop\/wp-json\/wp\/v2\/product"}],"about":[{"href":"https:\/\/petmark.ba\/shop\/wp-json\/wp\/v2\/types\/product"}],"replies":[{"embeddable":true,"href":"https:\/\/petmark.ba\/shop\/wp-json\/wp\/v2\/comments?post=988828"}],"version-history":[{"count":3,"href":"https:\/\/petmark.ba\/shop\/wp-json\/wp\/v2\/product\/988828\/revisions"}],"predecessor-version":[{"id":988832,"href":"https:\/\/petmark.ba\/shop\/wp-json\/wp\/v2\/product\/988828\/revisions\/988832"}],"wp:featuredmedia":[{"embeddable":true,"href":"https:\/\/petmark.ba\/shop\/wp-json\/wp\/v2\/media\/988829"}],"wp:attachment":[{"href":"https:\/\/petmark.ba\/shop\/wp-json\/wp\/v2\/media?parent=988828"}],"wp:term":[{"taxonomy":"product_brand","embeddable":true,"href":"https:\/\/petmark.ba\/shop\/wp-json\/wp\/v2\/product_brand?post=988828"},{"taxonomy":"product_cat","embeddable":true,"href":"https:\/\/petmark.ba\/shop\/wp-json\/wp\/v2\/product_cat?post=988828"},{"taxonomy":"product_tag","embeddable":true,"href":"https:\/\/petmark.ba\/shop\/wp-json\/wp\/v2\/product_tag?post=988828"}],"curies":[{"name":"wp","href":"https:\/\/api.w.org\/{rel}","templated":true}]}}