{"id":989151,"date":"2026-03-04T14:28:19","date_gmt":"2026-03-04T13:28:19","guid":{"rendered":"https:\/\/petmark.ba\/shop\/?post_type=product&#038;p=989151"},"modified":"2026-03-04T15:20:06","modified_gmt":"2026-03-04T14:20:06","slug":"transportna-rasklopiva-torba-za-pse-i-macke-crna","status":"publish","type":"product","link":"https:\/\/petmark.ba\/shop\/proizvod\/transportna-rasklopiva-torba-za-pse-i-macke-crna\/","title":{"rendered":"Transportna rasklopiva torba za pse i ma\u010dke crna"},"content":{"rendered":"<div class=\"vgblk-rw-wrapper limit-wrapper\">\n<h3>Transportna rasklopiva torba za pse i ma\u010dke crna<\/h3>\n<p>TRANSPORTNA torba za psa na to\u010dki\u0107e prakti\u010dno je rje\u0161enje za siguran i udoban prevoz pasa manjeg rasta do 10 kg. Opremljena to\u010dki\u0107ima i teleskopskom dr\u0161kom, omogu\u0107ava lako povla\u010denje poput kofera. Izra\u0111ena je od laganih i izdr\u017eljivih materijala, sa mre\u017eastim otvorima koji osiguravaju dobar protok vazduha. Mekana unutra\u0161njost pru\u017ea udobnost ljubimcu, a torba je jednostavna za kori\u0161tenje i pogodna za putovanja.<\/p>\n<ul>\n<li data-start=\"34\" data-end=\"94\">\n<p data-start=\"37\" data-end=\"94\">Kori\u0161tenje laganih materijala i otpornih EVA materijala<\/p>\n<\/li>\n<li data-start=\"95\" data-end=\"157\">\n<p data-start=\"98\" data-end=\"157\">Izgled je \u010dvrst, a robusna torba se ne mo\u017ee lako sklopiti<\/p>\n<\/li>\n<li data-start=\"158\" data-end=\"248\">\n<p data-start=\"161\" data-end=\"248\">EVA funkcija omogu\u0107ava da se torba lako presavije i skladi\u0161ti bez zauzimanja prostora<\/p>\n<\/li>\n<li data-start=\"249\" data-end=\"385\">\n<p data-start=\"252\" data-end=\"385\">Dizajn s rupama, torba za ku\u0107ne ljubimce nije vru\u0107a, odr\u017eava torbu svje\u017eom i udobnom u svakom trenutku, neophodno za ku\u0107ne ljubimce<\/p>\n<\/li>\n<li data-start=\"386\" data-end=\"464\">\n<p data-start=\"389\" data-end=\"464\">Jastuk za \u010di\u0161\u0107enje znatno pove\u0107ava udobnost psa i olak\u0161ava \u010di\u0161\u0107enje torbe<\/p>\n<\/li>\n<li data-start=\"465\" data-end=\"539\">\n<p data-start=\"468\" data-end=\"539\">Dolazi s naramenicom, mo\u017ee se nositi preko tijela i olak\u0161ava kretanje<\/p>\n<\/li>\n<\/ul>\n<p data-start=\"33\" data-end=\"135\"><strong data-start=\"33\" data-end=\"133\">TORBA TRANSPORTER ZA PSA, MA\u010cKU, ZE\u010cEVE I MALI KU\u0106NE LJUBIMCE \u2013 VELI\u010cINA 40 cm x 33 cm x 27,5 cm<\/strong><\/p>\n<p data-start=\"137\" data-end=\"360\">Transporter torba je idealno rje\u0161enje za udoban prijevoz ku\u0107nih ljubimaca tokom putovanja autobusom, vozom ili posjete veterinaru. Ima elegantan izgled, udobna je za no\u0161enje i izra\u0111ena je od \u010dvrstog i otpornog materijala.<\/p>\n<p data-start=\"362\" data-end=\"534\">Opremljena je udobnom ru\u010dkom za no\u0161enje u ruci, kao i podesivim remenom za rame. Donji dio ima plasti\u010dne no\u017eice koje \u0161tite dno torbe od prljanja kada je postavimo na tlo.<\/p>\n<p data-start=\"536\" data-end=\"768\">Tako\u0111er posjeduje efikasan sistem ventilacije kroz rupice. Torba ima dva zatvara\u010da na patent, koji omogu\u0107avaju brzo otvaranje ili zatvaranje, \u0161to olak\u0161ava smje\u0161taj ljubimca. Kada se ne koristi, mo\u017ee se sklopiti do malih dimenzija.<\/p>\n<p data-start=\"770\" data-end=\"799\"><strong data-start=\"770\" data-end=\"797\">TEHNI\u010cKE SPECIFIKACIJE:<\/strong><\/p>\n<ul data-start=\"801\" data-end=\"1147\">\n<li data-start=\"831\" data-end=\"875\">\n<p data-start=\"833\" data-end=\"875\">Izra\u0111ena od visokokvalitetnih materijala<\/p>\n<\/li>\n<li data-start=\"876\" data-end=\"920\">\n<p data-start=\"878\" data-end=\"920\">Izra\u0111ena od \u010dvrste i izdr\u017eljive plastike<\/p>\n<\/li>\n<li data-start=\"921\" data-end=\"951\">\n<p data-start=\"923\" data-end=\"951\">Veliki ventilacioni otvori<\/p>\n<\/li>\n<li data-start=\"952\" data-end=\"979\">\n<p data-start=\"954\" data-end=\"979\">Udobna ru\u010dka za no\u0161enje<\/p>\n<\/li>\n<li data-start=\"980\" data-end=\"1009\">\n<p data-start=\"982\" data-end=\"1009\">Ulaz sa patent zatvara\u010dem<\/p>\n<\/li>\n<li data-start=\"1010\" data-end=\"1048\">\n<p data-start=\"1012\" data-end=\"1048\">Izvadiva podloga za lak\u0161e \u010di\u0161\u0107enje<\/p>\n<\/li>\n<li data-start=\"1049\" data-end=\"1072\">\n<p data-start=\"1051\" data-end=\"1072\">No\u017eice na dnu torbe<\/p>\n<\/li>\n<li data-start=\"1073\" data-end=\"1132\">\n<p data-start=\"1075\" data-end=\"1132\">Idealna za ze\u010deve, tvorove, morska prasi\u0107a, ma\u010dke i pse<\/p>\n<\/li>\n<li data-start=\"1133\" data-end=\"1147\">\n<p data-start=\"1135\" data-end=\"1147\">Boja: crna<\/p>\n<\/li>\n<\/ul>\n<p data-start=\"1149\" data-end=\"1165\"><strong data-start=\"1149\" data-end=\"1163\">DIMENZIJE:<\/strong><\/p>\n<ul data-start=\"1167\" data-end=\"1222\">\n<li data-start=\"1167\" data-end=\"1184\">\n<p data-start=\"1169\" data-end=\"1184\">Du\u017eina: 40 cm<\/p>\n<\/li>\n<li data-start=\"1185\" data-end=\"1202\">\n<p data-start=\"1187\" data-end=\"1202\">Visina: 33 cm<\/p>\n<\/li>\n<li data-start=\"1203\" data-end=\"1222\">\n<p data-start=\"1205\" data-end=\"1222\">\u0160irina: 27,5 cm<\/p>\n<\/li>\n<\/ul>\n<p data-start=\"1224\" data-end=\"1241\"><strong data-start=\"1224\" data-end=\"1239\">SET SADR\u017dI:<\/strong><\/p>\n<ul data-start=\"1243\" data-end=\"1338\">\n<li data-start=\"1243\" data-end=\"1291\">\n<p data-start=\"1245\" data-end=\"1291\">Fabricki nova transporter torba za \u017eivotinje<\/p>\n<\/li>\n<li data-start=\"1292\" data-end=\"1312\">\n<p data-start=\"1294\" data-end=\"1312\">Izvadiva podloga<\/p>\n<\/li>\n<li data-start=\"1313\" data-end=\"1338\">\n<p data-start=\"1315\" data-end=\"1338\">Podesiv remen za rame<\/p>\n<\/li>\n<\/ul>\n<p data-start=\"39\" data-end=\"174\">\u010cini izlazak s va\u0161im ljubimcem zabavnijim. Savr\u0161ena za male pse i ma\u010dke. Prakti\u010dna torba koja se mo\u017ee nositi u ruci ili preko ramena.<\/p>\n<p data-start=\"176\" data-end=\"601\">Idealna za \u0161etnje s psom ili ma\u010dkom, prakti\u010dna za putovanja, posjete veterinaru ili vo\u017enju u automobilu. Super je lagana i izdr\u017eljiva, mo\u017ee se nositi kao torba u ruci ili preko ramena za prakti\u010dno no\u0161enje u pokretu. Ima slatki oblik \u0161ape. Kada se presavije, debljina iznosi pribli\u017eno 8 cm, tako da zauzima vrlo malo prostora pri skladi\u0161tenju. \u010cak i ako se zaprlja, mo\u017ee se rastaviti pomo\u0107u zatvara\u010da, \u0161to olak\u0161ava \u010di\u0161\u0107enje.<\/p>\n<\/div>\n<p><!-- .vgblk-rw-wrapper --><\/p>\n","protected":false},"excerpt":{"rendered":"<p>Transportna rasklopiva torba za pse i ma\u010dke crna<\/p>\n<ul data-start=\"801\" data-end=\"1147\">\n<li data-start=\"831\" data-end=\"875\">\n<p data-start=\"833\" data-end=\"875\">Izra\u0111ena od visokokvalitetnih materijala<\/p>\n<\/li>\n<li data-start=\"876\" data-end=\"920\">\n<p data-start=\"878\" data-end=\"920\">Izra\u0111ena od \u010dvrste i izdr\u017eljive plastike<\/p>\n<\/li>\n<li data-start=\"921\" data-end=\"951\">\n<p data-start=\"923\" data-end=\"951\">Veliki ventilacioni otvori<\/p>\n<\/li>\n<li data-start=\"952\" data-end=\"979\">\n<p data-start=\"954\" data-end=\"979\">Udobna ru\u010dka za no\u0161enje<\/p>\n<\/li>\n<li data-start=\"980\" data-end=\"1009\">\n<p data-start=\"982\" data-end=\"1009\">Ulaz sa patent zatvara\u010dem<\/p>\n<\/li>\n<li data-start=\"1010\" data-end=\"1048\">\n<p data-start=\"1012\" data-end=\"1048\">Izvadiva podloga za lak\u0161e \u010di\u0161\u0107enje<\/p>\n<\/li>\n<li data-start=\"1049\" data-end=\"1072\">\n<p data-start=\"1051\" data-end=\"1072\">No\u017eice na dnu torbe<\/p>\n<\/li>\n<li data-start=\"1073\" data-end=\"1132\">\n<p data-start=\"1075\" data-end=\"1132\">Idealna za ze\u010deve, tvorove, morska prasi\u0107a, ma\u010dke i pse<\/p>\n<\/li>\n<\/ul>\n","protected":false},"featured_media":989157,"comment_status":"open","ping_status":"closed","template":"","meta":[],"product_brand":[],"product_cat":[49,56,381,176],"product_tag":[619,618],"class_list":{"0":"post-989151","1":"product","2":"type-product","3":"status-publish","4":"has-post-thumbnail","6":"product_cat-macke","7":"product_cat-psi","8":"product_cat-transporteri-torbe-i-kavezi-i-ograde-za-macke","9":"product_cat-transporteri-torbe-i-kavezi-i-ograde-za-pse","10":"product_tag-torba-za-pse-i-macke-crna","11":"product_tag-transportna-rasklopiva-torba-za-pse-i-macke-crna","13":"first","14":"instock","15":"shipping-taxable","16":"product-type-simple"},"jetpack_sharing_enabled":true,"_links":{"self":[{"href":"https:\/\/petmark.ba\/shop\/wp-json\/wp\/v2\/product\/989151","targetHints":{"allow":["GET"]}}],"collection":[{"href":"https:\/\/petmark.ba\/shop\/wp-json\/wp\/v2\/product"}],"about":[{"href":"https:\/\/petmark.ba\/shop\/wp-json\/wp\/v2\/types\/product"}],"replies":[{"embeddable":true,"href":"https:\/\/petmark.ba\/shop\/wp-json\/wp\/v2\/comments?post=989151"}],"version-history":[{"count":4,"href":"https:\/\/petmark.ba\/shop\/wp-json\/wp\/v2\/product\/989151\/revisions"}],"predecessor-version":[{"id":989163,"href":"https:\/\/petmark.ba\/shop\/wp-json\/wp\/v2\/product\/989151\/revisions\/989163"}],"wp:featuredmedia":[{"embeddable":true,"href":"https:\/\/petmark.ba\/shop\/wp-json\/wp\/v2\/media\/989157"}],"wp:attachment":[{"href":"https:\/\/petmark.ba\/shop\/wp-json\/wp\/v2\/media?parent=989151"}],"wp:term":[{"taxonomy":"product_brand","embeddable":true,"href":"https:\/\/petmark.ba\/shop\/wp-json\/wp\/v2\/product_brand?post=989151"},{"taxonomy":"product_cat","embeddable":true,"href":"https:\/\/petmark.ba\/shop\/wp-json\/wp\/v2\/product_cat?post=989151"},{"taxonomy":"product_tag","embeddable":true,"href":"https:\/\/petmark.ba\/shop\/wp-json\/wp\/v2\/product_tag?post=989151"}],"curies":[{"name":"wp","href":"https:\/\/api.w.org\/{rel}","templated":true}]}}