{"id":33,"date":"2020-12-08T04:14:02","date_gmt":"2020-12-08T03:14:02","guid":{"rendered":"https:\/\/gaviaspreview.com\/wp\/fioxen\/?page_id=33"},"modified":"2024-04-12T08:21:19","modified_gmt":"2024-04-12T06:21:19","slug":"desavanja","status":"publish","type":"page","link":"https:\/\/petmark.ba\/trazilica\/desavanja\/","title":{"rendered":"De\u0161avanja"},"content":{"rendered":"\t\t<div data-elementor-type=\"wp-page\" data-elementor-id=\"33\" class=\"elementor elementor-33\">\n\t\t\t\t\t\t<section class=\"elementor-section elementor-top-section elementor-element elementor-element-014b384 elementor-section-boxed elementor-section-height-default elementor-section-height-default\" data-id=\"014b384\" data-element_type=\"section\" data-e-type=\"section\" data-settings=\"{&quot;background_background&quot;:&quot;slideshow&quot;,&quot;background_slideshow_gallery&quot;:[{&quot;id&quot;:1008,&quot;url&quot;:&quot;https:\\\/\\\/gaviaspreview.com\\\/wp\\\/fioxen\\\/wp-content\\\/uploads\\\/2021\\\/10\\\/breadcrumb.jpg&quot;},{&quot;id&quot;:1533,&quot;url&quot;:&quot;https:\\\/\\\/gaviaspreview.com\\\/wp\\\/fioxen\\\/wp-content\\\/uploads\\\/2022\\\/03\\\/bg-10.jpg&quot;}],&quot;background_slideshow_loop&quot;:&quot;yes&quot;,&quot;background_slideshow_slide_duration&quot;:5000,&quot;background_slideshow_slide_transition&quot;:&quot;fade&quot;,&quot;background_slideshow_transition_duration&quot;:500}\">\n\t\t\t\t\t\t<div class=\"elementor-container elementor-column-gap-default\">\n\t\t\t\t\t<div class=\"elementor-column elementor-col-100 elementor-top-column elementor-element elementor-element-b879d79\" data-id=\"b879d79\" data-element_type=\"column\" data-e-type=\"column\">\n\t\t\t<div class=\"elementor-widget-wrap elementor-element-populated\">\n\t\t\t\t\t\t<div class=\"elementor-element elementor-element-b935dc0 elementor-widget elementor-widget-gva-heading-block\" data-id=\"b935dc0\" data-element_type=\"widget\" data-e-type=\"widget\" data-widget_type=\"gva-heading-block.default\">\n\t\t\t\t<div class=\"elementor-widget-container\">\n\t\t\t\t\t<div class=\"gva-element-gva-heading-block gva-element\">   <div class=\"align-center style-1 widget gsc-heading box-align-left auto-responsive\">\r\n      <div class=\"content-inner\">\r\n         \r\n         \r\n         \r\n           \r\n         \r\n                     <h2 class=\"title\">\r\n               <span>Upcoming Events<\/span>\r\n            <\/h2>\r\n                              <div class=\"title-desc\">People Don\u2019t Take, Trips Take People<\/div>\r\n         \r\n         \r\n      <\/div>\r\n   <\/div>\r\n<\/div>\t\t\t\t<\/div>\n\t\t\t\t<\/div>\n\t\t\t\t\t<\/div>\n\t\t<\/div>\n\t\t\t\t\t<\/div>\n\t\t<\/section>\n\t\t\t\t<section class=\"elementor-section elementor-top-section elementor-element elementor-element-5ed2840 elementor-section-boxed elementor-section-height-default elementor-section-height-default\" data-id=\"5ed2840\" data-element_type=\"section\" data-e-type=\"section\">\n\t\t\t\t\t\t<div class=\"elementor-container elementor-column-gap-default\">\n\t\t\t\t\t<div class=\"elementor-column elementor-col-100 elementor-top-column elementor-element elementor-element-cb23c14\" data-id=\"cb23c14\" data-element_type=\"column\" data-e-type=\"column\">\n\t\t\t<div class=\"elementor-widget-wrap elementor-element-populated\">\n\t\t\t\t\t\t<div class=\"elementor-element elementor-element-845bbdc animated-fast elementor-invisible elementor-widget elementor-widget-gva-heading-block\" data-id=\"845bbdc\" data-element_type=\"widget\" data-e-type=\"widget\" data-settings=\"{&quot;_animation&quot;:&quot;fadeInUp&quot;}\" data-widget_type=\"gva-heading-block.default\">\n\t\t\t\t<div class=\"elementor-widget-container\">\n\t\t\t\t\t<div class=\"gva-element-gva-heading-block gva-element\">   <div class=\"align-center style-1 widget gsc-heading box-align-center auto-responsive\">\r\n      <div class=\"content-inner\">\r\n         \r\n         \r\n         \r\n                     <div class=\"sub-title\">\r\n               <span class=\"tagline\">Upcoming Events<\/span> \r\n            <\/div>\r\n           \r\n         \r\n                     <h2 class=\"title\">\r\n               <span>Upcoming Events<\/span>\r\n            <\/h2>\r\n                  \r\n         \r\n      <\/div>\r\n   <\/div>\r\n<\/div>\t\t\t\t<\/div>\n\t\t\t\t<\/div>\n\t\t\t\t<div class=\"elementor-element elementor-element-e89c1af elementor-widget elementor-widget-gva-events\" data-id=\"e89c1af\" data-element_type=\"widget\" data-e-type=\"widget\" data-widget_type=\"gva-events.default\">\n\t\t\t\t<div class=\"elementor-widget-container\">\n\t\t\t\t\t<div class=\"gva-element-gva-events gva-element\">  \r\n  \t<div class=\"gva-give-form-grid clearfix grid-uzu2\">\r\n\t\t<div class=\"gva-content-items\"> \r\n\t\t  \t<div class=\"lg-block-grid-3 md-block-grid-3 sm-block-grid-2 xs-block-grid-1 xx-block-grid-1\">\r\n\t\t\t\t<div class=\"item-columns\">\n<div class=\"tribe-event-block clearfix\">\n\t\n\t<div class=\"block-content\">\n\t\t<div class=\"tribe-events-event-image\"><a href=\"https:\/\/petmark.ba\/trazilica\/event\/u-nedjelju-revija-svih-pasmina-pasa-u-sirokom-brijegu\/\" tabindex=\"-1\"><img fetchpriority=\"high\" decoding=\"async\" width=\"600\" height=\"540\" src=\"https:\/\/petmark.ba\/trazilica\/wp-content\/uploads\/2024\/04\/U-nedjelju-revija-svih-pasmina-pasa-u-Sirokom-Brijegu-600x540.webp\" class=\"attachment-medium size-medium wp-post-image\" alt=\"U nedjelju revija svih pasmina pasa u \u0160irokom Brijegu\" \/><\/a><\/div>\t\t<div class=\"tribe-start-date\">\n\t\t\t<div class=\"day\">14<\/div>\n\t\t\t<div class=\"month\">apr<\/div>\n\t\t<\/div>\n\t\t<div class=\"tribe-event-content clearfix\">\n\t\t\t<div class=\"tribe-events-event-meta\">\n\t\t\t\t<span class=\"tribe-event-schedule-details\">\n\t\t\t\t\t<span class=\"icon\"><i class=\"far fa-clock\"><\/i><\/span>14 apr, 2024 @ 13:00\t\t\t\t<\/span>\n\t\t\t<\/div>\n\t\t\t<h3 class=\"tribe-events-list-event-title event-title\">\n\t\t\t\tU nedjelju revija svih pasmina pasa u \u0160irokom Brijegu\t\t\t<\/h3>\n\t\t<\/div>\n\t<\/div>\n\t<a class=\"tribe-event-url\" href=\"https:\/\/petmark.ba\/trazilica\/event\/u-nedjelju-revija-svih-pasmina-pasa-u-sirokom-brijegu\/\"><\/a>\n\n<\/div><\/div><div class=\"item-columns\">\n<div class=\"tribe-event-block clearfix\">\n\t\n\t<div class=\"block-content\">\n\t\t<div class=\"tribe-events-event-image\"><a href=\"https:\/\/petmark.ba\/trazilica\/event\/pawfriends-sarajevo-provedite-subotu-druzeci-se-s-napustenim-psima\/\" tabindex=\"-1\"><img decoding=\"async\" width=\"587\" height=\"540\" src=\"https:\/\/petmark.ba\/trazilica\/wp-content\/uploads\/2021\/03\/PawFriends-Sarajevo-Provedite-subotu-druzeci-se-s-napustenim-psima-587x540.webp\" class=\"attachment-medium size-medium wp-post-image\" alt=\"PawFriends Sarajevo Provedite subotu dru\u017ee\u0107i se s napu\u0161tenim psima\" \/><\/a><\/div>\t\t<div class=\"tribe-start-date\">\n\t\t\t<div class=\"day\">25<\/div>\n\t\t\t<div class=\"month\">nov<\/div>\n\t\t<\/div>\n\t\t<div class=\"tribe-event-content clearfix\">\n\t\t\t<div class=\"tribe-events-event-meta\">\n\t\t\t\t<span class=\"tribe-event-schedule-details\">\n\t\t\t\t\t<span class=\"icon\"><i class=\"far fa-clock\"><\/i><\/span>25 nov, 2023\t\t\t\t<\/span>\n\t\t\t<\/div>\n\t\t\t<h3 class=\"tribe-events-list-event-title event-title\">\n\t\t\t\tPawFriends Sarajevo: Provedite subotu dru\u017ee\u0107i se s napu\u0161tenim psima\t\t\t<\/h3>\n\t\t<\/div>\n\t<\/div>\n\t<a class=\"tribe-event-url\" href=\"https:\/\/petmark.ba\/trazilica\/event\/pawfriends-sarajevo-provedite-subotu-druzeci-se-s-napustenim-psima\/\"><\/a>\n\n<\/div><\/div><div class=\"item-columns\">\n<div class=\"tribe-event-block clearfix\">\n\t\n\t<div class=\"block-content\">\n\t\t<div class=\"tribe-events-event-image\"><a href=\"https:\/\/petmark.ba\/trazilica\/event\/mace-gradske-face-revijalna-izlozba-macaka-8-oktobra-u-delta-planetu\/\" tabindex=\"-1\"><img decoding=\"async\" width=\"600\" height=\"540\" src=\"https:\/\/petmark.ba\/trazilica\/wp-content\/uploads\/2021\/03\/Mace-gradske-face-\u2013-revijalna-izlozba-macaka-8.-oktobra-u-Delta-Planetu-600x540.webp\" class=\"attachment-medium size-medium wp-post-image\" alt=\"\u201cMace, gradske face\u201d \u2013 revijalna izlo\u017eba ma\u010daka 8. oktobra u Delta Planetu!\" \/><\/a><\/div>\t\t<div class=\"tribe-start-date\">\n\t\t\t<div class=\"day\">08<\/div>\n\t\t\t<div class=\"month\">okt<\/div>\n\t\t<\/div>\n\t\t<div class=\"tribe-event-content clearfix\">\n\t\t\t<div class=\"tribe-events-event-meta\">\n\t\t\t\t<span class=\"tribe-event-schedule-details\">\n\t\t\t\t\t<span class=\"icon\"><i class=\"far fa-clock\"><\/i><\/span>8 okt, 2023 @ 12:00\t\t\t\t<\/span>\n\t\t\t<\/div>\n\t\t\t<h3 class=\"tribe-events-list-event-title event-title\">\n\t\t\t\t\u201cMace, gradske face\u201d \u2013 revijalna izlo\u017eba ma\u010daka 8. oktobra u Delta Planetu!\t\t\t<\/h3>\n\t\t<\/div>\n\t<\/div>\n\t<a class=\"tribe-event-url\" href=\"https:\/\/petmark.ba\/trazilica\/event\/mace-gradske-face-revijalna-izlozba-macaka-8-oktobra-u-delta-planetu\/\"><\/a>\n\n<\/div><\/div><div class=\"item-columns\">\n<div class=\"tribe-event-block clearfix\">\n\t\n\t<div class=\"block-content\">\n\t\t<div class=\"tribe-events-event-image\"><a href=\"https:\/\/petmark.ba\/trazilica\/event\/revijalna-izlozba-pasa-7-maja-u-delta-planetu\/\" tabindex=\"-1\"><img loading=\"lazy\" decoding=\"async\" width=\"600\" height=\"540\" src=\"https:\/\/petmark.ba\/trazilica\/wp-content\/uploads\/2023\/04\/Revijalna-izlozba-pasa-7.-maja-u-Delta-Planetu-600x540.webp\" class=\"attachment-medium size-medium wp-post-image\" alt=\"Revijalna izlo\u017eba pasa 7. maja u Delta Planetu!\" \/><\/a><\/div>\t\t<div class=\"tribe-start-date\">\n\t\t\t<div class=\"day\">07<\/div>\n\t\t\t<div class=\"month\">maj<\/div>\n\t\t<\/div>\n\t\t<div class=\"tribe-event-content clearfix\">\n\t\t\t<div class=\"tribe-events-event-meta\">\n\t\t\t\t<span class=\"tribe-event-schedule-details\">\n\t\t\t\t\t<span class=\"icon\"><i class=\"far fa-clock\"><\/i><\/span>7 maj, 2023 @ 12:00\t\t\t\t<\/span>\n\t\t\t<\/div>\n\t\t\t<h3 class=\"tribe-events-list-event-title event-title\">\n\t\t\t\tRevijalna izlo\u017eba pasa 7. maja u Delta Planetu!\t\t\t<\/h3>\n\t\t<\/div>\n\t<\/div>\n\t<a class=\"tribe-event-url\" href=\"https:\/\/petmark.ba\/trazilica\/event\/revijalna-izlozba-pasa-7-maja-u-delta-planetu\/\"><\/a>\n\n<\/div><\/div><div class=\"item-columns\">\n<div class=\"tribe-event-block clearfix\">\n\t\n\t<div class=\"block-content\">\n\t\t<div class=\"tribe-events-event-image\"><a href=\"https:\/\/petmark.ba\/trazilica\/event\/veliko-druzenje-u-mostaru\/\" tabindex=\"-1\"><img loading=\"lazy\" decoding=\"async\" width=\"600\" height=\"540\" src=\"https:\/\/petmark.ba\/trazilica\/wp-content\/uploads\/2021\/03\/Veliko-druzenje-u-Mostaru-600x540.webp\" class=\"attachment-medium size-medium wp-post-image\" alt=\"Veliko dru\u017eenje u Mostaru\" \/><\/a><\/div>\t\t<div class=\"tribe-start-date\">\n\t\t\t<div class=\"day\">10<\/div>\n\t\t\t<div class=\"month\">jun<\/div>\n\t\t<\/div>\n\t\t<div class=\"tribe-event-content clearfix\">\n\t\t\t<div class=\"tribe-events-event-meta\">\n\t\t\t\t<span class=\"tribe-event-schedule-details\">\n\t\t\t\t\t<span class=\"icon\"><i class=\"far fa-clock\"><\/i><\/span>10 jun, 2023 @ 11:00\t\t\t\t<\/span>\n\t\t\t<\/div>\n\t\t\t<h3 class=\"tribe-events-list-event-title event-title\">\n\t\t\t\tVeliko dru\u017eenje u Mostaru\t\t\t<\/h3>\n\t\t<\/div>\n\t<\/div>\n\t<a class=\"tribe-event-url\" href=\"https:\/\/petmark.ba\/trazilica\/event\/veliko-druzenje-u-mostaru\/\"><\/a>\n\n<\/div><\/div><div class=\"item-columns\">\n<div class=\"tribe-event-block clearfix\">\n\t\n\t<div class=\"block-content\">\n\t\t<div class=\"tribe-events-event-image\"><a href=\"https:\/\/petmark.ba\/trazilica\/event\/u-nedjelju-ii-izlozba-kucnih-ljubimaca-i-sitnih-zivotinja-u-zepcu\/\" tabindex=\"-1\"><img loading=\"lazy\" decoding=\"async\" width=\"600\" height=\"540\" src=\"https:\/\/petmark.ba\/trazilica\/wp-content\/uploads\/2021\/03\/U-nedjelju-II.-Izlozba-kucnih-ljubimaca-i-sitnih-zivotinja-u-Zepcu-600x540.webp\" class=\"attachment-medium size-medium wp-post-image\" alt=\"II. Izlo\u017eba ku\u0107nih ljubimaca i sitnih \u017eivotinja u \u017dep\u010du\" \/><\/a><\/div>\t\t<div class=\"tribe-start-date\">\n\t\t\t<div class=\"day\">18<\/div>\n\t\t\t<div class=\"month\">jun<\/div>\n\t\t<\/div>\n\t\t<div class=\"tribe-event-content clearfix\">\n\t\t\t<div class=\"tribe-events-event-meta\">\n\t\t\t\t<span class=\"tribe-event-schedule-details\">\n\t\t\t\t\t<span class=\"icon\"><i class=\"far fa-clock\"><\/i><\/span>18 jun, 2023 @ 17:00\t\t\t\t<\/span>\n\t\t\t<\/div>\n\t\t\t<h3 class=\"tribe-events-list-event-title event-title\">\n\t\t\t\tU nedjelju II. Izlo\u017eba ku\u0107nih ljubimaca i sitnih \u017eivotinja u \u017dep\u010du\t\t\t<\/h3>\n\t\t<\/div>\n\t<\/div>\n\t<a class=\"tribe-event-url\" href=\"https:\/\/petmark.ba\/trazilica\/event\/u-nedjelju-ii-izlozba-kucnih-ljubimaca-i-sitnih-zivotinja-u-zepcu\/\"><\/a>\n\n<\/div><\/div>\t\t  \t<\/div>\r\n\t\t<\/div>\r\n\t\t  \t<\/div>\r\n\r\n<\/div>\t\t\t\t<\/div>\n\t\t\t\t<\/div>\n\t\t\t\t\t<\/div>\n\t\t<\/div>\n\t\t\t\t\t<\/div>\n\t\t<\/section>\n\t\t\t\t<section class=\"elementor-section elementor-top-section elementor-element elementor-element-736fa8c elementor-section-boxed elementor-section-height-default elementor-section-height-default\" data-id=\"736fa8c\" data-element_type=\"section\" data-e-type=\"section\" data-settings=\"{&quot;background_background&quot;:&quot;classic&quot;}\">\n\t\t\t\t\t\t<div class=\"elementor-container elementor-column-gap-default\">\n\t\t\t\t\t<div class=\"elementor-column elementor-col-50 elementor-top-column elementor-element elementor-element-109d4d2\" data-id=\"109d4d2\" data-element_type=\"column\" data-e-type=\"column\">\n\t\t\t<div class=\"elementor-widget-wrap elementor-element-populated\">\n\t\t\t\t\t\t<div class=\"elementor-element elementor-element-4926f65 elementor-widget elementor-widget-heading\" data-id=\"4926f65\" data-element_type=\"widget\" data-e-type=\"widget\" data-widget_type=\"heading.default\">\n\t\t\t\t<div class=\"elementor-widget-container\">\n\t\t\t\t\t<h2 class=\"elementor-heading-title elementor-size-default\">Splash Yourself Bigger Offer on Everyday<\/h2>\t\t\t\t<\/div>\n\t\t\t\t<\/div>\n\t\t\t\t\t<\/div>\n\t\t<\/div>\n\t\t\t\t<div class=\"elementor-column elementor-col-50 elementor-top-column elementor-element elementor-element-85df2bb\" data-id=\"85df2bb\" data-element_type=\"column\" data-e-type=\"column\">\n\t\t\t<div class=\"elementor-widget-wrap elementor-element-populated\">\n\t\t\t\t\t\t<div class=\"elementor-element elementor-element-9796acb elementor-widget__width-auto elementor-widget elementor-widget-html\" data-id=\"9796acb\" data-element_type=\"widget\" data-e-type=\"widget\" data-widget_type=\"html.default\">\n\t\t\t\t<div class=\"elementor-widget-container\">\n\t\t\t\t\t<a class=\"btn-theme\" href=\"https:\/\/gaviaspreview.com\/wp\/fioxen\/about\/\">\n    Explore Now +\n<\/a>\t\t\t\t<\/div>\n\t\t\t\t<\/div>\n\t\t\t\t\t<\/div>\n\t\t<\/div>\n\t\t\t\t\t<\/div>\n\t\t<\/section>\n\t\t\t\t<\/div>\n\t\t","protected":false},"excerpt":{"rendered":"<p>Upcoming Events People Don\u2019t Take, Trips Take People Upcoming Events Upcoming Events 09 May 9 May, 2023 @ 8:00 am Architecture Week 09 May 9 May, 2023 @ 8:00 am [&hellip;]<\/p>\n","protected":false},"author":1,"featured_media":0,"parent":0,"menu_order":0,"comment_status":"closed","ping_status":"closed","template":"","meta":{"iawp_total_views":0,"footnotes":""},"class_list":["post-33","page","type-page","status-publish","hentry","cat_izlozbe"],"jetpack_sharing_enabled":true,"_links":{"self":[{"href":"https:\/\/petmark.ba\/trazilica\/wp-json\/wp\/v2\/pages\/33","targetHints":{"allow":["GET"]}}],"collection":[{"href":"https:\/\/petmark.ba\/trazilica\/wp-json\/wp\/v2\/pages"}],"about":[{"href":"https:\/\/petmark.ba\/trazilica\/wp-json\/wp\/v2\/types\/page"}],"author":[{"embeddable":true,"href":"https:\/\/petmark.ba\/trazilica\/wp-json\/wp\/v2\/users\/1"}],"replies":[{"embeddable":true,"href":"https:\/\/petmark.ba\/trazilica\/wp-json\/wp\/v2\/comments?post=33"}],"version-history":[{"count":2,"href":"https:\/\/petmark.ba\/trazilica\/wp-json\/wp\/v2\/pages\/33\/revisions"}],"predecessor-version":[{"id":2006,"href":"https:\/\/petmark.ba\/trazilica\/wp-json\/wp\/v2\/pages\/33\/revisions\/2006"}],"wp:attachment":[{"href":"https:\/\/petmark.ba\/trazilica\/wp-json\/wp\/v2\/media?parent=33"}],"curies":[{"name":"wp","href":"https:\/\/api.w.org\/{rel}","templated":true}]}}