{"id":1003,"date":"2019-09-17T13:45:31","date_gmt":"2019-09-17T13:45:31","guid":{"rendered":"https:\/\/petmark.ba\/vetcentar\/?page_id=1003"},"modified":"2019-10-21T08:11:01","modified_gmt":"2019-10-21T08:11:01","slug":"article-grid","status":"publish","type":"page","link":"https:\/\/petmark.ba\/vetcentar\/article-grid\/","title":{"rendered":"Article Grid"},"content":{"rendered":"\t\t<div data-elementor-type=\"wp-post\" data-elementor-id=\"1003\" class=\"elementor elementor-1003\">\n\t\t\t\t\t\t<section class=\"elementor-section elementor-top-section elementor-element elementor-element-cc501db elementor-section-full_width elementor-section-height-default elementor-section-height-default\" data-id=\"cc501db\" data-element_type=\"section\" data-e-type=\"section\">\n\t\t\t\t\t\t<div class=\"elementor-container elementor-column-gap-no\">\n\t\t\t\t\t<div class=\"elementor-column elementor-col-100 elementor-top-column elementor-element elementor-element-984c6d3\" data-id=\"984c6d3\" data-element_type=\"column\" data-e-type=\"column\">\n\t\t\t<div class=\"elementor-widget-wrap elementor-element-populated\">\n\t\t\t\t\t\t<div class=\"elementor-element elementor-element-224680e elementor-widget elementor-widget-dc_element_news_articles\" data-id=\"224680e\" data-element_type=\"widget\" data-e-type=\"widget\" data-widget_type=\"dc_element_news_articles.default\">\n\t\t\t\t<div class=\"elementor-widget-container\">\n\t\t\t\t\t\t\t\t\t\t\t\t\t\t\t\t\t\t\t\t\t<div class=\"dc-articlesholder\">\r\n\t\t\t\t\t\t\t<div class=\"row dc-articlesrow\">\r\n\t\t\t\t\t\t\t\t\t\t\t\t\t\t\t\t\t<div class=\"col-12 col-sm-12 col-md-6 col-xl-4 col-xl-4\">\r\n\t\t\t\t\t\t\t\t\t\t<div class=\"dc-article\">\r\n\t\t\t\t\t\t\t\t\t\t\t<figure class=\"dc-articleimg\">\r\n\t\t\t\t\t\t\t\t\t\t\t\t\t\t\t\t\t\t\t\t\t\t\t\t\t\t\t\t\t\t\t\t\t\t\t<\/figure>\r\n\t\t\t\t\t\t\t\t\t\t\t<div class=\"dc-articlecontent\">\r\n\t\t\t\t\t\t\t\t\t\t\t\t<div class=\"dc-title dc-ellipsis dc-titlep\">\r\n\t\t\t\t\t\t\t\t\t\t\t\t\t<a href=\"https:\/\/petmark.ba\/vetcentar\/category\/uncategorized\/\" rel=\"tag\">Uncategorized<\/a>\t\t\t\t\t\t\t\t\t\t\t\t\t<h3><a href=\"https:\/\/petmark.ba\/vetcentar\/kucni-ljubimci-imaju-znacajan-utjecaj-na-vase-zdravlje-niste-ni-svjesni-s-cime-sve-pomazu\/\">Ku\u0107ni ljubimci imaju zna\u010dajan utjecaj na va\u0161e zdravlje: Niste ni svjesni s \u010dime sve \u2018poma\u017eu\u2019<\/a><\/h3>\r\n\t\t\t\t\t\t\t\t\t\t\t\t\t\t\t\t<span class=\"dc-datetime\"><i class=\"lnr lnr-clock\"><\/i> 12. Juna 2024.<\/span>\r\n\t\t\t\t\t\t\t\t\t\t\t\t\t\t<\/div>\r\n\t\t\t\t\t\t\t\t\t\t\t\t\t\t\t<ul class=\"dc-moreoptions\">\r\n\t\t\t\t<li class=\"dcget-likes\" data-key=\"1867\"><a href=\"javascript:;\"><i class=\"ti-heart\"><\/i>0 Likes<\/a><\/li>\r\n\t\t\t\t\t\t\t\t\t<li><a href=\"javascript:;\"><i class=\"ti-eye\"><\/i>98 Views<\/a><\/li>\r\n\t\t\t\t\t\t\t\t<li><a href=\"javascript:;\"><i class=\"ti-comment\"><\/i>0 Comments<\/a><\/li>\r\n\t\t\t<\/ul>\r\n\t\t\t\t\t\t\t\t\t\t\t\t\t<\/div>\r\n\t\t\t\t\t\t\t\t\t\t<\/div>\r\n\t\t\t\t\t\t\t\t\t<\/div>\r\n\t\t\t\t\t\t\t\t\t\t\t\t\t\t\t\t\t\t<div class=\"col-12 col-sm-12 col-md-6 col-xl-4 col-xl-4\">\r\n\t\t\t\t\t\t\t\t\t\t<div class=\"dc-article\">\r\n\t\t\t\t\t\t\t\t\t\t\t<figure class=\"dc-articleimg\">\r\n\t\t\t\t\t\t\t\t\t\t\t\t\t\t\t\t\t\t\t\t\t\t\t\t\t<img decoding=\"async\" width=\"\" height=\"\" src=\"https:\/\/petmark.ba\/vetcentar\/wp-content\/uploads\/2019\/09\/Untitled-2_0009_Layer-19.jpg\" alt=\"New treatment under trial could restore brain cells in Parkinson&#8217;s\">\r\n\t\t\t\t\t\t\t\t\t\t\t\t\t\t\t\t\t\t\t\t\t\t\t\t\t\t\t\t\t\t\t\t\t\t\t<\/figure>\r\n\t\t\t\t\t\t\t\t\t\t\t<div class=\"dc-articlecontent\">\r\n\t\t\t\t\t\t\t\t\t\t\t\t<div class=\"dc-title dc-ellipsis dc-titlep\">\r\n\t\t\t\t\t\t\t\t\t\t\t\t\t<a href=\"https:\/\/petmark.ba\/vetcentar\/category\/dermatology\/\" rel=\"tag\">Dermatology<\/a>\t\t\t\t\t\t\t\t\t\t\t\t\t<h3><a href=\"https:\/\/petmark.ba\/vetcentar\/new-treatment-under-trial-could-restore-brain-cells-in-parkinsons\/\">New treatment under trial could restore brain cells in Parkinson&#8217;s<\/a><\/h3>\r\n\t\t\t\t\t\t\t\t\t\t\t\t\t\t\t\t<span class=\"dc-datetime\"><i class=\"lnr lnr-clock\"><\/i> 13. Septembra 2019.<\/span>\r\n\t\t\t\t\t\t\t\t\t\t\t\t\t\t<\/div>\r\n\t\t\t\t\t\t\t\t\t\t\t\t\t\t\t<ul class=\"dc-moreoptions\">\r\n\t\t\t\t<li class=\"dcget-likes\" data-key=\"610\"><a href=\"javascript:;\"><i class=\"ti-heart\"><\/i>0 Likes<\/a><\/li>\r\n\t\t\t\t\t\t\t\t\t<li><a href=\"javascript:;\"><i class=\"ti-eye\"><\/i>248 Views<\/a><\/li>\r\n\t\t\t\t\t\t\t\t<li><a href=\"javascript:;\"><i class=\"ti-comment\"><\/i>0 Comments<\/a><\/li>\r\n\t\t\t<\/ul>\r\n\t\t\t\t\t\t\t\t\t\t\t\t\t<\/div>\r\n\t\t\t\t\t\t\t\t\t\t<\/div>\r\n\t\t\t\t\t\t\t\t\t<\/div>\r\n\t\t\t\t\t\t\t\t\t\t\t\t\t\t\t\t<\/div>\r\n\t\t\t\t\t\t<\/div>\r\n\t\t\t\t\t\t\t\t\t\t\t\t\t\t<\/div>\n\t\t\t\t<\/div>\n\t\t\t\t\t<\/div>\n\t\t<\/div>\n\t\t\t\t\t<\/div>\n\t\t<\/section>\n\t\t\t\t<\/div>\n\t\t","protected":false},"excerpt":{"rendered":"<p>Ralph Davis Diagnostic radiology Alcohol may be less harmful for people over 50 September 13, 2019 &nbsp;0&nbsp;Likes &nbsp;0&nbsp;Views &nbsp;1&nbsp;Comments Harriso Robinson Dermatology Study reveals fiber we should eat to prevent disease September 13, 2019 &nbsp;0&nbsp;Likes &nbsp;0&nbsp;Views &nbsp;0&nbsp;Comments Sarah Chapman Diagnostic radiology These common drugs may increase dementia risk September 13, 2019 &nbsp;0&nbsp;Likes &nbsp;0&nbsp;Views &nbsp;0&nbsp;Comments Ava&#8230;.<\/p>\n","protected":false},"author":1,"featured_media":-1,"parent":0,"menu_order":0,"comment_status":"closed","ping_status":"closed","template":"","meta":{"footnotes":""},"class_list":["post-1003","page","type-page","status-publish","has-post-thumbnail","hentry"],"brizy_media":[],"_links":{"self":[{"href":"https:\/\/petmark.ba\/vetcentar\/wp-json\/wp\/v2\/pages\/1003","targetHints":{"allow":["GET"]}}],"collection":[{"href":"https:\/\/petmark.ba\/vetcentar\/wp-json\/wp\/v2\/pages"}],"about":[{"href":"https:\/\/petmark.ba\/vetcentar\/wp-json\/wp\/v2\/types\/page"}],"author":[{"embeddable":true,"href":"https:\/\/petmark.ba\/vetcentar\/wp-json\/wp\/v2\/users\/1"}],"replies":[{"embeddable":true,"href":"https:\/\/petmark.ba\/vetcentar\/wp-json\/wp\/v2\/comments?post=1003"}],"version-history":[{"count":11,"href":"https:\/\/petmark.ba\/vetcentar\/wp-json\/wp\/v2\/pages\/1003\/revisions"}],"predecessor-version":[{"id":1186,"href":"https:\/\/petmark.ba\/vetcentar\/wp-json\/wp\/v2\/pages\/1003\/revisions\/1186"}],"wp:featuredmedia":[{"embeddable":true,"href":"https:\/\/petmark.ba\/vetcentar\/wp-json\/"}],"wp:attachment":[{"href":"https:\/\/petmark.ba\/vetcentar\/wp-json\/wp\/v2\/media?parent=1003"}],"curies":[{"name":"wp","href":"https:\/\/api.w.org\/{rel}","templated":true}]}}