{"id":201,"date":"2019-08-29T05:31:57","date_gmt":"2019-08-29T05:31:57","guid":{"rendered":"https:\/\/petmark.ba\/vetcentar\/?page_id=201"},"modified":"2024-07-29T11:32:19","modified_gmt":"2024-07-29T10:32:19","slug":"kontakt","status":"publish","type":"page","link":"https:\/\/petmark.ba\/vetcentar\/kontakt\/","title":{"rendered":"Kontakt"},"content":{"rendered":"\t\t<div data-elementor-type=\"wp-post\" data-elementor-id=\"201\" class=\"elementor elementor-201\">\n\t\t\t\t\t\t<section class=\"elementor-section elementor-top-section elementor-element elementor-element-b55fd66 elementor-section-stretched elementor-section-full_width elementor-section-height-default elementor-section-height-default\" data-id=\"b55fd66\" data-element_type=\"section\" data-e-type=\"section\" data-settings=\"{&quot;stretch_section&quot;:&quot;section-stretched&quot;}\">\n\t\t\t\t\t\t<div class=\"elementor-container elementor-column-gap-no\">\n\t\t\t\t\t<div class=\"elementor-column elementor-col-100 elementor-top-column elementor-element elementor-element-6d82cca\" data-id=\"6d82cca\" data-element_type=\"column\" data-e-type=\"column\">\n\t\t\t<div class=\"elementor-widget-wrap elementor-element-populated\">\n\t\t\t\t\t\t<div class=\"elementor-element elementor-element-fa1444e elementor-widget elementor-widget-dc_element_easy_steps\" data-id=\"fa1444e\" data-element_type=\"widget\" data-e-type=\"widget\" data-widget_type=\"dc_element_easy_steps.default\">\n\t\t\t\t<div class=\"elementor-widget-container\">\n\t\t\t\t\t\t\t\t<div class=\"dc-aboutstep dc-easy-steps dc-haslayout dynamic-secton-199701\">\r\n\t\t\t\t<div class=\"container\">\r\n\t\t\t\t\t<div class=\"row justify-content-center align-self-center\">\r\n\t\t\t\t\t\t\t\t\t\t\t\t\t<div class=\"col-xs-12 col-sm-12 col-md-8 push-md-2 col-lg-8 push-lg-2\">\r\n\t\t\t\t\t\t\t\t<div class=\"dc-sectionhead dc-text-center\">\r\n\t\t\t\t\t\t\t\t\t\t\t\t\t\t\t\t\t\t\t<div class=\"dc-sectiontitle\">\r\n\t\t\t\t\t\t\t\t\t\t\t<h2>\r\n\t\t\t\t\t\t\t\t\t\t\t\t<span>Kontaktirajte nas<\/span>\r\n\t\t\t\t\t\t\t\t\t\t\t\tKontaktirajte Petmark Vetcentar\t\t\t\t\t\t\t\t\t\t\t<\/h2>\r\n\t\t\t\t\t\t\t\t\t\t<\/div>\r\n\t\t\t\t\t\t\t\t\t\t\t\t\t\t\t\t\t\t\t\t\t\t\t\t\t\t\t\t<div class=\"dc-description\"><p>Za sve upite, koristite donji obrazac ili nas kontaktirajte putem na\u0161ih kontakt informacija. Poku\u0161at \u0107emo odgovoriti u najkra\u0107em mogu\u0107em roku.<\/p><p>\u00a0<\/p><\/div>\r\n\t\t\t\t\t\t\t\t\t\t\t\t\t\t\t\t\t<\/div>\r\n\t\t\t\t\t\t\t<\/div>\r\n\t\t\t\t\t\t\t\t\t\t\t\t\t\t\t\t\t\t\t<div class=\"dc-welcome-holder dc-bksteps\">\r\n\t\t\t\t\t\t\t\t\t\t\t\t\t\t\t\t\t<div class=\"col-xs-12 col-sm-12 col-md-6 col-lg-4 float-left\">\r\n\t\t\t\t\t\t\t\t\t\t<div class=\"dc-welcomecontent\">\r\n\t\t\t\t\t\t\t\t\t\t\t\t\t\t\t\t\t\t\t\t\t\t\t<figure class=\"dc-welcomeimg\"><img decoding=\"async\" width=\"\" height=\"\" src=\"https:\/\/petmark.ba\/vetcentar\/wp-content\/uploads\/2024\/04\/pronadji-veterinara.png\" alt=\"Saradnja\"><\/figure>\r\n\t\t\t\t\t\t\t\t\t\t\t\t\t\t\t\t\t\t\t\t\t\t\t\t\t\t\t\t\t\t\t\t\t\t\t<div class=\"dc-title\">\r\n\t\t\t\t\t\t\t\t\t\t\t\t\t<h3><span>Saradnja<\/span>info@petmark.ba<\/h3>\r\n\t\t\t\t\t\t\t\t\t\t\t\t<\/div>\r\n\t\t\t\t\t\t\t\t\t\t\t\t\t\t\t\t\t\t\t\t\t\t\t\t\t\t\t\t\t\t\t\t\t\t<div class=\"dc-description\"><p>Javite nam se, ukoliko ste zainteresovani za saradnju<\/p><\/div>\r\n\t\t\t\t\t\t\t\t\t\t\t\t\t\t\t\t\t\t\t\t\t<\/div>\r\n\t\t\t\t\t\t\t\t\t<\/div>\r\n\t\t\t\t\t\t\t\t\t\t\t\t\t\t\t\t\t<div class=\"col-xs-12 col-sm-12 col-md-6 col-lg-4 float-left\">\r\n\t\t\t\t\t\t\t\t\t\t<div class=\"dc-welcomecontent\">\r\n\t\t\t\t\t\t\t\t\t\t\t\t\t\t\t\t\t\t\t\t\t\t\t<figure class=\"dc-welcomeimg\"><img decoding=\"async\" width=\"\" height=\"\" src=\"https:\/\/petmark.ba\/vetcentar\/wp-content\/uploads\/2024\/04\/termin-veterinar.png\" alt=\"Podr\u0161ka\"><\/figure>\r\n\t\t\t\t\t\t\t\t\t\t\t\t\t\t\t\t\t\t\t\t\t\t\t\t\t\t\t\t\t\t\t\t\t\t\t<div class=\"dc-title\">\r\n\t\t\t\t\t\t\t\t\t\t\t\t\t<h3><span>Podr\u0161ka<\/span>vetcentar@petmark.ba<\/h3>\r\n\t\t\t\t\t\t\t\t\t\t\t\t<\/div>\r\n\t\t\t\t\t\t\t\t\t\t\t\t\t\t\t\t\t\t\t\t\t\t\t\t\t\t\t\t\t\t\t\t\t\t<div class=\"dc-description\"><p>Imate problem sa registracijom ili prijavljivanjem na platformu. Tu smo za podr\u0161ku<\/p><\/div>\r\n\t\t\t\t\t\t\t\t\t\t\t\t\t\t\t\t\t\t\t\t\t<\/div>\r\n\t\t\t\t\t\t\t\t\t<\/div>\r\n\t\t\t\t\t\t\t\t\t\t\t\t\t\t\t\t\t<div class=\"col-xs-12 col-sm-12 col-md-6 col-lg-4 float-left\">\r\n\t\t\t\t\t\t\t\t\t\t<div class=\"dc-welcomecontent\">\r\n\t\t\t\t\t\t\t\t\t\t\t\t\t\t\t\t\t\t\t\t\t\t\t<figure class=\"dc-welcomeimg\"><img decoding=\"async\" width=\"\" height=\"\" src=\"https:\/\/petmark.ba\/vetcentar\/wp-content\/uploads\/2024\/04\/pretrazi-vetcentar-petmark.png\" alt=\"Narud\u017ebe\"><\/figure>\r\n\t\t\t\t\t\t\t\t\t\t\t\t\t\t\t\t\t\t\t\t\t\t\t\t\t\t\t\t\t\t\t\t\t\t\t<div class=\"dc-title\">\r\n\t\t\t\t\t\t\t\t\t\t\t\t\t<h3><span>Narud\u017ebe<\/span>shop@petmark.ba<\/h3>\r\n\t\t\t\t\t\t\t\t\t\t\t\t<\/div>\r\n\t\t\t\t\t\t\t\t\t\t\t\t\t\t\t\t\t\t\t\t\t\t\t\t\t\t\t\t\t\t\t\t\t\t<div class=\"dc-description\"><p>Po\u0161aljite upit za proizvod koji Vas interesuje<\/p><\/div>\r\n\t\t\t\t\t\t\t\t\t\t\t\t\t\t\t\t\t\t\t\t\t<\/div>\r\n\t\t\t\t\t\t\t\t\t<\/div>\r\n\t\t\t\t\t\t\t\t\t\t\t\t\t\t\t<\/div>\r\n\t\t\t\t\t\t\t\t\t\t\t<\/div>\r\n\t\t\t\t<\/div>\r\n\t\t\t<\/div>\r\n\t\t\t\t\t\t<\/div>\n\t\t\t\t<\/div>\n\t\t\t\t\t<\/div>\n\t\t<\/div>\n\t\t\t\t\t<\/div>\n\t\t<\/section>\n\t\t\t\t<section class=\"elementor-section elementor-top-section elementor-element elementor-element-ea4ab33 elementor-section-stretched elementor-hidden-desktop elementor-hidden-tablet elementor-hidden-mobile elementor-section-boxed elementor-section-height-default elementor-section-height-default\" data-id=\"ea4ab33\" data-element_type=\"section\" data-e-type=\"section\" data-settings=\"{&quot;stretch_section&quot;:&quot;section-stretched&quot;,&quot;background_background&quot;:&quot;classic&quot;}\">\n\t\t\t\t\t\t<div class=\"elementor-container elementor-column-gap-no\">\n\t\t\t\t\t<div class=\"elementor-column elementor-col-100 elementor-top-column elementor-element elementor-element-4056f06\" data-id=\"4056f06\" data-element_type=\"column\" data-e-type=\"column\">\n\t\t\t<div class=\"elementor-widget-wrap elementor-element-populated\">\n\t\t\t\t\t\t<div class=\"elementor-element elementor-element-414fe89 elementor-widget elementor-widget-dc_element_online_help\" data-id=\"414fe89\" data-element_type=\"widget\" data-e-type=\"widget\" data-widget_type=\"dc_element_online_help.default\">\n\t\t\t\t<div class=\"elementor-widget-container\">\n\t\t\t\t\t\t\t\t<div class=\"text-center dc-querycontent dynamic-secton-26617\">\r\n\t\t\t\t<div class=\"container\">\r\n\t\t\t\t\t<div class=\"row justify-content-center\">\r\n\t\t\t\t\t\t<div class=\"col-12 col-sm-12 col-md-12 col-lg-8\">\t\r\n\t\t\t\t\t\t\t\t\t\t\t\t\r\n\t\t\t\t\t\t\t\t<div class=\"dc-sectionhead dc-sectionheadvtwo\">\r\n\t\t\t\t\t\t\t\t\t\t\t\t\t\t\t\t\t\t\t<div class=\"dc-sectiontitle\">\r\n\t\t\t\t\t\t\t\t\t\t\t<h2>\r\n\t\t\t\t\t\t\t\t\t\t\t\tHave A Query?\t\t\t\t\t\t\t\t\t\t\t\t<span>Ask For Free Online Help<\/span>\t\t\t\t\t\t\t\t\t\t\t<\/h2>\r\n\t\t\t\t\t\t\t\t\t\t<\/div>\r\n\t\t\t\t\t\t\t\t\t\t\t\t\t\t\t\t\t\t\t\t\t\t\t\t\t\t\t\t<div class=\"dc-description\"><p>Lorem ipsum dolor amet consectetur adipisicing eliteiuim sete eiusmod tempor incididunt ut labore etnalom dolore magna aliqua udiminimate veniam quis norud.<\/p><\/div>\r\n\t\t\t\t\t\t\t\t\t\t\t\t\t\t\t\t\t<\/div>\r\n\t\t\t\t\t\t\t\t\t\t\t\t\t\t\t\t\t\t\t\t\t\t<div class=\"dc-btnarea d-flex justify-content-center\">\r\n\t\t\t\t\t\t\t\t\t\t\t\t\t\t\t\t\t\t\t<a href=\"https:\/\/petmark.ba\/vetcentar\/health-forum\/\" class=\"dc-btn dc-btnactive\">View Question<\/a>\r\n\t\t\t\t\t\t\t\t\t\t\t\t\t\t\t\t\t\t\t\t\t\t\t\t\t\t\t\t<a href=\"https:\/\/petmark.ba\/vetcentar\/health-forum\/mouth-open-while-sleeping\/\" class=\"dc-btn\">Ask Your Question<\/a>\r\n\t\t\t\t\t\t\t\t\t\t\t\t\t\t\t\t\t<\/div>\r\n\t\t\t\t\t\t\t\t\t\t\t\t\t\t\t\t\t\t\t\t\t\t<figure class=\"dc-queryimg\">\r\n\t\t\t\t\t\t\t\t\t<img decoding=\"async\" width=\"\" height=\"\" src=\"https:\/\/petmark.ba\/vetcentar\/wp-content\/uploads\/2019\/08\/phoneagain.png\" alt=\"\">\r\n\t\t\t\t\t\t\t\t<\/figure>\r\n\t\t\t\t\t\t\t\t\t\t\t\t\t<\/div>\r\n\t\t\t\t\t<\/div>\t\t\t\t\r\n\t\t\t\t<\/div>\r\n\t\t\t<\/div>\r\n\t\t\t\t\t\t<\/div>\n\t\t\t\t<\/div>\n\t\t\t\t\t<\/div>\n\t\t<\/div>\n\t\t\t\t\t<\/div>\n\t\t<\/section>\n\t\t\t\t<section class=\"elementor-section elementor-top-section elementor-element elementor-element-d43cf57 elementor-section-stretched elementor-section-boxed elementor-section-height-default elementor-section-height-default\" data-id=\"d43cf57\" data-element_type=\"section\" data-e-type=\"section\" data-settings=\"{&quot;stretch_section&quot;:&quot;section-stretched&quot;}\">\n\t\t\t\t\t\t<div class=\"elementor-container elementor-column-gap-extended\">\n\t\t\t\t\t<div class=\"elementor-column elementor-col-100 elementor-top-column elementor-element elementor-element-f6eabc3\" data-id=\"f6eabc3\" data-element_type=\"column\" data-e-type=\"column\">\n\t\t\t<div class=\"elementor-widget-wrap elementor-element-populated\">\n\t\t\t\t\t\t<div class=\"elementor-element elementor-element-048bc41 elementor-widget elementor-widget-dc_element_contact_us_form\" data-id=\"048bc41\" data-element_type=\"widget\" data-e-type=\"widget\" data-widget_type=\"dc_element_contact_us_form.default\">\n\t\t\t\t<div class=\"elementor-widget-container\">\n\t\t\t\t\t\t\t\t<div class=\"dc-haslayout-v1 dc contact-form\">\r\n\t\t\t\t\t\t\t\t\t<div class=\"row justify-content-center dynamic-secton-674776\">\r\n\t\t\t\t\t\t<div class=\"col-12 col-sm-12 col-md-12 col-lg-8\">\r\n\t\t\t\t\t\t\t<div class=\"dc-sectionhead dc-text-center dc-pnone\">\r\n\t\t\t\t\t\t\t\t\t\t\t\t\t\t\t\t\t<div class=\"dc-sectiontitle\">\r\n\t\t\t\t\t\t\t\t\t\t<h2>\r\n\t\t\t\t\t\t\t\t\t\t\t<span>Popunite kontakt formu<\/span>\t\t\t\t\t\t\t\t\t\t\tPo\u0161aljite upit\t\t\t\t\t\t\t\t\t\t<\/h2>\r\n\t\t\t\t\t\t\t\t\t<\/div>\r\n\t\t\t\t\t\t\t\t\t\t\t\t\t\t\t\t\t\t\t\t\t\t\t\t\t<div class=\"dc-description\"><p>Molimo vas da ispunite sljede\u0107e polja kako bismo vam mogli pru\u017eiti najbolju mogu\u0107u pomo\u0107:<\/p><p>\u00a0<\/p><\/div>\r\n\t\t\t\t\t\t\t\t\t\t\t\t\t\t\t<\/div>\r\n\t\t\t\t\t\t\t\t\t\t\t\t\t\t\t<div class=\"dc-form dc-floatclear dc-form-first\">\n<div class=\"wpcf7 no-js\" id=\"wpcf7-f219-o1\" lang=\"en-US\" dir=\"ltr\" data-wpcf7-id=\"219\">\n<div class=\"screen-reader-response\"><p role=\"status\" aria-live=\"polite\" aria-atomic=\"true\"><\/p> <ul><\/ul><\/div>\n<form action=\"\/vetcentar\/wp-json\/wp\/v2\/pages\/201#wpcf7-f219-o1\" method=\"post\" class=\"wpcf7-form init\" aria-label=\"Contact form\" novalidate=\"novalidate\" data-status=\"init\">\n<fieldset class=\"hidden-fields-container\"><input type=\"hidden\" name=\"_wpcf7\" value=\"219\" \/><input type=\"hidden\" name=\"_wpcf7_version\" value=\"6.1.5\" \/><input type=\"hidden\" name=\"_wpcf7_locale\" value=\"en_US\" \/><input type=\"hidden\" name=\"_wpcf7_unit_tag\" value=\"wpcf7-f219-o1\" \/><input type=\"hidden\" name=\"_wpcf7_container_post\" value=\"0\" \/><input type=\"hidden\" name=\"_wpcf7_posted_data_hash\" value=\"\" \/>\n<\/fieldset>\n<div class=\"form-row\">\n\t<div class=\"form-group col-12 col-sm-6\">\n\t\t<p><span class=\"wpcf7-form-control-wrap\" data-name=\"text-621\"><input size=\"40\" maxlength=\"400\" class=\"wpcf7-form-control wpcf7-text wpcf7-validates-as-required form-control\" aria-required=\"true\" aria-invalid=\"false\" placeholder=\"Your Name*\" value=\"\" type=\"text\" name=\"text-621\" \/><\/span>\n\t\t<\/p>\n\t<\/div>\n\t<div class=\"form-group col-12 col-sm-6\">\n\t\t<p><span class=\"wpcf7-form-control-wrap\" data-name=\"email-322\"><input size=\"40\" maxlength=\"400\" class=\"wpcf7-form-control wpcf7-email wpcf7-validates-as-required wpcf7-text wpcf7-validates-as-email form-control\" aria-required=\"true\" aria-invalid=\"false\" placeholder=\"Your Email*\" value=\"\" type=\"email\" name=\"email-322\" \/><\/span>\n\t\t<\/p>\n\t<\/div>\n<\/div>\n<div class=\"form-group\">\n\t<p><span class=\"wpcf7-form-control-wrap\" data-name=\"textarea-718\"><textarea cols=\"40\" rows=\"10\" maxlength=\"2000\" class=\"wpcf7-form-control wpcf7-textarea wpcf7-validates-as-required form-control\" aria-required=\"true\" aria-invalid=\"false\" placeholder=\"Type Your Query*\" name=\"textarea-718\"><\/textarea><\/span>\n\t<\/p>\n<\/div>\n<p><input class=\"wpcf7-form-control wpcf7-submit has-spinner btn dc-btns btn-block dc-btnactive\" type=\"submit\" value=\"Send Now\" \/>\n<\/p><div class=\"wpcf7-response-output\" aria-hidden=\"true\"><\/div>\n<\/form>\n<\/div>\n <\/div>\t\r\n\t\t\t\t\t\t\t\t\t\t\t\t\t\r\n\t\t\t\t\t\t<\/div>\r\n\t\t\t\t\t<\/div>\r\n\t\t\t\t\t\t\t<\/div>\r\n\t\t\t\t\t\t<\/div>\n\t\t\t\t<\/div>\n\t\t\t\t\t<\/div>\n\t\t<\/div>\n\t\t\t\t\t<\/div>\n\t\t<\/section>\n\t\t\t\t<\/div>\n\t\t","protected":false},"excerpt":{"rendered":"<p>Kontaktirajte nas Kontaktirajte Petmark Vetcentar Za sve upite, koristite donji obrazac ili nas kontaktirajte putem na\u0161ih kontakt informacija. Poku\u0161at \u0107emo odgovoriti u najkra\u0107em mogu\u0107em roku. \u00a0 Saradnjainfo@petmark.ba Javite nam se, ukoliko ste zainteresovani za saradnju Podr\u0161kavetcentar@petmark.ba Imate problem sa registracijom ili prijavljivanjem na platformu. Tu smo za podr\u0161ku Narud\u017ebeshop@petmark.ba Po\u0161aljite upit za proizvod koji Vas&#8230;.<\/p>\n","protected":false},"author":1,"featured_media":-1,"parent":0,"menu_order":0,"comment_status":"closed","ping_status":"closed","template":"","meta":{"footnotes":""},"class_list":["post-201","page","type-page","status-publish","has-post-thumbnail","hentry"],"brizy_media":[],"_links":{"self":[{"href":"https:\/\/petmark.ba\/vetcentar\/wp-json\/wp\/v2\/pages\/201","targetHints":{"allow":["GET"]}}],"collection":[{"href":"https:\/\/petmark.ba\/vetcentar\/wp-json\/wp\/v2\/pages"}],"about":[{"href":"https:\/\/petmark.ba\/vetcentar\/wp-json\/wp\/v2\/types\/page"}],"author":[{"embeddable":true,"href":"https:\/\/petmark.ba\/vetcentar\/wp-json\/wp\/v2\/users\/1"}],"replies":[{"embeddable":true,"href":"https:\/\/petmark.ba\/vetcentar\/wp-json\/wp\/v2\/comments?post=201"}],"version-history":[{"count":41,"href":"https:\/\/petmark.ba\/vetcentar\/wp-json\/wp\/v2\/pages\/201\/revisions"}],"predecessor-version":[{"id":1967,"href":"https:\/\/petmark.ba\/vetcentar\/wp-json\/wp\/v2\/pages\/201\/revisions\/1967"}],"wp:featuredmedia":[{"embeddable":true,"href":"https:\/\/petmark.ba\/vetcentar\/wp-json\/"}],"wp:attachment":[{"href":"https:\/\/petmark.ba\/vetcentar\/wp-json\/wp\/v2\/media?parent=201"}],"curies":[{"name":"wp","href":"https:\/\/api.w.org\/{rel}","templated":true}]}}