{"id":23,"date":"2019-08-22T09:58:28","date_gmt":"2019-08-22T09:58:28","guid":{"rendered":"https:\/\/petmark.ba\/vetcentar\/?page_id=23"},"modified":"2024-07-29T11:52:24","modified_gmt":"2024-07-29T10:52:24","slug":"kako-funkcionisemo","status":"publish","type":"page","link":"https:\/\/petmark.ba\/vetcentar\/kako-funkcionisemo\/","title":{"rendered":"Kako funkcioni\u0161emo"},"content":{"rendered":"\t\t<div data-elementor-type=\"wp-post\" data-elementor-id=\"23\" class=\"elementor elementor-23\">\n\t\t\t\t\t\t<section class=\"elementor-section elementor-top-section elementor-element elementor-element-f80d43f elementor-section-stretched elementor-section-boxed elementor-section-height-default elementor-section-height-default\" data-id=\"f80d43f\" data-element_type=\"section\" data-e-type=\"section\" data-settings=\"{&quot;stretch_section&quot;:&quot;section-stretched&quot;}\">\n\t\t\t\t\t\t<div class=\"elementor-container elementor-column-gap-no\">\n\t\t\t\t\t<div class=\"elementor-column elementor-col-100 elementor-top-column elementor-element elementor-element-f2617d9\" data-id=\"f2617d9\" data-element_type=\"column\" data-e-type=\"column\">\n\t\t\t<div class=\"elementor-widget-wrap elementor-element-populated\">\n\t\t\t\t\t\t<div class=\"elementor-element elementor-element-1f70510 elementor-widget elementor-widget-dc_element_how_works\" data-id=\"1f70510\" data-element_type=\"widget\" data-e-type=\"widget\" data-widget_type=\"dc_element_how_works.default\">\n\t\t\t\t<div class=\"elementor-widget-container\">\n\t\t\t\t\t\t\t\t<div class=\"dc-itsworkvtwo dynamic-secton-579127\">\r\n\t\t\t\t<div class=\"col-xs-12 col-sm-12 col-md-7 col-lg-8 col-xl-9\">\r\n\t\t\t\t\t<div class=\"dc-itsworkvtwo\">\r\n\t\t\t\t\t\t\t\t\t\t\t\t\t\t<div class=\"dc-itsworkvtwoitem\">\r\n\t\t\t\t\t\t\t\t\t<div class=\"row\">\r\n\t\t\t\t\t\t\t\t\t\t<div class=\"col-12 col-md-12 col-lg-6 \">\r\n\t\t\t\t\t\t\t\t\t\t\t<div class=\"dc-workvtwocontent\">\r\n\t\t\t\t\t\t\t\t\t\t\t\t\t\t\t\t\t\t\t\t\t\t\t\t\t<div class=\"dc-title\">\r\n\t\t\t\t\t\t\t\t\t\t\t\t\t\t<h3>\r\n\t\t\t\t\t\t\t\t\t\t\t\t\t\t\t<span>Tra\u017ei\u0161 veterinara?<\/span>\t\t\t\t\t\t\t\t\t\t\t\t\t\t\t Zapo\u010dni pretragu\t\t\t\t\t\t\t\t\t\t\t\t\t\t<\/h3>\r\n\t\t\t\t\t\t\t\t\t\t\t\t\t<\/div>\r\n\t\t\t\t\t\t\t\t\t\t\t\t\t\t\t\t\t\t\t\t\t\t\t\t\t\t\t\t\t\t\t\t\t\t\t\t\t<div class=\"dc-description\"><p>Lorem ipsum dolor amet consectetur adipisicing elit eiuim sete eiu tempor incididunt ut labore etnaloms dolore magna aliqua udiminimate veniam<\/p><\/div>\r\n\t\t\t\t\t\t\t\t\t\t\t\t\t\t\t\t\t\t\t\t\t\t\t\t\t\t\t\t\t\t\t\t\t\t\t\t\t<div class=\"dc-btnarea\">\r\n\t\t\t\t\t\t\t\t\t\t\t\t\t\t<a href=\"https:\/\/petmark.ba\/vetcentar\/pretraga\/?searchby=both&#038;keyword=&#038;location=&#038;specialities=&#038;services=\" class=\"dc-btn\">Pretra\u017ei<\/a>\r\n\t\t\t\t\t\t\t\t\t\t\t\t\t<\/div>\r\n\t\t\t\t\t\t\t\t\t\t\t\t\t\t\t\t\t\t\t\t\t\t\t<\/div>\t\t\t\t\t\t\t\t\t\t\t\t\r\n\t\t\t\t\t\t\t\t\t\t<\/div>\r\n\t\t\t\t\t\t\t\t\t\t\t\t\t\t\t\t\t\t\t\t\t<div class=\"col-12 col-md-12 col-lg-6\">\r\n\t\t\t\t\t\t\t\t\t\t\t\t<div class=\"dc-workvtwoimg\">\r\n\t\t\t\t\t\t\t\t\t\t\t\t\t<figure>\r\n\t\t\t\t\t\t\t\t\t\t\t\t\t\t<img decoding=\"async\" width=\"\" height=\"\"  src=\"https:\/\/petmark.ba\/vetcentar\/wp-content\/uploads\/2019\/08\/img-01-4.jpg\" alt=\"Tra\u017ei\u0161 veterinara?\">\r\n\t\t\t\t\t\t\t\t\t\t\t\t\t<\/figure>\r\n\t\t\t\t\t\t\t\t\t\t\t\t<\/div>\r\n\t\t\t\t\t\t\t\t\t\t\t<\/div>\r\n\t\t\t\t\t\t\t\t\t\t\t\t\t\t\t\t\t\t\t<\/div>\r\n\t\t\t\t\t\t\t\t<\/div>\r\n\t\t\t\t\t\t\t\t\t\t\t\t\t\t\t<div class=\"dc-itsworkvtwoitem\">\r\n\t\t\t\t\t\t\t\t\t<div class=\"row\">\r\n\t\t\t\t\t\t\t\t\t\t<div class=\"col-12 col-md-12 col-lg-6 order-1\">\r\n\t\t\t\t\t\t\t\t\t\t\t<div class=\"dc-workvtwocontent\">\r\n\t\t\t\t\t\t\t\t\t\t\t\t\t\t\t\t\t\t\t\t\t\t\t\t\t<div class=\"dc-title\">\r\n\t\t\t\t\t\t\t\t\t\t\t\t\t\t<h3>\r\n\t\t\t\t\t\t\t\t\t\t\t\t\t\t\t<span>Nema\u0161 profil?<\/span>\t\t\t\t\t\t\t\t\t\t\t\t\t\t\t Izvr\u0161i registraciju\t\t\t\t\t\t\t\t\t\t\t\t\t\t<\/h3>\r\n\t\t\t\t\t\t\t\t\t\t\t\t\t<\/div>\r\n\t\t\t\t\t\t\t\t\t\t\t\t\t\t\t\t\t\t\t\t\t\t\t\t\t\t\t\t\t\t\t\t\t\t\t\t\t<div class=\"dc-description\"><p>Lorem ipsum dolor amet consectetur adipisicing elit eiuim sete eiu tempor incididunt ut labore etnaloms dolore magna aliqua udiminimate veniam<\/p><\/div>\r\n\t\t\t\t\t\t\t\t\t\t\t\t\t\t\t\t\t\t\t\t\t\t\t\t\t\t\t\t\t\t\t\t\t\t\t\t\t<div class=\"dc-btnarea\">\r\n\t\t\t\t\t\t\t\t\t\t\t\t\t\t<a href=\"#\" class=\"dc-btn\">Registruj se<\/a>\r\n\t\t\t\t\t\t\t\t\t\t\t\t\t<\/div>\r\n\t\t\t\t\t\t\t\t\t\t\t\t\t\t\t\t\t\t\t\t\t\t\t<\/div>\t\t\t\t\t\t\t\t\t\t\t\t\r\n\t\t\t\t\t\t\t\t\t\t<\/div>\r\n\t\t\t\t\t\t\t\t\t\t\t\t\t\t\t\t\t\t\t\t\t<div class=\"col-12 col-md-12 col-lg-6\">\r\n\t\t\t\t\t\t\t\t\t\t\t\t<div class=\"dc-workvtwoimg\">\r\n\t\t\t\t\t\t\t\t\t\t\t\t\t<figure>\r\n\t\t\t\t\t\t\t\t\t\t\t\t\t\t<img decoding=\"async\" width=\"\" height=\"\" class=&quot;float-right&quot; src=\"https:\/\/petmark.ba\/vetcentar\/wp-content\/uploads\/2019\/08\/img-02-3.jpg\" alt=\"Nema\u0161 profil?\">\r\n\t\t\t\t\t\t\t\t\t\t\t\t\t<\/figure>\r\n\t\t\t\t\t\t\t\t\t\t\t\t<\/div>\r\n\t\t\t\t\t\t\t\t\t\t\t<\/div>\r\n\t\t\t\t\t\t\t\t\t\t\t\t\t\t\t\t\t\t\t<\/div>\r\n\t\t\t\t\t\t\t\t<\/div>\r\n\t\t\t\t\t\t\t\t\t\t\t\t\t\t\t<div class=\"dc-itsworkvtwoitem\">\r\n\t\t\t\t\t\t\t\t\t<div class=\"row\">\r\n\t\t\t\t\t\t\t\t\t\t<div class=\"col-12 col-md-12 col-lg-6 \">\r\n\t\t\t\t\t\t\t\t\t\t\t<div class=\"dc-workvtwocontent\">\r\n\t\t\t\t\t\t\t\t\t\t\t\t\t\t\t\t\t\t\t\t\t\t\t\t\t<div class=\"dc-title\">\r\n\t\t\t\t\t\t\t\t\t\t\t\t\t\t<h3>\r\n\t\t\t\t\t\t\t\t\t\t\t\t\t\t\t<span>\u017deli\u0161 rezervisati?<\/span>\t\t\t\t\t\t\t\t\t\t\t\t\t\t\t Po\u0161alji direktno upit\t\t\t\t\t\t\t\t\t\t\t\t\t\t<\/h3>\r\n\t\t\t\t\t\t\t\t\t\t\t\t\t<\/div>\r\n\t\t\t\t\t\t\t\t\t\t\t\t\t\t\t\t\t\t\t\t\t\t\t\t\t\t\t\t\t\t\t\t\t\t\t\t\t<div class=\"dc-description\"><p>Lorem ipsum dolor amet consectetur adipisicing elit eiuim sete eiu tempor incididunt ut labore etnaloms dolore magna aliqua udiminimate veniam<\/p><\/div>\r\n\t\t\t\t\t\t\t\t\t\t\t\t\t\t\t\t\t\t\t\t\t\t\t\t\t\t\t\t\t\t\t\t\t\t\t\t\t<div class=\"dc-btnarea\">\r\n\t\t\t\t\t\t\t\t\t\t\t\t\t\t<a href=\"#\" class=\"dc-btn\">Pretra\u017ei<\/a>\r\n\t\t\t\t\t\t\t\t\t\t\t\t\t<\/div>\r\n\t\t\t\t\t\t\t\t\t\t\t\t\t\t\t\t\t\t\t\t\t\t\t<\/div>\t\t\t\t\t\t\t\t\t\t\t\t\r\n\t\t\t\t\t\t\t\t\t\t<\/div>\r\n\t\t\t\t\t\t\t\t\t\t\t\t\t\t\t\t\t\t\t\t\t<div class=\"col-12 col-md-12 col-lg-6\">\r\n\t\t\t\t\t\t\t\t\t\t\t\t<div class=\"dc-workvtwoimg\">\r\n\t\t\t\t\t\t\t\t\t\t\t\t\t<figure>\r\n\t\t\t\t\t\t\t\t\t\t\t\t\t\t<img decoding=\"async\" width=\"\" height=\"\"  src=\"https:\/\/petmark.ba\/vetcentar\/wp-content\/uploads\/2019\/08\/img-03-2.jpg\" alt=\"\u017deli\u0161 rezervisati?\">\r\n\t\t\t\t\t\t\t\t\t\t\t\t\t<\/figure>\r\n\t\t\t\t\t\t\t\t\t\t\t\t<\/div>\r\n\t\t\t\t\t\t\t\t\t\t\t<\/div>\r\n\t\t\t\t\t\t\t\t\t\t\t\t\t\t\t\t\t\t\t<\/div>\r\n\t\t\t\t\t\t\t\t<\/div>\r\n\t\t\t\t\t\t\t\t\t\t\t\t\t\t\t<div class=\"dc-itsworkvtwoitem\">\r\n\t\t\t\t\t\t\t\t\t<div class=\"row\">\r\n\t\t\t\t\t\t\t\t\t\t<div class=\"col-12 col-md-12 col-lg-6 order-1\">\r\n\t\t\t\t\t\t\t\t\t\t\t<div class=\"dc-workvtwocontent\">\r\n\t\t\t\t\t\t\t\t\t\t\t\t\t\t\t\t\t\t\t\t\t\t\t\t\t<div class=\"dc-title\">\r\n\t\t\t\t\t\t\t\t\t\t\t\t\t\t<h3>\r\n\t\t\t\t\t\t\t\t\t\t\t\t\t\t\t<span>Ima\u0161 problem sa registracijom na platformu<\/span>\t\t\t\t\t\t\t\t\t\t\t\t\t\t\t Po\u0161alji nam upit\t\t\t\t\t\t\t\t\t\t\t\t\t\t<\/h3>\r\n\t\t\t\t\t\t\t\t\t\t\t\t\t<\/div>\r\n\t\t\t\t\t\t\t\t\t\t\t\t\t\t\t\t\t\t\t\t\t\t\t\t\t\t\t\t\t\t\t\t\t\t\t\t\t<div class=\"dc-description\"><p>Lorem ipsum dolor amet consectetur adipisicing elit eiuim sete eiu tempor incididunt ut labore etnaloms dolore magna aliqua udiminimate veniam<\/p><\/div>\r\n\t\t\t\t\t\t\t\t\t\t\t\t\t\t\t\t\t\t\t\t\t\t\t\t\t\t\t\t\t\t\t\t\t\t\t\t\t<div class=\"dc-btnarea\">\r\n\t\t\t\t\t\t\t\t\t\t\t\t\t\t<a href=\"https:\/\/petmark.ba\/vetcentar\/kontakt\" class=\"dc-btn\">Kontakt<\/a>\r\n\t\t\t\t\t\t\t\t\t\t\t\t\t<\/div>\r\n\t\t\t\t\t\t\t\t\t\t\t\t\t\t\t\t\t\t\t\t\t\t\t<\/div>\t\t\t\t\t\t\t\t\t\t\t\t\r\n\t\t\t\t\t\t\t\t\t\t<\/div>\r\n\t\t\t\t\t\t\t\t\t\t\t\t\t\t\t\t\t\t\t\t\t<div class=\"col-12 col-md-12 col-lg-6\">\r\n\t\t\t\t\t\t\t\t\t\t\t\t<div class=\"dc-workvtwoimg\">\r\n\t\t\t\t\t\t\t\t\t\t\t\t\t<figure>\r\n\t\t\t\t\t\t\t\t\t\t\t\t\t\t<img decoding=\"async\" width=\"\" height=\"\" class=&quot;float-right&quot; src=\"https:\/\/petmark.ba\/vetcentar\/wp-content\/uploads\/2019\/08\/img-04-1.jpg\" alt=\"Ima\u0161 problem sa registracijom na platformu\">\r\n\t\t\t\t\t\t\t\t\t\t\t\t\t<\/figure>\r\n\t\t\t\t\t\t\t\t\t\t\t\t<\/div>\r\n\t\t\t\t\t\t\t\t\t\t\t<\/div>\r\n\t\t\t\t\t\t\t\t\t\t\t\t\t\t\t\t\t\t\t<\/div>\r\n\t\t\t\t\t\t\t\t<\/div>\r\n\t\t\t\t\t\t\t\t\t\t\t\t\t\t\t\t\t\t<\/div>\r\n\t\t\t\t<\/div>\r\n\t\t\t<\/div>\r\n\t\t\t\t\t\t<\/div>\n\t\t\t\t<\/div>\n\t\t\t\t\t<\/div>\n\t\t<\/div>\n\t\t\t\t\t<\/div>\n\t\t<\/section>\n\t\t\t\t<\/div>\n\t\t","protected":false},"excerpt":{"rendered":"<p>Tra\u017ei\u0161 veterinara? Zapo\u010dni pretragu Lorem ipsum dolor amet consectetur adipisicing elit eiuim sete eiu tempor incididunt ut labore etnaloms dolore magna aliqua udiminimate veniam Pretra\u017ei Nema\u0161 profil? Izvr\u0161i registraciju Lorem ipsum dolor amet consectetur adipisicing elit eiuim sete eiu tempor incididunt ut labore etnaloms dolore magna aliqua udiminimate veniam Registruj se \u017deli\u0161 rezervisati? Po\u0161alji direktno&#8230;.<\/p>\n","protected":false},"author":1,"featured_media":-1,"parent":0,"menu_order":0,"comment_status":"closed","ping_status":"closed","template":"","meta":{"footnotes":""},"class_list":["post-23","page","type-page","status-publish","has-post-thumbnail","hentry"],"brizy_media":[],"_links":{"self":[{"href":"https:\/\/petmark.ba\/vetcentar\/wp-json\/wp\/v2\/pages\/23","targetHints":{"allow":["GET"]}}],"collection":[{"href":"https:\/\/petmark.ba\/vetcentar\/wp-json\/wp\/v2\/pages"}],"about":[{"href":"https:\/\/petmark.ba\/vetcentar\/wp-json\/wp\/v2\/types\/page"}],"author":[{"embeddable":true,"href":"https:\/\/petmark.ba\/vetcentar\/wp-json\/wp\/v2\/users\/1"}],"replies":[{"embeddable":true,"href":"https:\/\/petmark.ba\/vetcentar\/wp-json\/wp\/v2\/comments?post=23"}],"version-history":[{"count":21,"href":"https:\/\/petmark.ba\/vetcentar\/wp-json\/wp\/v2\/pages\/23\/revisions"}],"predecessor-version":[{"id":1975,"href":"https:\/\/petmark.ba\/vetcentar\/wp-json\/wp\/v2\/pages\/23\/revisions\/1975"}],"wp:featuredmedia":[{"embeddable":true,"href":"https:\/\/petmark.ba\/vetcentar\/wp-json\/"}],"wp:attachment":[{"href":"https:\/\/petmark.ba\/vetcentar\/wp-json\/wp\/v2\/media?parent=23"}],"curies":[{"name":"wp","href":"https:\/\/api.w.org\/{rel}","templated":true}]}}